{"id":10265,"date":"2024-09-21T18:09:29","date_gmt":"2024-09-21T16:09:29","guid":{"rendered":"https:\/\/autoescuela.marioadrados.com\/?page_id=10265"},"modified":"2025-01-02T08:11:02","modified_gmt":"2025-01-02T07:11:02","slug":"mutua-madrilena","status":"publish","type":"page","link":"https:\/\/autoescuelabalmaseda.com\/es\/mutua-madrilena\/","title":{"rendered":"Mutua Madrile\u00f1a"},"content":{"rendered":"\t\t<div data-elementor-type=\"wp-page\" data-elementor-id=\"10265\" class=\"elementor elementor-10265\">\n\t\t\t\t<div class=\"elementor-element elementor-element-3cf3284 e-flex e-con-boxed e-con e-parent\" data-id=\"3cf3284\" data-element_type=\"container\">\n\t\t\t\t\t<div class=\"e-con-inner\">\n\t\t\t\t<div class=\"elementor-element elementor-element-ac1364a elementor-widget elementor-widget-image\" data-id=\"ac1364a\" data-element_type=\"widget\" data-widget_type=\"image.default\">\n\t\t\t\t<div class=\"elementor-widget-container\">\n\t\t\t\t\t\t\t\t\t\t\t\t\t\t\t<img fetchpriority=\"high\" decoding=\"async\" width=\"640\" height=\"224\" src=\"https:\/\/autoescuelabalmaseda.com\/es\/wp-content\/uploads\/2024\/12\/Mutua_Madrilena_logo-768x269.png\" class=\"attachment-medium_large size-medium_large wp-image-11124\" alt=\"\" srcset=\"https:\/\/autoescuelabalmaseda.com\/es\/wp-content\/uploads\/2024\/12\/Mutua_Madrilena_logo-768x269.png 768w, https:\/\/autoescuelabalmaseda.com\/es\/wp-content\/uploads\/2024\/12\/Mutua_Madrilena_logo-300x105.png 300w, https:\/\/autoescuelabalmaseda.com\/es\/wp-content\/uploads\/2024\/12\/Mutua_Madrilena_logo-1024x358.png 1024w, https:\/\/autoescuelabalmaseda.com\/es\/wp-content\/uploads\/2024\/12\/Mutua_Madrilena_logo-200x70.png 200w, https:\/\/autoescuelabalmaseda.com\/es\/wp-content\/uploads\/2024\/12\/Mutua_Madrilena_logo-570x200.png 570w, https:\/\/autoescuelabalmaseda.com\/es\/wp-content\/uploads\/2024\/12\/Mutua_Madrilena_logo.png 1200w\" sizes=\"(max-width: 640px) 100vw, 640px\" \/>\t\t\t\t\t\t\t\t\t\t\t\t\t\t\t<\/div>\n\t\t\t\t<\/div>\n\t\t\t\t<div class=\"elementor-element elementor-element-fecc4b0 elementor-widget elementor-widget-spacer\" data-id=\"fecc4b0\" data-element_type=\"widget\" data-widget_type=\"spacer.default\">\n\t\t\t\t<div class=\"elementor-widget-container\">\n\t\t\t\t\t\t\t<div class=\"elementor-spacer\">\n\t\t\t<div class=\"elementor-spacer-inner\"><\/div>\n\t\t<\/div>\n\t\t\t\t\t\t<\/div>\n\t\t\t\t<\/div>\n\t\t\t\t<div class=\"elementor-element elementor-element-feafafc mutua-texto elementor-widget elementor-widget-text-editor\" data-id=\"feafafc\" data-element_type=\"widget\" data-widget_type=\"text-editor.default\">\n\t\t\t\t<div class=\"elementor-widget-container\">\n\t\t\t\t\t\t\t\t\t<h2><span style=\"font-weight: 400;\">\u00a1Oferta Exclusiva para Clientes de Mutua Madrile\u00f1a!\u00a0<\/span><\/h2><p><span style=\"font-weight: 400;\">En\u00a0<\/span><b>Autoescuela Balmaseda<\/b><span style=\"font-weight: 400;\">, queremos que dar el paso hacia tu carnet de conducir sea f\u00e1cil, econ\u00f3mico y de calidad. Por eso, si eres cliente de\u00a0<\/span><b>Mutua Madrile\u00f1a<\/b><span style=\"font-weight: 400;\">, \u00a1tenemos una oferta exclusiva para ti!<\/span><\/p><p><span style=\"font-weight: 400;\">\u00bfQu\u00e9 incluye la oferta?<\/span><\/p><p><span style=\"font-weight: 400;\">\u00a0<\/span><b>Descuento especial en tu curso de formaci\u00f3n vial<\/b><span style=\"font-weight: 400;\"><br \/><\/span><span style=\"font-weight: 400;\">\u00a0Acceso a nuestras modernas instalaciones en varios centros de Madrid<\/span><span style=\"font-weight: 400;\"><br \/><\/span><span style=\"font-weight: 400;\">\u00a0Clases te\u00f3ricas y pr\u00e1cticas con profesores altamente cualificados<\/span><span style=\"font-weight: 400;\"><br \/><\/span><span style=\"font-weight: 400;\">\u00a0Material did\u00e1ctico actualizado y plataformas online para estudiar a tu ritmo<\/span><\/p><p><span style=\"font-weight: 400;\">\u00bfPor qu\u00e9 elegir Autoescuela Balmaseda?<\/span><\/p><ol><li style=\"font-weight: 400;\" aria-level=\"1\"><b>M\u00e1s de 10 a\u00f1os de experiencia<\/b><span style=\"font-weight: 400;\">\u00a0formando conductores seguros y responsables.<\/span><\/li><li style=\"font-weight: 400;\" aria-level=\"1\"><b>Tasa de aprobados superior al promedio<\/b><span style=\"font-weight: 400;\">\u00a0gracias a nuestra metodolog\u00eda personalizada.<\/span><\/li><li style=\"font-weight: 400;\" aria-level=\"1\"><b>Flexibilidad horaria<\/b><span style=\"font-weight: 400;\">, adaptada a tus necesidades.<\/span><\/li><\/ol><p><span style=\"font-weight: 400;\">Ya sea que est\u00e9s comenzando desde cero o necesites perfeccionar tus habilidades al volante, en Autoescuela Balmaseda te ayudamos a conseguir tu carnet de forma eficiente y asequible.<\/span><\/p><p><span style=\"font-weight: 400;\">\u00a0<\/span><b>\u00bfC\u00f3mo aprovechar esta oferta?<\/b><\/p><ol><li style=\"font-weight: 400;\" aria-level=\"1\"><b>Verifica tu condici\u00f3n de cliente de Mutua Madrile\u00f1a.<\/b><\/li><li style=\"font-weight: 400;\" aria-level=\"1\"><span style=\"font-weight: 400;\">Cont\u00e1ctanos para solicitar informaci\u00f3n o reserva:<\/span><ul><li style=\"font-weight: 400;\" aria-level=\"2\"><span style=\"font-weight: 400;\">\u00a0<\/span><b>Tel\u00e9fono:<\/b><span style=\"font-weight: 400;\">\u00a091 795 99 89\u00a0<\/span><\/li><li style=\"font-weight: 400;\" aria-level=\"2\"><span style=\"font-weight: 400;\">\u00a0<\/span><b>Email:<\/b> <a href=\"mailto:mutua@autoescuelabalmaseda.com\"><span style=\"font-weight: 400;\">mutua@autoescuelabalmaseda.com<\/span><\/a><span style=\"font-weight: 400;\">\u00a0\u00a0<\/span><\/li><\/ul><\/li><li style=\"font-weight: 400;\" aria-level=\"1\"><span style=\"font-weight: 400;\">Vis\u00edtanos en cualquiera de nuestros centros en Madrid.<\/span><\/li><\/ol><p><span style=\"font-weight: 400;\">\u00a0<\/span><b>\u00a1Conduce hacia el futuro con Autoescuela Balmaseda!<\/b><span style=\"font-weight: 400;\">\u00a0Aprovecha esta oportunidad y \u00fanete a los cientos de conductores que conf\u00edan en nosotros cada a\u00f1o.<\/span><\/p><p><b>Autoescuela Balmaseda<\/b><span style=\"font-weight: 400;\">\u00a0\u2013 Tu mejor aliado para aprender a conducir.<\/span><\/p><p><b>PERMISO B MANUAL-159\u20ac<\/b><\/p><p><span style=\"font-weight: 400;\">EL PRECIO INCLUYE<\/span><\/p><ul><li style=\"font-weight: 400;\" aria-level=\"1\"><span style=\"font-weight: 400;\">Libro<\/span><\/li><li style=\"font-weight: 400;\" aria-level=\"1\"><span style=\"font-weight: 400;\">Clases te\u00f3ricas ilimitadas: modalidad normal o intensivo<\/span><\/li><li style=\"font-weight: 400;\" aria-level=\"1\"><span style=\"font-weight: 400;\">Claves para hacer test por internet<\/span><\/li><li style=\"font-weight: 400;\" aria-level=\"1\"><span style=\"font-weight: 400;\">Certificado m\u00e9dico psicot\u00e9cnico en centros asociados<\/span><\/li><li style=\"font-weight: 400;\" aria-level=\"1\"><span style=\"font-weight: 400;\">8 clases pr\u00e1cticas de 45 minutos (descuento en las clases sucesivas)<\/span><\/li><li style=\"font-weight: 400;\" aria-level=\"1\"><span style=\"font-weight: 400;\">IVA Incluido (Tasas no incluidas)<\/span><\/li><\/ul><h2>\u00a0<\/h2><p><b>PERMISO A1-A2 MANUAL-99\u20ac<\/b><\/p><p><span style=\"font-weight: 400;\">EL PRECIO INCLUYE<\/span><\/p><ul><li style=\"font-weight: 400;\" aria-level=\"1\"><span style=\"font-weight: 400;\">Libros (te\u00f3rico com\u00fan y\/o te\u00f3rico espec\u00edfico)<\/span><\/li><li style=\"font-weight: 400;\" aria-level=\"1\"><span style=\"font-weight: 400;\">Clases te\u00f3ricas ilimitadas para el te\u00f3rico com\u00fan: modalidad normal o intensivo<\/span><\/li><li style=\"font-weight: 400;\" aria-level=\"1\"><span style=\"font-weight: 400;\">Claves para hacer test por internet<\/span><\/li><li style=\"font-weight: 400;\" aria-level=\"1\"><span style=\"font-weight: 400;\">Certificado m\u00e9dico psicot\u00e9cnico en centros asociados<\/span><\/li><li style=\"font-weight: 400;\" aria-level=\"1\"><span style=\"font-weight: 400;\">5 clases pr\u00e1cticas en circuito cerrado de 30 minutos<\/span><\/li><li style=\"font-weight: 400;\" aria-level=\"1\"><span style=\"font-weight: 400;\">1 clase pr\u00e1ctica en v\u00edas abiertas al tr\u00e1fico de 30 minutos<\/span><\/li><li style=\"font-weight: 400;\" aria-level=\"1\"><span style=\"font-weight: 400;\">IVA Incluido (Tasas no incluidas)<\/span><\/li><\/ul>\t\t\t\t\t\t\t\t<\/div>\n\t\t\t\t<\/div>\n\t\t\t\t\t<\/div>\n\t\t\t\t<\/div>\n\t\t<div class=\"elementor-element elementor-element-8dc7bae e-flex e-con-boxed e-con e-parent\" data-id=\"8dc7bae\" data-element_type=\"container\">\n\t\t\t\t\t<div class=\"e-con-inner\">\n\t\t\t\t<div class=\"elementor-element elementor-element-a8d9dd9 elementor-widget elementor-widget-html\" data-id=\"a8d9dd9\" data-element_type=\"widget\" data-widget_type=\"html.default\">\n\t\t\t\t<div class=\"elementor-widget-container\">\n\t\t\t\t\t<style>\n    .mutua-texto ul {\n    margin: 0 35px;\n    padding: 0 10px !important;\n}\n.mutua-texto ul li {\n    list-style: disc;\n}\n<\/style>\t\t\t\t<\/div>\n\t\t\t\t<\/div>\n\t\t\t\t\t<\/div>\n\t\t\t\t<\/div>\n\t\t\t\t<\/div>\n\t\t","protected":false},"excerpt":{"rendered":"<p>\u00a1Oferta Exclusiva para Clientes de Mutua Madrile\u00f1a!\u00a0 En\u00a0Autoescuela Balmaseda, queremos que dar el paso hacia tu carnet de conducir sea f\u00e1cil, econ\u00f3mico y de calidad. Por eso, si eres cliente de\u00a0Mutua Madrile\u00f1a, \u00a1tenemos una oferta exclusiva para ti! \u00bfQu\u00e9 incluye la oferta? \u00a0Descuento especial en tu curso de formaci\u00f3n vial\u00a0Acceso a nuestras modernas instalaciones en [&hellip;]<\/p>\n","protected":false},"author":1,"featured_media":0,"parent":0,"menu_order":0,"comment_status":"closed","ping_status":"closed","template":"","meta":{"_acf_changed":false,"footnotes":""},"class_list":["post-10265","page","type-page","status-publish","hentry"],"acf":[],"_links":{"self":[{"href":"https:\/\/autoescuelabalmaseda.com\/es\/wp-json\/wp\/v2\/pages\/10265","targetHints":{"allow":["GET"]}}],"collection":[{"href":"https:\/\/autoescuelabalmaseda.com\/es\/wp-json\/wp\/v2\/pages"}],"about":[{"href":"https:\/\/autoescuelabalmaseda.com\/es\/wp-json\/wp\/v2\/types\/page"}],"author":[{"embeddable":true,"href":"https:\/\/autoescuelabalmaseda.com\/es\/wp-json\/wp\/v2\/users\/1"}],"replies":[{"embeddable":true,"href":"https:\/\/autoescuelabalmaseda.com\/es\/wp-json\/wp\/v2\/comments?post=10265"}],"version-history":[{"count":24,"href":"https:\/\/autoescuelabalmaseda.com\/es\/wp-json\/wp\/v2\/pages\/10265\/revisions"}],"predecessor-version":[{"id":11198,"href":"https:\/\/autoescuelabalmaseda.com\/es\/wp-json\/wp\/v2\/pages\/10265\/revisions\/11198"}],"wp:attachment":[{"href":"https:\/\/autoescuelabalmaseda.com\/es\/wp-json\/wp\/v2\/media?parent=10265"}],"curies":[{"name":"wp","href":"https:\/\/api.w.org\/{rel}","templated":true}]}}