{"id":10270,"date":"2024-09-21T18:11:25","date_gmt":"2024-09-21T16:11:25","guid":{"rendered":"https:\/\/autoescuela.marioadrados.com\/?page_id=10270"},"modified":"2025-01-15T21:27:11","modified_gmt":"2025-01-15T20:27:11","slug":"amazon","status":"publish","type":"page","link":"https:\/\/autoescuelabalmaseda.com\/es\/amazon\/","title":{"rendered":"Programa Amazon Career Choice en Autoescuela Balmaseda"},"content":{"rendered":"\t\t<div data-elementor-type=\"wp-page\" data-elementor-id=\"10270\" class=\"elementor elementor-10270\">\n\t\t\t\t<div class=\"elementor-element elementor-element-f603f61 e-flex e-con-boxed e-con e-parent\" data-id=\"f603f61\" data-element_type=\"container\">\n\t\t\t\t\t<div class=\"e-con-inner\">\n\t\t\t\t<div class=\"elementor-element elementor-element-5368e0d elementor-widget elementor-widget-text-editor\" data-id=\"5368e0d\" data-element_type=\"widget\" data-widget_type=\"text-editor.default\">\n\t\t\t\t<div class=\"elementor-widget-container\">\n\t\t\t\t\t\t\t\t\t<p>\u00a1Avanza en tu carrera con la ayuda de Amazon y Autoescuela Balmaseda!\u00a0<\/p><p>Amazon Career Choice es un programa dise\u00f1ado para ayudar a sus empleados a desarrollar nuevas habilidades profesionales a trav\u00e9s de la educaci\u00f3n y la formaci\u00f3n. El programa que ofrece Career Choice es un programa completo para que los trabajadores de Amazon puedan llegar a ser conductores de cami\u00f3n y tr\u00e1iler, en concreto el programa es C\/C+E y CAP mercanc\u00edas.<\/p><p>En Autoescuela Balmaseda estamos orgullosos de ser parte de este programa y ofrecer cursos y programas adaptados a tus necesidades<\/p>\t\t\t\t\t\t\t\t<\/div>\n\t\t\t\t<\/div>\n\t\t\t\t\t<\/div>\n\t\t\t\t<\/div>\n\t\t<div class=\"elementor-element elementor-element-6505663 e-flex e-con-boxed e-con e-parent\" data-id=\"6505663\" data-element_type=\"container\">\n\t\t\t\t\t<div class=\"e-con-inner\">\n\t\t\t\t<div class=\"elementor-element elementor-element-b5cc992 elementor-widget elementor-widget-image\" data-id=\"b5cc992\" data-element_type=\"widget\" data-widget_type=\"image.default\">\n\t\t\t\t<div class=\"elementor-widget-container\">\n\t\t\t\t\t\t\t\t\t\t\t\t\t\t\t<img fetchpriority=\"high\" decoding=\"async\" width=\"640\" height=\"154\" src=\"https:\/\/autoescuelabalmaseda.com\/es\/wp-content\/uploads\/2024\/10\/Amazon-Career-Choice-Logo-Blue.png\" class=\"attachment-large size-large wp-image-10553\" alt=\"Amazon Career Choice Logo Blue\" srcset=\"https:\/\/autoescuelabalmaseda.com\/es\/wp-content\/uploads\/2024\/10\/Amazon-Career-Choice-Logo-Blue.png 941w, https:\/\/autoescuelabalmaseda.com\/es\/wp-content\/uploads\/2024\/10\/Amazon-Career-Choice-Logo-Blue-300x72.png 300w, https:\/\/autoescuelabalmaseda.com\/es\/wp-content\/uploads\/2024\/10\/Amazon-Career-Choice-Logo-Blue-768x185.png 768w, https:\/\/autoescuelabalmaseda.com\/es\/wp-content\/uploads\/2024\/10\/Amazon-Career-Choice-Logo-Blue-200x48.png 200w, https:\/\/autoescuelabalmaseda.com\/es\/wp-content\/uploads\/2024\/10\/Amazon-Career-Choice-Logo-Blue-570x138.png 570w\" sizes=\"(max-width: 640px) 100vw, 640px\" \/>\t\t\t\t\t\t\t\t\t\t\t\t\t\t\t<\/div>\n\t\t\t\t<\/div>\n\t\t\t\t\t<\/div>\n\t\t\t\t<\/div>\n\t\t<div class=\"elementor-element elementor-element-a6c5686 e-flex e-con-boxed e-con e-parent\" data-id=\"a6c5686\" data-element_type=\"container\">\n\t\t\t\t\t<div class=\"e-con-inner\">\n\t\t\t\t<div class=\"elementor-element elementor-element-61592c8 elementor-widget elementor-widget-spacer\" data-id=\"61592c8\" data-element_type=\"widget\" data-widget_type=\"spacer.default\">\n\t\t\t\t<div class=\"elementor-widget-container\">\n\t\t\t\t\t\t\t<div class=\"elementor-spacer\">\n\t\t\t<div class=\"elementor-spacer-inner\"><\/div>\n\t\t<\/div>\n\t\t\t\t\t\t<\/div>\n\t\t\t\t<\/div>\n\t\t\t\t\t<\/div>\n\t\t\t\t<\/div>\n\t\t<div class=\"elementor-element elementor-element-aa86c7a e-flex e-con-boxed e-con e-parent\" data-id=\"aa86c7a\" data-element_type=\"container\">\n\t\t\t\t\t<div class=\"e-con-inner\">\n\t\t\t\t<div class=\"elementor-element elementor-element-c2db190 elementor-widget elementor-widget-text-editor\" data-id=\"c2db190\" data-element_type=\"widget\" data-widget_type=\"text-editor.default\">\n\t\t\t\t<div class=\"elementor-widget-container\">\n\t\t\t\t\t\t\t\t\t<h2><b>\u00bfEn qu\u00e9 consiste el Programa Amazon Career Choice?<\/b><\/h2><p><b>El trabajador tiene que coger el programa completo, es decir:<\/b><\/p><p><b>\u2705 Obtenci\u00f3n permiso C: <\/b><span style=\"font-weight: 400;\">Para obtener el permiso C (cami\u00f3n) el alumno tiene que superar 3 ex\u00e1menes: te\u00f3rico, maniobras en circuito cerrado y circulaci\u00f3n.<\/span><\/p><p><iframe title=\"YouTube video player\" src=\"https:\/\/www.youtube.com\/embed\/B9attG2Du5A?si=c_KMvDxAzfNQSyS9\" width=\"100%\" height=\"550\" frameborder=\"0\" allowfullscreen=\"allowfullscreen\"><\/iframe><\/p><p><b>\u2705 Obtenci\u00f3n permiso C+E <\/b><span style=\"font-weight: 400;\">(tr\u00e1iler): El alumno debe tener previamente el permiso C y tendr\u00e1 que superar 3 ex\u00e1menes: te\u00f3rico, maniobras en circuito cerrado y circulaci\u00f3n.<\/span><\/p><p>\u00a0<br \/><iframe title=\"YouTube video player\" src=\"https:\/\/www.youtube.com\/embed\/_mFNItbu-sw?si=JS8f3_U2AQmuiCDa\" width=\"100%\" height=\"650\" frameborder=\"0\" allowfullscreen=\"allowfullscreen\"><\/iframe><\/p><p><b>\u2705 Obtenci\u00f3n CAP <\/b><span style=\"font-weight: 400;\">(mercanc\u00edas): <\/span><span style=\"font-weight: 400;\">El alumno tendr\u00e1 que realizar el curso de 140 horas (130 horas te\u00f3ricas y 10 horas de conducci\u00f3n) y superar un examen te\u00f3rico.<\/span><b>\u00a0<\/b><\/p><p><span style=\"font-weight: 400;\">Te recomendamos realizar el CAP al mismo tiempo que est\u00e9s realizando la obtenci\u00f3n del permiso (C o C+E), para aprovechar las horas de conducci\u00f3n obligatorias como mayor formaci\u00f3n cara a los ex\u00e1menes pr\u00e1cticos.<\/span><\/p><h2><b>\u00a1Te ayudamos en el proceso! <\/b><\/h2><p><b>1- Inscr\u00edbete en nuestro centro<\/b><span style=\"font-weight: 400;\"> Revisa nuestros programas disponibles e inscr\u00edbete en nuestro formulario para ponerte en contacto con nosotros.<\/span><\/p><p><b>2- Solicita el Pago de Amazon Career Choice<\/b><\/p><ul><li style=\"font-weight: 400;\" aria-level=\"2\"><span style=\"font-weight: 400;\">Accede a la <\/span><a href=\"https:\/\/www.amazoncareerchoice.com\/\"><span style=\"font-weight: 400; color: #d12a43 !important;\">p\u00e1gina del programa Amazon Career Choice<\/span><\/a><span style=\"font-weight: 400;\"> y selecciona nuestro centro educativo.<\/span><\/li><li style=\"font-weight: 400;\" aria-level=\"2\"><span style=\"font-weight: 400;\">Completa y env\u00eda la solicitud de pago.<\/span><\/li><li style=\"font-weight: 400;\" aria-level=\"2\"><span style=\"font-weight: 400;\">Tu solicitud ser\u00e1 revisada por nuestro centro educativo, donde confirmaremos los detalles del curso y aprobaremos la solicitud.<\/span><\/li><li style=\"font-weight: 400;\" aria-level=\"2\"><span style=\"font-weight: 400;\">Una vez aprobada, Amazon pagar\u00e1 directamente a Autoescuela Balmaseda por tu formaci\u00f3n.<\/span><\/li><\/ul><p><b><br \/><\/b><span style=\"font-weight: 400;\">Gracias a Amazon Career Choice, los empleados de Amazon pueden acceder a nuestros programas<\/span> <span style=\"font-weight: 400;\">sin<\/span><span style=\"font-weight: 400;\"> preocuparse por los costos, ya que Amazon se encarga de realizar el pago directamente. Adem\u00e1s, en Autoescuela Balmaseda ofrecemos descuentos adicionales y recursos gratuitos como asesor\u00edas, tutor\u00edas y acceso a materiales de estudio.<\/span><\/p><p>\u00bfTienes dudas?<\/p><p>\n<div class=\"wpcf7 no-js\" id=\"wpcf7-f4230-o1\" lang=\"es-ES\" dir=\"ltr\" data-wpcf7-id=\"4230\">\n<div class=\"screen-reader-response\"><p role=\"status\" aria-live=\"polite\" aria-atomic=\"true\"><\/p> <ul><\/ul><\/div>\n<form action=\"\/es\/wp-json\/wp\/v2\/pages\/10270#wpcf7-f4230-o1\" method=\"post\" class=\"wpcf7-form init\" aria-label=\"Formulario de contacto\" novalidate=\"novalidate\" data-status=\"init\">\n<div style=\"display: none;\">\n<input type=\"hidden\" name=\"_wpcf7\" value=\"4230\" \/>\n<input type=\"hidden\" name=\"_wpcf7_version\" value=\"6.0.3\" \/>\n<input type=\"hidden\" name=\"_wpcf7_locale\" value=\"es_ES\" \/>\n<input type=\"hidden\" name=\"_wpcf7_unit_tag\" value=\"wpcf7-f4230-o1\" \/>\n<input type=\"hidden\" name=\"_wpcf7_container_post\" value=\"0\" \/>\n<input type=\"hidden\" name=\"_wpcf7_posted_data_hash\" value=\"\" \/>\n<input type=\"hidden\" name=\"_wpcf7_recaptcha_response\" value=\"\" \/>\n<\/div>\n<div  class=\"infoCentrosSelector\"><div  style=\"float:left; width:100%; margin-right:10px;\"><br \/><strong>\u00bfComo quieres que contactemos contigo?<\/strong>\n    <span class=\"wpcf7-form-control-wrap\" data-name=\"radio-739\"><span class=\"wpcf7-form-control wpcf7-radio\"><span class=\"wpcf7-list-item first\"><label><input type=\"radio\" name=\"radio-739\" value=\"Whatsapp(Recomendado)\" checked=\"checked\" \/><span class=\"wpcf7-list-item-label\">Whatsapp(Recomendado)<\/span><\/label><\/span><span class=\"wpcf7-list-item\"><label><input type=\"radio\" name=\"radio-739\" value=\"Tel\u00e9fono\" \/><span class=\"wpcf7-list-item-label\">Tel\u00e9fono<\/span><\/label><\/span><span class=\"wpcf7-list-item last\"><label><input type=\"radio\" name=\"radio-739\" value=\"Correo Electr\u00f3nico\" \/><span class=\"wpcf7-list-item-label\">Correo Electr\u00f3nico<\/span><\/label><\/span><\/span><\/span><br \/> <\/div><\/div>\n<p>O escr\u00edbenos a nuestro email <a href=\"mailto:alumnos@autoescuelabalmaseda.com\" target=\"_blank\">alumnos@autoescuelabalmaseda.com<\/a><\/p>\n<div  class=\"infoCentros\"><div style=\"float:left; width:250px; margin-right:10px;\"><strong>Tu nombre<span style=\"color:#FF0000;\">*<\/span><br \/>\n    <span class=\"wpcf7-form-control-wrap\" data-name=\"your-name\"><input size=\"40\" maxlength=\"400\" class=\"wpcf7-form-control wpcf7-text wpcf7-validates-as-required\" aria-required=\"true\" aria-invalid=\"false\" value=\"\" type=\"text\" name=\"your-name\" \/><\/span> <\/strong><\/div>\n\n<div style=\"float:left; width:250px; \"><strong>Tu email<span style=\"color:#FF0000;style=\"width:100%\"\">*<\/span><br \/>\n    <span class=\"wpcf7-form-control-wrap\" data-name=\"your-email\"><input size=\"40\" maxlength=\"400\" class=\"wpcf7-form-control wpcf7-email wpcf7-validates-as-required wpcf7-text wpcf7-validates-as-email\" aria-required=\"true\" aria-invalid=\"false\" value=\"\" type=\"email\" name=\"your-email\" \/><\/span> <\/strong><\/div>\n\n<div style=\"clear:both;\"><\/div>\n\n<div style=\"float:left; width:250px; margin-right:10px;\"><strong>Tu tel\u00e9fono<span style=\"color:#FF0000;style=\"width:100%\"\"><\/span><br \/>\n    <span class=\"wpcf7-form-control-wrap\" data-name=\"your-phone\"><input size=\"40\" maxlength=\"400\" class=\"wpcf7-form-control wpcf7-text\" aria-invalid=\"false\" value=\"\" type=\"text\" name=\"your-phone\" \/><\/span> <\/strong><\/div>\n\n<div style=\"float:left; width:250px; \"><strong>Asunto<span style=\"color:#FF0000;style=\"width:100%\"\"><\/span><br \/>\n    <span class=\"wpcf7-form-control-wrap\" data-name=\"your-subject\"><input size=\"40\" maxlength=\"400\" class=\"wpcf7-form-control wpcf7-text\" aria-invalid=\"false\" value=\"\" type=\"text\" name=\"your-subject\" \/><\/span> <\/strong><\/div>\n\n<div style=\"clear:both;\"><\/div>\n\n<strong>Tus dudas<br \/>\n    <span class=\"wpcf7-form-control-wrap\" data-name=\"your-message\"><textarea cols=\"40\" rows=\"10\" maxlength=\"2000\" class=\"wpcf7-form-control wpcf7-textarea\" aria-invalid=\"false\" name=\"your-message\"><\/textarea><\/span> <\/strong>\n\n<p><span class=\"wpcf7-form-control-wrap\" data-name=\"acceptance-576\"><span class=\"wpcf7-form-control wpcf7-acceptance\"><span class=\"wpcf7-list-item\"><input type=\"checkbox\" name=\"acceptance-576\" value=\"1\" aria-invalid=\"false\" \/><\/span><\/span><\/span> He le\u00eddo y acepto <a style=\"color:#d12a43;\" href=\"https:\/\/autoescuelabalmaseda.com\/es\/privacidad\/\" target=\"blank\"\/>Pol\u00edtica de privacidad<\/a>\n<\/p>\n\n<p><button type=\"submit\" class=\"drivschol-btn drivschol-btn--base\"><span>ENVIAR<\/span><\/button><\/p>\n<\/div>\n<style>\n.infoCentrosSelector .wpcf7-list-item {\n    display: block;\n    margin: 0 0 0 1em;\n}\n<\/style><div class=\"wpcf7-response-output\" aria-hidden=\"true\"><\/div>\n<\/form>\n<\/div>\n<\/p><p><strong>\u00a1Impulsa tu carrera profesional!<\/strong><\/p>\t\t\t\t\t\t\t\t<\/div>\n\t\t\t\t<\/div>\n\t\t\t\t\t<\/div>\n\t\t\t\t<\/div>\n\t\t\t\t<\/div>\n\t\t","protected":false},"excerpt":{"rendered":"<p>\u00a1Avanza en tu carrera con la ayuda de Amazon y Autoescuela Balmaseda!\u00a0 Amazon Career Choice es un programa dise\u00f1ado para ayudar a sus empleados a desarrollar nuevas habilidades profesionales a trav\u00e9s de la educaci\u00f3n y la formaci\u00f3n. El programa que ofrece Career Choice es un programa completo para que los trabajadores de Amazon puedan llegar [&hellip;]<\/p>\n","protected":false},"author":1,"featured_media":0,"parent":0,"menu_order":0,"comment_status":"closed","ping_status":"closed","template":"","meta":{"_acf_changed":false,"footnotes":""},"class_list":["post-10270","page","type-page","status-publish","hentry"],"acf":[],"_links":{"self":[{"href":"https:\/\/autoescuelabalmaseda.com\/es\/wp-json\/wp\/v2\/pages\/10270","targetHints":{"allow":["GET"]}}],"collection":[{"href":"https:\/\/autoescuelabalmaseda.com\/es\/wp-json\/wp\/v2\/pages"}],"about":[{"href":"https:\/\/autoescuelabalmaseda.com\/es\/wp-json\/wp\/v2\/types\/page"}],"author":[{"embeddable":true,"href":"https:\/\/autoescuelabalmaseda.com\/es\/wp-json\/wp\/v2\/users\/1"}],"replies":[{"embeddable":true,"href":"https:\/\/autoescuelabalmaseda.com\/es\/wp-json\/wp\/v2\/comments?post=10270"}],"version-history":[{"count":57,"href":"https:\/\/autoescuelabalmaseda.com\/es\/wp-json\/wp\/v2\/pages\/10270\/revisions"}],"predecessor-version":[{"id":11838,"href":"https:\/\/autoescuelabalmaseda.com\/es\/wp-json\/wp\/v2\/pages\/10270\/revisions\/11838"}],"wp:attachment":[{"href":"https:\/\/autoescuelabalmaseda.com\/es\/wp-json\/wp\/v2\/media?parent=10270"}],"curies":[{"name":"wp","href":"https:\/\/api.w.org\/{rel}","templated":true}]}}