{"id":11099,"date":"2024-11-27T20:38:19","date_gmt":"2024-11-27T19:38:19","guid":{"rendered":"https:\/\/nueva.autoescuelabalmaseda.com\/es\/?page_id=11099"},"modified":"2025-05-22T19:25:10","modified_gmt":"2025-05-22T17:25:10","slug":"simulador-parque-movil","status":"publish","type":"page","link":"https:\/\/autoescuelabalmaseda.com\/es\/simulador-parque-movil\/","title":{"rendered":"Simulador de conducci\u00f3n"},"content":{"rendered":"\t\t<div data-elementor-type=\"wp-page\" data-elementor-id=\"11099\" class=\"elementor elementor-11099\">\n\t\t\t\t<div class=\"elementor-element elementor-element-316a8764 e-flex e-con-boxed e-con e-parent\" data-id=\"316a8764\" data-element_type=\"container\">\n\t\t\t\t\t<div class=\"e-con-inner\">\n\t\t\t\t<div class=\"elementor-element elementor-element-137554ae elementor-widget elementor-widget-text-editor\" data-id=\"137554ae\" data-element_type=\"widget\" data-widget_type=\"text-editor.default\">\n\t\t\t\t<div class=\"elementor-widget-container\">\n\t\t\t\t\t\t\t\t\t<h2>\u00a1Elige c\u00f3mo quieres tus clases! \u00a1Estamos en Madrid!<\/h2><h2>\u00a1Sin matricula!<\/h2><div class=\"elementor-widget-container bloque\"><h3>SIMULADOR PARA PARTICULARES<\/h3><p><!-- Course Details Topbar One Start --><\/p><div class=\"precio2 course-details-one__inner wow fadeInUp animated\" style=\"visibility: hidden; animation-delay: 300ms; animation-name: none;\" data-wow-delay=\"300ms\"><div class=\"course-details-one__inner__top\"><div class=\"course-details-one__inner__top__left\"><div class=\"course-details-one__inner__top__left__author\">\u00a0<\/div><div class=\"course-details-one__inner__top__left__content\"><h5 class=\"course-details-one__inner__top__left__content__name\">\u00a0<\/h5><p class=\"course-details-one__inner__top__left__content__designation\">\u00a0<\/p><\/div><\/div><div class=\"course-details-one__inner__top__right\"><div class=\"course-details-one__inner__top__right__bye\"><div class=\"course-details-one__inner__top__right__bye__price\" style=\"color: white;\">18\u20ac CLASE SUELTA<\/div><p><!-- \/.course-details-one__inner__top__right__bye__price --><\/p><\/div><p><!-- \/.course-details-one__inner__top__right__price --><\/p><div class=\"course-details-one__inner__top__right__link\"><a class=\"course-details-one__inner__top__right__btn drivschol-btn\" href=\"\/es\/carrito\/?add-to-cart=12058\"><br \/>QUIERO MI CLASE <\/a><\/div><p><!-- \/.course-details-one__inner__top__right__btn --><\/p><\/div><p><!-- \/.course-details-one__inner__top__right --><\/p><\/div><p><!-- \/.course-details-one__inner__top --><\/p><\/div><div class=\"precio1 course-details-one__inner wow fadeInUp animated\" style=\"visibility: hidden; animation-delay: 300ms; animation-name: none;\" data-wow-delay=\"300ms\"><div class=\"course-details-one__inner__top\"><div class=\"course-details-one__inner__top__left\"><div class=\"course-details-one__inner__top__left__author\">\u00a0<\/div><div class=\"course-details-one__inner__top__left__content\"><h5 class=\"course-details-one__inner__top__left__content__name\">\u00a0<\/h5><p class=\"course-details-one__inner__top__left__content__designation\">\u00a0<\/p><\/div><\/div><div class=\"course-details-one__inner__top__right\"><div class=\"course-details-one__inner__top__right__bye\"><div class=\"course-details-one__inner__top__right__bye__price\" style=\"color: white;\">160\u20ac BONO 10 CLASES<\/div><p><!-- \/.course-details-one__inner__top__right__bye__price --><\/p><\/div><p><!-- \/.course-details-one__inner__top__right__price --><\/p><div class=\"course-details-one__inner__top__right__link\"><a class=\"course-details-one__inner__top__right__btn drivschol-btn\" href=\"\/es\/carrito\/?add-to-cart=12059\"><br \/>QUIERO MI BONO <\/a><\/div><p><!-- \/.course-details-one__inner__top__right__btn --><\/p><\/div><p><!-- \/.course-details-one__inner__top__right --><\/p><\/div><p><!-- \/.course-details-one__inner__top --><\/p><\/div><p><!-- \/.course-details-one__inner --><br \/><!-- Course Details Topbar One End --><\/p><\/div><div class=\"elementor-widget-container bloque\"><h3>SIMULADOR PARA OPOSITORES<\/h3><p><!-- Course Details Topbar One Start --><\/p><div class=\"precio2 course-details-one__inner wow fadeInUp animated\" style=\"visibility: hidden; animation-delay: 300ms; animation-name: none;\" data-wow-delay=\"300ms\"><div class=\"course-details-one__inner__top\"><div class=\"course-details-one__inner__top__left\"><div class=\"course-details-one__inner__top__left__author\">\u00a0<\/div><div class=\"course-details-one__inner__top__left__content\"><h5 class=\"course-details-one__inner__top__left__content__name\">\u00a0<\/h5><p class=\"course-details-one__inner__top__left__content__designation\">\u00a0<\/p><\/div><\/div><div class=\"course-details-one__inner__top__right\"><div class=\"course-details-one__inner__top__right__bye\"><div class=\"course-details-one__inner__top__right__bye__price\" style=\"color: white;\">27\u20ac CLASE SUELTA<\/div><p><!-- \/.course-details-one__inner__top__right__bye__price --><\/p><\/div><p><!-- \/.course-details-one__inner__top__right__price --><\/p><div class=\"course-details-one__inner__top__right__link\"><a class=\"course-details-one__inner__top__right__btn drivschol-btn\" href=\"\/es\/carrito\/?add-to-cart=11297\"><br \/>QUIERO MI CLASE <\/a><\/div><p><!-- \/.course-details-one__inner__top__right__btn --><\/p><\/div><p><!-- \/.course-details-one__inner__top__right --><\/p><\/div><p><!-- \/.course-details-one__inner__top --><\/p><\/div><div class=\"precio1 course-details-one__inner wow fadeInUp animated\" style=\"visibility: hidden; animation-delay: 300ms; animation-name: none;\" data-wow-delay=\"300ms\"><div class=\"course-details-one__inner__top\"><div class=\"course-details-one__inner__top__left\"><div class=\"course-details-one__inner__top__left__author\">\u00a0<\/div><div class=\"course-details-one__inner__top__left__content\"><h5 class=\"course-details-one__inner__top__left__content__name\">\u00a0<\/h5><p class=\"course-details-one__inner__top__left__content__designation\">\u00a0<\/p><\/div><\/div><div class=\"course-details-one__inner__top__right\"><div class=\"course-details-one__inner__top__right__bye\"><div class=\"course-details-one__inner__top__right__bye__price\" style=\"color: white;\">125\u20ac BONO 5 CLASES<\/div><p><!-- \/.course-details-one__inner__top__right__bye__price --><\/p><\/div><p><!-- \/.course-details-one__inner__top__right__price --><\/p><div class=\"course-details-one__inner__top__right__link\"><a class=\"course-details-one__inner__top__right__btn drivschol-btn\" href=\"\/es\/carrito\/?add-to-cart=11298\"><br \/>QUIERO MI BONO <\/a><\/div><p><!-- \/.course-details-one__inner__top__right__btn --><\/p><\/div><p><!-- \/.course-details-one__inner__top__right --><\/p><\/div><p><!-- \/.course-details-one__inner__top --><\/p><\/div><p><!-- \/.course-details-one__inner --><br \/><!-- Course Details Topbar One End --><\/p><\/div><div style=\"width: 100%;\"><div class=\"video-youtube-simulador\"><iframe title=\"YouTube video player\" src=\"https:\/\/www.youtube.com\/embed\/3u2IpoUHb1o?si=Pg3fJApCe8VS-nPg\" width=\"100\" height=\"650\" frameborder=\"0\" allowfullscreen=\"allowfullscreen\"><\/iframe><\/div><div class=\"video-youtube-simulador\"><iframe title=\"YouTube video player\" src=\"https:\/\/www.youtube.com\/embed\/o9OMvR101dM?si=Pg3fJApCe8VS-nPg\" width=\"100\" height=\"650\" frameborder=\"0\" allowfullscreen=\"allowfullscreen\"><\/iframe><\/div><div>\u00a0<\/div><p><span style=\"font-weight: 400;\">En <strong>Autoescuela Balmaseda, te ofrecemos una experiencia \u00fanica e inmersiva con nuestro simulador de conducci\u00f3n<\/strong>, dise\u00f1ado para introducirte de manera progresiva y segura al mundo del automovilismo <img decoding=\"async\" class=\"emoji\" role=\"img\" draggable=\"false\" src=\"https:\/\/s.w.org\/images\/core\/emoji\/15.0.3\/svg\/1f698.svg\" alt=\"\ud83d\ude98\" \/><img decoding=\"async\" class=\"emoji\" role=\"img\" draggable=\"false\" src=\"https:\/\/s.w.org\/images\/core\/emoji\/15.0.3\/svg\/1f698.svg\" alt=\"\ud83d\ude98\" \/><\/span><\/p><p><span style=\"font-weight: 400;\"> Este innovador sistema simula a la perfecci\u00f3n la interacci\u00f3n con un veh\u00edculo real, permiti\u00e9ndote familiarizarte con el cuadro de mandos y experimentar la conducci\u00f3n en diversos contextos de tr\u00e1fico, incluyendo <strong>conducci\u00f3n nocturna<\/strong> y\u00a0 conducci\u00f3n en <strong>situaciones climatol\u00f3gicas adversas<\/strong> como lluvia, nieve, etc. <img decoding=\"async\" class=\"emoji\" role=\"img\" draggable=\"false\" src=\"https:\/\/s.w.org\/images\/core\/emoji\/15.0.3\/svg\/1f327.svg\" alt=\"\ud83c\udf27\ufe0f\" \/> <img decoding=\"async\" class=\"emoji\" role=\"img\" draggable=\"false\" src=\"https:\/\/s.w.org\/images\/core\/emoji\/15.0.3\/svg\/2744.svg\" alt=\"\u2744\ufe0f\" \/><\/span><\/p><p><img fetchpriority=\"high\" decoding=\"async\" class=\"size-large wp-image-11329 aligncenter\" src=\"https:\/\/autoescuelabalmaseda.com\/es\/wp-content\/uploads\/2024\/12\/simulador-2-768x1024.jpg\" alt=\"Simulador Autoescuela Balmaseda\" width=\"640\" height=\"853\" srcset=\"https:\/\/autoescuelabalmaseda.com\/es\/wp-content\/uploads\/2024\/12\/simulador-2-768x1024.jpg 768w, https:\/\/autoescuelabalmaseda.com\/es\/wp-content\/uploads\/2024\/12\/simulador-2-225x300.jpg 225w, https:\/\/autoescuelabalmaseda.com\/es\/wp-content\/uploads\/2024\/12\/simulador-2-1152x1536.jpg 1152w, https:\/\/autoescuelabalmaseda.com\/es\/wp-content\/uploads\/2024\/12\/simulador-2-200x267.jpg 200w, https:\/\/autoescuelabalmaseda.com\/es\/wp-content\/uploads\/2024\/12\/simulador-2-570x760.jpg 570w, https:\/\/autoescuelabalmaseda.com\/es\/wp-content\/uploads\/2024\/12\/simulador-2.jpg 1200w\" sizes=\"(max-width: 640px) 100vw, 640px\" \/><\/p><p><span style=\"font-weight: 400;\">Nuestro simulador es muy f\u00e1cil de usar y es ideal para quienes deseen adquirir confianza antes de enfrentarse al tr\u00e1fico real.<\/span><\/p><p><span style=\"font-weight: 400;\"> Cada sesi\u00f3n es guiada por un <strong>instructor especializado<\/strong>, quien estar\u00e1 a tu lado para asesorarte y adaptar la ense\u00f1anza a tu ritmo de aprendizaje. <\/span><\/p><p><span style=\"font-weight: 400;\">Este m\u00e9todo no solo reduce el estr\u00e9s inicial, sino que tambi\u00e9n te prepara de forma efectiva para situaciones de conducci\u00f3n complejas, mejorando tus habilidades de conducci\u00f3n y seguridad. <\/span><\/p><p><span style=\"font-weight: 400;\">Adem\u00e1s, puede ser una <strong>herramienta \u00fatil para las personas con amaxofobia<\/strong>, ya que ofrece un entorno seguro y controlado para familiarizarse con la experiencia de conducci\u00f3n sin los riesgos asociados al tr\u00e1fico real. Esto puede ayudar a reducir la ansiedad y a aumentar la confianza gradualmente.<\/span><\/p><h2><b>\u00bfPor Qu\u00e9 Elegir Nuestro Simulador?<\/b><\/h2><ol><li style=\"font-weight: 400;\" aria-level=\"1\"><b>Interfaz realista: <span style=\"font-weight: 400;\">Aprende a manejar en un entorno controlado que replica exactamente un coche real.<\/span><\/b><\/li><li style=\"font-weight: 400;\" aria-level=\"1\"><b>Condiciones Simuladas: <\/b>Practica en situaciones de tr\u00e1fico complejas sin los riesgos asociados a las carreteras y v\u00edas reales.<\/li><li style=\"font-weight: 400;\" aria-level=\"1\"><b>Instrucci\u00f3n Personalizada:<\/b><span style=\"font-weight: 400;\"> Un experto en conducci\u00f3n te guiar\u00e1 en cada paso, asegurando un aprendizaje eficaz y personalizado.<\/span><\/li><li style=\"font-weight: 400;\" aria-level=\"1\"><b>Tecnolog\u00eda Avanzada:<\/b><span style=\"font-weight: 400;\"> Nuestro simulador ofrece una calidad gr\u00e1fica y una respuesta f\u00edsica (vibraci\u00f3n, aceleraci\u00f3n) que te har\u00e1n sentir como en la carretera. <\/span><b>\u00daltimo modelo en el mercado de simuladores de conducci\u00f3n <img decoding=\"async\" class=\"emoji\" role=\"img\" draggable=\"false\" src=\"https:\/\/s.w.org\/images\/core\/emoji\/15.0.3\/svg\/1f51d.svg\" alt=\"\ud83d\udd1d\" \/><img decoding=\"async\" class=\"emoji\" role=\"img\" draggable=\"false\" src=\"https:\/\/s.w.org\/images\/core\/emoji\/15.0.3\/svg\/1f51d.svg\" alt=\"\ud83d\udd1d\" \/><\/b><\/li><\/ol><p><img decoding=\"async\" class=\"size-large wp-image-11330 aligncenter\" src=\"https:\/\/autoescuelabalmaseda.com\/es\/wp-content\/uploads\/2024\/12\/simulador-1-768x1024.jpg\" alt=\"Simulador Autoescuela Balmaseda\" width=\"640\" height=\"853\" srcset=\"https:\/\/autoescuelabalmaseda.com\/es\/wp-content\/uploads\/2024\/12\/simulador-1-768x1024.jpg 768w, https:\/\/autoescuelabalmaseda.com\/es\/wp-content\/uploads\/2024\/12\/simulador-1-225x300.jpg 225w, https:\/\/autoescuelabalmaseda.com\/es\/wp-content\/uploads\/2024\/12\/simulador-1-1152x1536.jpg 1152w, https:\/\/autoescuelabalmaseda.com\/es\/wp-content\/uploads\/2024\/12\/simulador-1-200x267.jpg 200w, https:\/\/autoescuelabalmaseda.com\/es\/wp-content\/uploads\/2024\/12\/simulador-1-570x760.jpg 570w, https:\/\/autoescuelabalmaseda.com\/es\/wp-content\/uploads\/2024\/12\/simulador-1.jpg 1200w\" sizes=\"(max-width: 640px) 100vw, 640px\" \/><\/p><p>\u00a1Ven a descubrir nuestro avanzado simulador de conducci\u00f3n en <strong>Calle Arturo Soria 10, cerca del Metro Ciudad Lineal!<\/strong> Tambi\u00e9n puedes venir a nuestro centro en <strong>Alcal\u00e1 de Henares (Plaza Puerta del Vado, 4).<\/strong><\/p><p><span style=\"font-weight: 400;\">No esperes m\u00e1s para tomar el control del volante de manera segura y eficiente. <\/span><\/p><p><span style=\"font-weight: 400;\">\u00a1Te esperamos en Autoescuela Balmaseda para transformar la forma en que aprendes a conducir!<\/span><\/p><p><span style=\"font-weight: 400;\">Y si tienes alguna duda contacta con nosotros a trav\u00e9s de nuestro formulario:<\/span><\/p><\/div>\t\t\t\t\t\t\t\t<\/div>\n\t\t\t\t<\/div>\n\t\t\t\t<div class=\"elementor-element elementor-element-73bdae1 elementor-widget elementor-widget-text-editor\" data-id=\"73bdae1\" data-element_type=\"widget\" data-widget_type=\"text-editor.default\">\n\t\t\t\t<div class=\"elementor-widget-container\">\n\t\t\t\t\t\t\t\t\t<p>\n<div class=\"wpcf7 no-js\" id=\"wpcf7-f4230-o1\" lang=\"es-ES\" dir=\"ltr\" data-wpcf7-id=\"4230\">\n<div class=\"screen-reader-response\"><p role=\"status\" aria-live=\"polite\" aria-atomic=\"true\"><\/p> <ul><\/ul><\/div>\n<form action=\"\/es\/wp-json\/wp\/v2\/pages\/11099#wpcf7-f4230-o1\" method=\"post\" class=\"wpcf7-form init\" aria-label=\"Formulario de contacto\" novalidate=\"novalidate\" data-status=\"init\">\n<div style=\"display: none;\">\n<input type=\"hidden\" name=\"_wpcf7\" value=\"4230\" \/>\n<input type=\"hidden\" name=\"_wpcf7_version\" value=\"6.0.3\" \/>\n<input type=\"hidden\" name=\"_wpcf7_locale\" value=\"es_ES\" \/>\n<input type=\"hidden\" name=\"_wpcf7_unit_tag\" value=\"wpcf7-f4230-o1\" \/>\n<input type=\"hidden\" name=\"_wpcf7_container_post\" value=\"0\" \/>\n<input type=\"hidden\" name=\"_wpcf7_posted_data_hash\" value=\"\" \/>\n<input type=\"hidden\" name=\"_wpcf7_recaptcha_response\" value=\"\" \/>\n<\/div>\n<div  class=\"infoCentrosSelector\"><div  style=\"float:left; width:100%; margin-right:10px;\"><br \/><strong>\u00bfComo quieres que contactemos contigo?<\/strong>\n    <span class=\"wpcf7-form-control-wrap\" data-name=\"radio-739\"><span class=\"wpcf7-form-control wpcf7-radio\"><span class=\"wpcf7-list-item first\"><label><input type=\"radio\" name=\"radio-739\" value=\"Whatsapp(Recomendado)\" checked=\"checked\" \/><span class=\"wpcf7-list-item-label\">Whatsapp(Recomendado)<\/span><\/label><\/span><span class=\"wpcf7-list-item\"><label><input type=\"radio\" name=\"radio-739\" value=\"Tel\u00e9fono\" \/><span class=\"wpcf7-list-item-label\">Tel\u00e9fono<\/span><\/label><\/span><span class=\"wpcf7-list-item last\"><label><input type=\"radio\" name=\"radio-739\" value=\"Correo Electr\u00f3nico\" \/><span class=\"wpcf7-list-item-label\">Correo Electr\u00f3nico<\/span><\/label><\/span><\/span><\/span><br \/> <\/div><\/div>\n<p>O escr\u00edbenos a nuestro email <a href=\"mailto:alumnos@autoescuelabalmaseda.com\" target=\"_blank\">alumnos@autoescuelabalmaseda.com<\/a><\/p>\n<div  class=\"infoCentros\"><div style=\"float:left; width:250px; margin-right:10px;\"><strong>Tu nombre<span style=\"color:#FF0000;\">*<\/span><br \/>\n    <span class=\"wpcf7-form-control-wrap\" data-name=\"your-name\"><input size=\"40\" maxlength=\"400\" class=\"wpcf7-form-control wpcf7-text wpcf7-validates-as-required\" aria-required=\"true\" aria-invalid=\"false\" value=\"\" type=\"text\" name=\"your-name\" \/><\/span> <\/strong><\/div>\n\n<div style=\"float:left; width:250px; \"><strong>Tu email<span style=\"color:#FF0000;style=\"width:100%\"\">*<\/span><br \/>\n    <span class=\"wpcf7-form-control-wrap\" data-name=\"your-email\"><input size=\"40\" maxlength=\"400\" class=\"wpcf7-form-control wpcf7-email wpcf7-validates-as-required wpcf7-text wpcf7-validates-as-email\" aria-required=\"true\" aria-invalid=\"false\" value=\"\" type=\"email\" name=\"your-email\" \/><\/span> <\/strong><\/div>\n\n<div style=\"clear:both;\"><\/div>\n\n<div style=\"float:left; width:250px; margin-right:10px;\"><strong>Tu tel\u00e9fono<span style=\"color:#FF0000;style=\"width:100%\"\"><\/span><br \/>\n    <span class=\"wpcf7-form-control-wrap\" data-name=\"your-phone\"><input size=\"40\" maxlength=\"400\" class=\"wpcf7-form-control wpcf7-text\" aria-invalid=\"false\" value=\"\" type=\"text\" name=\"your-phone\" \/><\/span> <\/strong><\/div>\n\n<div style=\"float:left; width:250px; \"><strong>Asunto<span style=\"color:#FF0000;style=\"width:100%\"\"><\/span><br \/>\n    <span class=\"wpcf7-form-control-wrap\" data-name=\"your-subject\"><input size=\"40\" maxlength=\"400\" class=\"wpcf7-form-control wpcf7-text\" aria-invalid=\"false\" value=\"\" type=\"text\" name=\"your-subject\" \/><\/span> <\/strong><\/div>\n\n<div style=\"clear:both;\"><\/div>\n\n<strong>Tus dudas<br \/>\n    <span class=\"wpcf7-form-control-wrap\" data-name=\"your-message\"><textarea cols=\"40\" rows=\"10\" maxlength=\"2000\" class=\"wpcf7-form-control wpcf7-textarea\" aria-invalid=\"false\" name=\"your-message\"><\/textarea><\/span> <\/strong>\n\n<p><span class=\"wpcf7-form-control-wrap\" data-name=\"acceptance-576\"><span class=\"wpcf7-form-control wpcf7-acceptance\"><span class=\"wpcf7-list-item\"><input type=\"checkbox\" name=\"acceptance-576\" value=\"1\" aria-invalid=\"false\" \/><\/span><\/span><\/span> He le\u00eddo y acepto <a style=\"color:#d12a43;\" href=\"https:\/\/autoescuelabalmaseda.com\/es\/privacidad\/\" target=\"blank\"\/>Pol\u00edtica de privacidad<\/a>\n<\/p>\n\n<p><button type=\"submit\" class=\"drivschol-btn drivschol-btn--base\"><span>ENVIAR<\/span><\/button><\/p>\n<\/div>\n<style>\n.infoCentrosSelector .wpcf7-list-item {\n    display: block;\n    margin: 0 0 0 1em;\n}\n<\/style><div class=\"wpcf7-response-output\" aria-hidden=\"true\"><\/div>\n<\/form>\n<\/div>\n<\/p>\t\t\t\t\t\t\t\t<\/div>\n\t\t\t\t<\/div>\n\t\t\t\t<div class=\"elementor-element elementor-element-156f051 elementor-widget elementor-widget-html\" data-id=\"156f051\" data-element_type=\"widget\" data-widget_type=\"html.default\">\n\t\t\t\t<div class=\"elementor-widget-container\">\n\t\t\t\t\t<script>\r\ndocument.addEventListener( 'wpcf7mailsent', function( event ) {\r\n    setTimeout( () => {\r\n        location = '\/es\/gracias\/';\r\n    }, 3000 ); \/\/ Wait for 3 seconds to redirect.\r\n}, false );\r\n<\/script>\t\t\t\t<\/div>\n\t\t\t\t<\/div>\n\t\t\t\t\t<\/div>\n\t\t\t\t<\/div>\n\t\t<div class=\"elementor-element elementor-element-644f841 e-flex e-con-boxed e-con e-parent\" data-id=\"644f841\" data-element_type=\"container\">\n\t\t\t\t\t<div class=\"e-con-inner\">\n\t\t\t\t<div class=\"elementor-element elementor-element-f814e52 elementor-widget elementor-widget-html\" data-id=\"f814e52\" data-element_type=\"widget\" data-widget_type=\"html.default\">\n\t\t\t\t<div class=\"elementor-widget-container\">\n\t\t\t\t\t<style>\r\n    \/*! elementor - v3.21.0 - 22-05-2024 *\/\r\n    .video-youtube-simulador{ width: 49%; display:inline-block; padding: 0 10px;}\r\n    .course-details-one__inner__top__right__bye__price {\r\n        width: 115px;\r\n    }\r\n\r\n    .blog-one--page {\r\n        padding-top: 40px !important;\r\n    }\r\n\r\n    h2 {\r\n        text-align: center;\r\n        font-size: 34px;\r\n    }\r\n    \r\n    .precio1, .precio2 {\r\n        display: inline-block;\r\n        margin: 0 50px;\r\n    }\r\n\r\n    .course-details-one__inner {\r\n        background: var(--drivschol-heading-text, #111117);\r\n        padding: 38px 50px 4px;\r\n        margin-bottom: 37px;\r\n        width: 40%;\r\n    }\r\n\r\n    .course-details-one__inner__top {\r\n        display: initial; \/* Cambiado de unset *\/\r\n    }\r\n\r\n    .elementor-element.elementor-element-400a85f > .elementor-widget-container {\r\n        margin: -75px 0 0 0;\r\n        padding: 0;\r\n    }\r\n\r\n    .elementor-heading-title {\r\n        padding: 0;\r\n        margin: 0;\r\n        line-height: 1;\r\n    }\r\n\r\n    \/* Tama\u00f1os de encabezados *\/\r\n    .elementor-widget-heading .elementor-heading-title[class*=elementor-size-] > a {\r\n        color: inherit;\r\n        font-size: inherit;\r\n        line-height: inherit;\r\n    }\r\n\r\n    .elementor-widget-heading .elementor-heading-title.elementor-size-small {\r\n        font-size: 15px;\r\n    }\r\n\r\n    .elementor-widget-heading .elementor-heading-title.elementor-size-medium {\r\n        font-size: 19px;\r\n    }\r\n\r\n    .elementor-widget-heading .elementor-heading-title.elementor-size-large {\r\n        font-size: 29px;\r\n    }\r\n\r\n    .elementor-widget-heading .elementor-heading-title.elementor-size-xl {\r\n        font-size: 39px;\r\n    }\r\n\r\n    .elementor-widget-heading .elementor-heading-title.elementor-size-xxl {\r\n        font-size: 59px;\r\n    }\r\n\r\n    \/*! elementor - v3.21.0 - 22-05-2024 *\/\r\n    .elementor-widget-text-editor.elementor-drop-cap-view-stacked .elementor-drop-cap {\r\n        background-color: #69727d;\r\n        color: #fff;\r\n    }\r\n\r\n    .elementor-widget-text-editor.elementor-drop-cap-view-framed .elementor-drop-cap {\r\n        color: #69727d;\r\n        border: 3px solid;\r\n        background-color: transparent;\r\n    }\r\n\r\n    .elementor-widget-text-editor:not(.elementor-drop-cap-view-default) .elementor-drop-cap {\r\n        margin-top: 8px;\r\n    }\r\n\r\n    .elementor-widget-text-editor:not(.elementor-drop-cap-view-default) .elementor-drop-cap-letter {\r\n        width: 1em;\r\n        height: 1em;\r\n    }\r\n\r\n    .elementor-widget-text-editor .elementor-drop-cap {\r\n        float: left;\r\n        text-align: center;\r\n        line-height: 1;\r\n        font-size: 50px;\r\n    }\r\n\r\n    .elementor-widget-text-editor .elementor-drop-cap-letter {\r\n        display: inline-block;\r\n    }\r\n\r\n    .e-con > .e-con-inner > .elementor-widget > .elementor-widget-container,\r\n    .e-con > .elementor-widget > .elementor-widget-container {\r\n        height: auto;\r\n    }\r\n\r\n    .course-details-one__inner__top__right__btn {\r\n        color: var(--drivschol-white, #fff);\r\n        font-weight: 700;\r\n        line-height: normal;\r\n        padding: 0 41px 17px;\r\n        background: var(--drivschol-primary, #EC2526);\r\n    }\r\n\r\n    @media only screen and (min-width: 576px) and (max-width: 767px),\r\n           (max-width: 575px) {\r\n        .course-details-one__inner {\r\n            width: 94%;\r\n        }\r\n\r\n        .precio1, .precio2 {\r\n            margin: 20px 0 !important;\r\n        }\r\n        .video-youtube-simulador{ width: 100%; display:inline-block; padding: 0 10px;}\r\n        .video-youtube-simulador iframe {\r\n            height: 526px;\r\n        }\r\n    }\r\n    .course-details-one__inner__top__right__bye__price {\r\n    font-family: var(--drivschol-font, \"Manrope\", sans-serif);\r\n    font-size: 22px;\r\n    font-weight: 500;\r\n    line-height: 120%;\r\n    margin-bottom: 0;\r\n    text-align: end;\r\n}\r\n<\/style>\r\n\t\t\t\t<\/div>\n\t\t\t\t<\/div>\n\t\t\t\t\t<\/div>\n\t\t\t\t<\/div>\n\t\t\t\t<\/div>\n\t\t","protected":false},"excerpt":{"rendered":"<p>\u00a1Elige c\u00f3mo quieres tus clases! \u00a1Estamos en Madrid! \u00a1Sin matricula! SIMULADOR PARA PARTICULARES \u00a0 \u00a0 \u00a0 18\u20ac CLASE SUELTA QUIERO MI CLASE \u00a0 \u00a0 \u00a0 160\u20ac BONO 10 CLASES QUIERO MI BONO SIMULADOR PARA OPOSITORES \u00a0 \u00a0 \u00a0 27\u20ac CLASE SUELTA QUIERO MI CLASE \u00a0 \u00a0 \u00a0 125\u20ac BONO 5 CLASES QUIERO MI BONO \u00a0 [&hellip;]<\/p>\n","protected":false},"author":1,"featured_media":0,"parent":0,"menu_order":0,"comment_status":"closed","ping_status":"closed","template":"","meta":{"_acf_changed":false,"footnotes":""},"class_list":["post-11099","page","type-page","status-publish","hentry"],"acf":[],"_links":{"self":[{"href":"https:\/\/autoescuelabalmaseda.com\/es\/wp-json\/wp\/v2\/pages\/11099","targetHints":{"allow":["GET"]}}],"collection":[{"href":"https:\/\/autoescuelabalmaseda.com\/es\/wp-json\/wp\/v2\/pages"}],"about":[{"href":"https:\/\/autoescuelabalmaseda.com\/es\/wp-json\/wp\/v2\/types\/page"}],"author":[{"embeddable":true,"href":"https:\/\/autoescuelabalmaseda.com\/es\/wp-json\/wp\/v2\/users\/1"}],"replies":[{"embeddable":true,"href":"https:\/\/autoescuelabalmaseda.com\/es\/wp-json\/wp\/v2\/comments?post=11099"}],"version-history":[{"count":106,"href":"https:\/\/autoescuelabalmaseda.com\/es\/wp-json\/wp\/v2\/pages\/11099\/revisions"}],"predecessor-version":[{"id":12171,"href":"https:\/\/autoescuelabalmaseda.com\/es\/wp-json\/wp\/v2\/pages\/11099\/revisions\/12171"}],"wp:attachment":[{"href":"https:\/\/autoescuelabalmaseda.com\/es\/wp-json\/wp\/v2\/media?parent=11099"}],"curies":[{"name":"wp","href":"https:\/\/api.w.org\/{rel}","templated":true}]}}