{"id":11962,"date":"2025-02-11T18:55:57","date_gmt":"2025-02-11T17:55:57","guid":{"rendered":"https:\/\/autoescuelabalmaseda.com\/es\/?page_id=11962"},"modified":"2025-07-16T18:29:58","modified_gmt":"2025-07-16T16:29:58","slug":"cap-formacion-continua-tacografo","status":"publish","type":"page","link":"https:\/\/autoescuelabalmaseda.com\/es\/cap-formacion-continua-tacografo\/","title":{"rendered":"CAP Formaci\u00f3n Continua + Tac\u00f3grafo (35horas+4horas)"},"content":{"rendered":"\t\t<div data-elementor-type=\"wp-page\" data-elementor-id=\"11962\" class=\"elementor elementor-11962\">\n\t\t\t\t<div class=\"elementor-element elementor-element-99328de e-flex e-con-boxed e-con e-parent\" data-id=\"99328de\" data-element_type=\"container\">\n\t\t\t\t\t<div class=\"e-con-inner\">\n\t\t<div class=\"elementor-element elementor-element-53d1a8b e-flex e-con-boxed e-con e-child\" data-id=\"53d1a8b\" data-element_type=\"container\">\n\t\t\t\t\t<div class=\"e-con-inner\">\n\t\t<div class=\"elementor-element elementor-element-3b7537e e-con-full e-flex e-con e-child\" data-id=\"3b7537e\" data-element_type=\"container\">\n\t\t\t\t<div class=\"elementor-element elementor-element-757a2a3 elementor-widget elementor-widget-text-editor\" data-id=\"757a2a3\" data-element_type=\"widget\" data-widget_type=\"text-editor.default\">\n\t\t\t\t<div class=\"elementor-widget-container\">\n\t\t\t\t\t\t\t\t\t<p><a class=\"drivschol-btn drivschol-btn--base\" href=\"\/es\/contacta\/\" target=\"blank\">SOLICITA INFORMACI\u00d3N SIN COMPROMISO<\/a><\/p><p><a class=\"drivschol-btn drivschol-btn--base\" href=\"\/es\/ofertas-de-empleo\/\" target=\"_self\">OFERTAS DE TRABAJO PARA PROFESIONALES<\/a><\/p>\t\t\t\t\t\t\t\t<\/div>\n\t\t\t\t<\/div>\n\t\t\t\t<\/div>\n\t\t<div class=\"elementor-element elementor-element-b11739f e-con-full e-flex e-con e-child\" data-id=\"b11739f\" data-element_type=\"container\">\n\t\t\t\t<div class=\"elementor-element elementor-element-5e44233 elementor-widget elementor-widget-text-editor\" data-id=\"5e44233\" data-element_type=\"widget\" data-widget_type=\"text-editor.default\">\n\t\t\t\t<div class=\"elementor-widget-container\">\n\t\t\t\t\t\t\t\t\t<h2 style=\"font-weight: 500;\"><b>\u00a0\u00a1CURSOS SUBVENCIONADOS CAP!<\/b><\/h2><p>La <span style=\"text-decoration: underline;\">formaci\u00f3n que ofrecemos es totalmente gratuita*<\/span>, lo que significa que no tienes que preocuparte por ning\u00fan costo.<\/p><p>Sin embargo, es importante que sepas que tenemos un n\u00famero limitado de plazas disponibles, as\u00ed que si est\u00e1s interesado \u00a1Date prisa!<\/p><p>Est\u00e1 abierto tanto para personas que ya est\u00e1n trabajando como para aquellas que se encuentran desempleadas, as\u00ed que no importa tu situaci\u00f3n laboral.<\/p><p>* No incluye tasa ni tramitaci\u00f3n de tarjeta<\/p><h3>LUGAR Y FECHAS DE LOS CURSOS<\/h3><p>\ud83d\udccd\u00a0 Centro de la <a href=\"https:\/\/www.google.com\/maps\/search\/c%2F+Arturo+Soria,+10?entry=gmail&amp;source=g\">c\/ Arturo Soria, 10<\/a> de Madrid<\/p><p>\ud83d\udcc5\u00a0 Curso entre semana.<\/p><p>D\u00edas: 22, 23, 24, 25, 26, 29 y 30 de <strong>septiembre<\/strong> y 1 de <strong>octubre<\/strong><\/p><p>(de lunes a viernes y de lunes a mi\u00e9rcoles)<\/p><p>\ud83d\udd65 Horario de 15:15 a 20:30<\/p><h3>DOCUMENTACI\u00d3N NECESARIA<\/h3><p>\u2705\u00a0DNI<\/p><p>\u2705\u00a0 Permiso de conducir en vigor<\/p><p>\u00a1Te esperamos!<\/p><div style=\"background-color: #fff; border: 3px solid #cccccc; padding: 50px 30px 50px 30px;\"><p><strong>Informaci\u00f3n e Inscripciones:<\/strong><\/p><p>Arturo Soria, 10 Metro Ciudad Lineal<br \/>Tfno: <a href=\"tel:+34913674648\" target=\"_blank\" rel=\"nofollow noopener\">913674648<\/a><br \/><img decoding=\"async\" src=\"https:\/\/autoescuelabalmaseda.com\/es\/wp-content\/uploads\/2019\/01\/whatsapp.jpg\" width=\"20\" height=\"20\" \/> Whatsapp &#8211; <img decoding=\"async\" src=\"https:\/\/autoescuelabalmaseda.com\/es\/wp-content\/uploads\/2019\/01\/telegram.jpg\" width=\"20\" height=\"20\" \/>Telegram: 638 549 921<\/p><p><a class=\"drivschol-btn drivschol-btn--base boton-cap\" href=\"mailto:alumnos@autoescuelabalmaseda.com\" target=\"_self\">ALUMNOS@AUTOESCUELABALMASEDA.COM<\/a><\/p><\/div>\t\t\t\t\t\t\t\t<\/div>\n\t\t\t\t<\/div>\n\t\t\t\t<\/div>\n\t\t\t\t\t<\/div>\n\t\t\t\t<\/div>\n\t\t\t\t\t<\/div>\n\t\t\t\t<\/div>\n\t\t\t\t<\/div>\n\t\t","protected":false},"excerpt":{"rendered":"<p>SOLICITA INFORMACI\u00d3N SIN COMPROMISO OFERTAS DE TRABAJO PARA PROFESIONALES \u00a0\u00a1CURSOS SUBVENCIONADOS CAP! La formaci\u00f3n que ofrecemos es totalmente gratuita*, lo que significa que no tienes que preocuparte por ning\u00fan costo. Sin embargo, es importante que sepas que tenemos un n\u00famero limitado de plazas disponibles, as\u00ed que si est\u00e1s interesado \u00a1Date prisa! Est\u00e1 abierto tanto para [&hellip;]<\/p>\n","protected":false},"author":1,"featured_media":0,"parent":0,"menu_order":0,"comment_status":"closed","ping_status":"closed","template":"","meta":{"_acf_changed":false,"footnotes":""},"class_list":["post-11962","page","type-page","status-publish","hentry"],"acf":[],"_links":{"self":[{"href":"https:\/\/autoescuelabalmaseda.com\/es\/wp-json\/wp\/v2\/pages\/11962","targetHints":{"allow":["GET"]}}],"collection":[{"href":"https:\/\/autoescuelabalmaseda.com\/es\/wp-json\/wp\/v2\/pages"}],"about":[{"href":"https:\/\/autoescuelabalmaseda.com\/es\/wp-json\/wp\/v2\/types\/page"}],"author":[{"embeddable":true,"href":"https:\/\/autoescuelabalmaseda.com\/es\/wp-json\/wp\/v2\/users\/1"}],"replies":[{"embeddable":true,"href":"https:\/\/autoescuelabalmaseda.com\/es\/wp-json\/wp\/v2\/comments?post=11962"}],"version-history":[{"count":30,"href":"https:\/\/autoescuelabalmaseda.com\/es\/wp-json\/wp\/v2\/pages\/11962\/revisions"}],"predecessor-version":[{"id":12204,"href":"https:\/\/autoescuelabalmaseda.com\/es\/wp-json\/wp\/v2\/pages\/11962\/revisions\/12204"}],"wp:attachment":[{"href":"https:\/\/autoescuelabalmaseda.com\/es\/wp-json\/wp\/v2\/media?parent=11962"}],"curies":[{"name":"wp","href":"https:\/\/api.w.org\/{rel}","templated":true}]}}