{"id":2773,"date":"2015-05-11T15:39:47","date_gmt":"2015-05-11T15:39:47","guid":{"rendered":"https:\/\/autoescuelabalmaseda.com\/es\/?page_id=2773"},"modified":"2024-12-09T19:40:00","modified_gmt":"2024-12-09T18:40:00","slug":"test-online","status":"publish","type":"page","link":"https:\/\/autoescuelabalmaseda.com\/es\/test-online\/","title":{"rendered":"TEST ONLINE"},"content":{"rendered":"\t\t<div data-elementor-type=\"wp-page\" data-elementor-id=\"2773\" class=\"elementor elementor-2773\">\n\t\t\t\t<div class=\"elementor-element elementor-element-16f42ae0 e-flex e-con-boxed e-con e-parent\" data-id=\"16f42ae0\" data-element_type=\"container\">\n\t\t\t\t\t<div class=\"e-con-inner\">\n\t\t<div class=\"elementor-element elementor-element-7268456 e-con-full e-flex e-con e-child\" data-id=\"7268456\" data-element_type=\"container\">\n\t\t<div class=\"elementor-element elementor-element-8a884df e-con-full e-flex e-con e-child\" data-id=\"8a884df\" data-element_type=\"container\">\n\t\t\t\t<div class=\"elementor-element elementor-element-655499d elementor-widget elementor-widget-image\" data-id=\"655499d\" data-element_type=\"widget\" data-widget_type=\"image.default\">\n\t\t\t\t<div class=\"elementor-widget-container\">\n\t\t\t\t\t\t\t\t\t\t\t\t\t\t\t<img fetchpriority=\"high\" decoding=\"async\" width=\"550\" height=\"550\" src=\"https:\/\/autoescuelabalmaseda.com\/es\/wp-content\/uploads\/2024\/07\/aula-online-autoexcuela-balmaseda.jpg\" class=\"attachment-large size-large wp-image-9909\" alt=\"Aula Online Autoescuela Balmaseda\" srcset=\"https:\/\/autoescuelabalmaseda.com\/es\/wp-content\/uploads\/2024\/07\/aula-online-autoexcuela-balmaseda.jpg 550w, https:\/\/autoescuelabalmaseda.com\/es\/wp-content\/uploads\/2024\/07\/aula-online-autoexcuela-balmaseda-300x300.jpg 300w, https:\/\/autoescuelabalmaseda.com\/es\/wp-content\/uploads\/2024\/07\/aula-online-autoexcuela-balmaseda-150x150.jpg 150w, https:\/\/autoescuelabalmaseda.com\/es\/wp-content\/uploads\/2024\/07\/aula-online-autoexcuela-balmaseda-70x70.jpg 70w, https:\/\/autoescuelabalmaseda.com\/es\/wp-content\/uploads\/2024\/07\/aula-online-autoexcuela-balmaseda-200x200.jpg 200w, https:\/\/autoescuelabalmaseda.com\/es\/wp-content\/uploads\/2024\/07\/aula-online-autoexcuela-balmaseda-270x270.jpg 270w, https:\/\/autoescuelabalmaseda.com\/es\/wp-content\/uploads\/2024\/07\/aula-online-autoexcuela-balmaseda-100x100.jpg 100w, https:\/\/autoescuelabalmaseda.com\/es\/wp-content\/uploads\/2024\/07\/aula-online-autoexcuela-balmaseda-460x460.jpg 460w\" sizes=\"(max-width: 550px) 100vw, 550px\" \/>\t\t\t\t\t\t\t\t\t\t\t\t\t\t\t<\/div>\n\t\t\t\t<\/div>\n\t\t\t\t<\/div>\n\t\t<div class=\"elementor-element elementor-element-57080f1 e-con-full e-flex e-con e-child\" data-id=\"57080f1\" data-element_type=\"container\">\n\t\t\t\t<div class=\"elementor-element elementor-element-6869c942 elementor-widget elementor-widget-text-editor\" data-id=\"6869c942\" data-element_type=\"widget\" data-widget_type=\"text-editor.default\">\n\t\t\t\t<div class=\"elementor-widget-container\">\n\t\t\t\t\t\t\t\t\t<h3>TEST ONLINE<\/h3><p>Paga una vez y ten siempre a tu disposici\u00f3n los test m\u00e1s actualizados de examen de la DGT. Adem\u00e1s podr\u00e1s hacer un seguimiento de tu evoluci\u00f3n (test de errores) Y desde cualquier dispositivo.<br \/>Para adquirir tu clave de acceso deber\u00e1s acercarte a alguno de nuestros <a href=\"https:\/\/autoescuelabalmaseda.com\/es\/centros\/\" target=\"_blank\" rel=\"nofollow noopener\">centros<\/a>. Cons\u00faltanos, si tienes alguna duda, a trav\u00e9s de nuestro <strong><a href=\"\/es\/contacta\/\" target=\"_blank\" rel=\"nofollow noopener\">formulario<\/a>.<\/strong><\/p><h3>Acceso a plataformas<\/h3><div><a class=\"drivschol-btn drivschol-btn--base\" href=\"https:\/\/cloud.aeolservice.es\/\" target=\"_blank\" rel=\"noopener\">AEOL<\/a><\/div><div>\u00a0<\/div><div><a class=\"drivschol-btn drivschol-btn--base\" href=\"https:\/\/carnetcnae.com\/\" target=\"_blank\" rel=\"noopener\">CNAE<\/a><\/div><div>\u00a0<\/div><div><a class=\"drivschol-btn drivschol-btn--base\" href=\"https:\/\/www.tuautoescuela.es\/aula-virtual\" target=\"_blank\" rel=\"noopener\">TU AUTOESCUELA<\/a><\/div>\t\t\t\t\t\t\t\t<\/div>\n\t\t\t\t<\/div>\n\t\t\t\t<\/div>\n\t\t\t\t<\/div>\n\t\t\t\t\t<\/div>\n\t\t\t\t<\/div>\n\t\t\t\t<\/div>\n\t\t","protected":false},"excerpt":{"rendered":"<p>TEST ONLINE Paga una vez y ten siempre a tu disposici\u00f3n los test m\u00e1s actualizados de examen de la DGT. Adem\u00e1s podr\u00e1s hacer un seguimiento de tu evoluci\u00f3n (test de errores) Y desde cualquier dispositivo.Para adquirir tu clave de acceso deber\u00e1s acercarte a alguno de nuestros centros. Cons\u00faltanos, si tienes alguna duda, a trav\u00e9s de [&hellip;]<\/p>\n","protected":false},"author":1,"featured_media":0,"parent":0,"menu_order":0,"comment_status":"closed","ping_status":"closed","template":"","meta":{"_acf_changed":false,"footnotes":""},"class_list":["post-2773","page","type-page","status-publish","hentry"],"acf":[],"_links":{"self":[{"href":"https:\/\/autoescuelabalmaseda.com\/es\/wp-json\/wp\/v2\/pages\/2773","targetHints":{"allow":["GET"]}}],"collection":[{"href":"https:\/\/autoescuelabalmaseda.com\/es\/wp-json\/wp\/v2\/pages"}],"about":[{"href":"https:\/\/autoescuelabalmaseda.com\/es\/wp-json\/wp\/v2\/types\/page"}],"author":[{"embeddable":true,"href":"https:\/\/autoescuelabalmaseda.com\/es\/wp-json\/wp\/v2\/users\/1"}],"replies":[{"embeddable":true,"href":"https:\/\/autoescuelabalmaseda.com\/es\/wp-json\/wp\/v2\/comments?post=2773"}],"version-history":[{"count":25,"href":"https:\/\/autoescuelabalmaseda.com\/es\/wp-json\/wp\/v2\/pages\/2773\/revisions"}],"predecessor-version":[{"id":11462,"href":"https:\/\/autoescuelabalmaseda.com\/es\/wp-json\/wp\/v2\/pages\/2773\/revisions\/11462"}],"wp:attachment":[{"href":"https:\/\/autoescuelabalmaseda.com\/es\/wp-json\/wp\/v2\/media?parent=2773"}],"curies":[{"name":"wp","href":"https:\/\/api.w.org\/{rel}","templated":true}]}}