{"id":3071,"date":"2015-05-25T07:49:02","date_gmt":"2015-05-25T07:49:02","guid":{"rendered":"https:\/\/autoescuelabalmaseda.com\/es\/?page_id=3071"},"modified":"2024-06-17T00:14:29","modified_gmt":"2024-06-16T22:14:29","slug":"conocenos","status":"publish","type":"page","link":"https:\/\/autoescuelabalmaseda.com\/es\/conocenos\/","title":{"rendered":"CON\u00d3CENOS"},"content":{"rendered":"\t\t<div data-elementor-type=\"wp-page\" data-elementor-id=\"3071\" class=\"elementor elementor-3071\">\n\t\t\t\t<div class=\"elementor-element elementor-element-1e8d42f e-flex e-con-boxed e-con e-parent\" data-id=\"1e8d42f\" data-element_type=\"container\">\n\t\t\t\t\t<div class=\"e-con-inner\">\n\t\t<div class=\"elementor-element elementor-element-ed9259b service-details e-flex e-con-boxed e-con e-child\" data-id=\"ed9259b\" data-element_type=\"container\">\n\t\t\t\t\t<div class=\"e-con-inner\">\n\t\t<div class=\"elementor-element elementor-element-0a2ec9b e-con-full e-flex e-con e-child\" data-id=\"0a2ec9b\" data-element_type=\"container\">\n\t\t\t\t<div class=\"elementor-element elementor-element-7052f58 elementor-widget elementor-widget-heading\" data-id=\"7052f58\" data-element_type=\"widget\" data-widget_type=\"heading.default\">\n\t\t\t\t<div class=\"elementor-widget-container\">\n\t\t\t\t\t<h5 class=\"elementor-heading-title elementor-size-default\">Valores<\/h5>\t\t\t\t<\/div>\n\t\t\t\t<\/div>\n\t\t\t\t<div class=\"elementor-element elementor-element-354ed61 elementor-icon-list--layout-traditional elementor-list-item-link-full_width elementor-widget elementor-widget-icon-list\" data-id=\"354ed61\" data-element_type=\"widget\" data-widget_type=\"icon-list.default\">\n\t\t\t\t<div class=\"elementor-widget-container\">\n\t\t\t\t\t\t\t<ul class=\"elementor-icon-list-items\">\n\t\t\t\t\t\t\t<li class=\"elementor-icon-list-item\">\n\t\t\t\t\t\t\t\t\t\t\t<span class=\"elementor-icon-list-icon\">\n\t\t\t\t\t\t\t<svg aria-hidden=\"true\" class=\"e-font-icon-svg e-fas-check\" viewBox=\"0 0 512 512\" xmlns=\"http:\/\/www.w3.org\/2000\/svg\"><path d=\"M173.898 439.404l-166.4-166.4c-9.997-9.997-9.997-26.206 0-36.204l36.203-36.204c9.997-9.998 26.207-9.998 36.204 0L192 312.69 432.095 72.596c9.997-9.997 26.207-9.997 36.204 0l36.203 36.204c9.997 9.997 9.997 26.206 0 36.204l-294.4 294.401c-9.998 9.997-26.207 9.997-36.204-.001z\"><\/path><\/svg>\t\t\t\t\t\t<\/span>\n\t\t\t\t\t\t\t\t\t\t<span class=\"elementor-icon-list-text\"><b>Orientaci\u00f3n al Cliente:<\/b> Realizaci\u00f3n de todas las actividades buscando la satisfacci\u00f3n de sus necesidades y expectativas.<\/span>\n\t\t\t\t\t\t\t\t\t<\/li>\n\t\t\t\t\t\t\t\t<li class=\"elementor-icon-list-item\">\n\t\t\t\t\t\t\t\t\t\t\t<span class=\"elementor-icon-list-icon\">\n\t\t\t\t\t\t\t<svg aria-hidden=\"true\" class=\"e-font-icon-svg e-fas-check\" viewBox=\"0 0 512 512\" xmlns=\"http:\/\/www.w3.org\/2000\/svg\"><path d=\"M173.898 439.404l-166.4-166.4c-9.997-9.997-9.997-26.206 0-36.204l36.203-36.204c9.997-9.998 26.207-9.998 36.204 0L192 312.69 432.095 72.596c9.997-9.997 26.207-9.997 36.204 0l36.203 36.204c9.997 9.997 9.997 26.206 0 36.204l-294.4 294.401c-9.998 9.997-26.207 9.997-36.204-.001z\"><\/path><\/svg>\t\t\t\t\t\t<\/span>\n\t\t\t\t\t\t\t\t\t\t<span class=\"elementor-icon-list-text\"><b>Participaci\u00f3n:<\/b> Gesti\u00f3n contando con todas las personas de la organizaci\u00f3n y sus aportaciones.<\/span>\n\t\t\t\t\t\t\t\t\t<\/li>\n\t\t\t\t\t\t\t\t<li class=\"elementor-icon-list-item\">\n\t\t\t\t\t\t\t\t\t\t\t<span class=\"elementor-icon-list-icon\">\n\t\t\t\t\t\t\t<svg aria-hidden=\"true\" class=\"e-font-icon-svg e-fas-check\" viewBox=\"0 0 512 512\" xmlns=\"http:\/\/www.w3.org\/2000\/svg\"><path d=\"M173.898 439.404l-166.4-166.4c-9.997-9.997-9.997-26.206 0-36.204l36.203-36.204c9.997-9.998 26.207-9.998 36.204 0L192 312.69 432.095 72.596c9.997-9.997 26.207-9.997 36.204 0l36.203 36.204c9.997 9.997 9.997 26.206 0 36.204l-294.4 294.401c-9.998 9.997-26.207 9.997-36.204-.001z\"><\/path><\/svg>\t\t\t\t\t\t<\/span>\n\t\t\t\t\t\t\t\t\t\t<span class=\"elementor-icon-list-text\"><b>Liderazgo:<\/b> Capacidad de mover a las personas en la consecuci\u00f3n de los objetivos.<\/span>\n\t\t\t\t\t\t\t\t\t<\/li>\n\t\t\t\t\t\t\t\t<li class=\"elementor-icon-list-item\">\n\t\t\t\t\t\t\t\t\t\t\t<span class=\"elementor-icon-list-icon\">\n\t\t\t\t\t\t\t<svg aria-hidden=\"true\" class=\"e-font-icon-svg e-fas-check\" viewBox=\"0 0 512 512\" xmlns=\"http:\/\/www.w3.org\/2000\/svg\"><path d=\"M173.898 439.404l-166.4-166.4c-9.997-9.997-9.997-26.206 0-36.204l36.203-36.204c9.997-9.998 26.207-9.998 36.204 0L192 312.69 432.095 72.596c9.997-9.997 26.207-9.997 36.204 0l36.203 36.204c9.997 9.997 9.997 26.206 0 36.204l-294.4 294.401c-9.998 9.997-26.207 9.997-36.204-.001z\"><\/path><\/svg>\t\t\t\t\t\t<\/span>\n\t\t\t\t\t\t\t\t\t\t<span class=\"elementor-icon-list-text\"><b>Eficiencia:<\/b> Optimizaci\u00f3n de los recursos.<\/span>\n\t\t\t\t\t\t\t\t\t<\/li>\n\t\t\t\t\t\t\t\t<li class=\"elementor-icon-list-item\">\n\t\t\t\t\t\t\t\t\t\t\t<span class=\"elementor-icon-list-icon\">\n\t\t\t\t\t\t\t<svg aria-hidden=\"true\" class=\"e-font-icon-svg e-fas-check\" viewBox=\"0 0 512 512\" xmlns=\"http:\/\/www.w3.org\/2000\/svg\"><path d=\"M173.898 439.404l-166.4-166.4c-9.997-9.997-9.997-26.206 0-36.204l36.203-36.204c9.997-9.998 26.207-9.998 36.204 0L192 312.69 432.095 72.596c9.997-9.997 26.207-9.997 36.204 0l36.203 36.204c9.997 9.997 9.997 26.206 0 36.204l-294.4 294.401c-9.998 9.997-26.207 9.997-36.204-.001z\"><\/path><\/svg>\t\t\t\t\t\t<\/span>\n\t\t\t\t\t\t\t\t\t\t<span class=\"elementor-icon-list-text\"><b>Innovaci\u00f3n:<\/b> Fomento y gesti\u00f3n del \u201ccambio\u201d mediante la creatividad, para conseguir la mejora continua.<\/span>\n\t\t\t\t\t\t\t\t\t<\/li>\n\t\t\t\t\t\t\t\t<li class=\"elementor-icon-list-item\">\n\t\t\t\t\t\t\t\t\t\t\t<span class=\"elementor-icon-list-icon\">\n\t\t\t\t\t\t\t<svg aria-hidden=\"true\" class=\"e-font-icon-svg e-fas-check\" viewBox=\"0 0 512 512\" xmlns=\"http:\/\/www.w3.org\/2000\/svg\"><path d=\"M173.898 439.404l-166.4-166.4c-9.997-9.997-9.997-26.206 0-36.204l36.203-36.204c9.997-9.998 26.207-9.998 36.204 0L192 312.69 432.095 72.596c9.997-9.997 26.207-9.997 36.204 0l36.203 36.204c9.997 9.997 9.997 26.206 0 36.204l-294.4 294.401c-9.998 9.997-26.207 9.997-36.204-.001z\"><\/path><\/svg>\t\t\t\t\t\t<\/span>\n\t\t\t\t\t\t\t\t\t\t<span class=\"elementor-icon-list-text\"><b>Compromiso \u00c9tico:<\/b> Comportamiento profesional, responsable, respetuoso y honesto en todas las actuaciones y con el entorno.<\/span>\n\t\t\t\t\t\t\t\t\t<\/li>\n\t\t\t\t\t\t<\/ul>\n\t\t\t\t\t\t<\/div>\n\t\t\t\t<\/div>\n\t\t\t\t<\/div>\n\t\t<div class=\"elementor-element elementor-element-e855bb3 e-con-full service-details__content e-flex e-con e-child\" data-id=\"e855bb3\" data-element_type=\"container\">\n\t\t\t\t<div class=\"elementor-element elementor-element-f7592cf elementor-widget elementor-widget-video\" data-id=\"f7592cf\" data-element_type=\"widget\" data-settings=\"{&quot;video_type&quot;:&quot;hosted&quot;,&quot;controls&quot;:&quot;yes&quot;}\" data-widget_type=\"video.default\">\n\t\t\t\t<div class=\"elementor-widget-container\">\n\t\t\t\t\t\t\t<div class=\"e-hosted-video elementor-wrapper elementor-open-inline\">\n\t\t\t\t\t<video class=\"elementor-video\" src=\"https:\/\/autoescuelabalmaseda.com\/es\/wp-content\/uploads\/permisos_de_conducir_autoescuela_balmaseda.mp4\" controls=\"\" preload=\"metadata\" controlsList=\"nodownload\"><\/video>\n\t\t\t\t<\/div>\n\t\t\t\t\t\t<\/div>\n\t\t\t\t<\/div>\n\t\t\t\t<div class=\"elementor-element elementor-element-d549726 elementor-widget elementor-widget-text-editor\" data-id=\"d549726\" data-element_type=\"widget\" data-widget_type=\"text-editor.default\">\n\t\t\t\t<div class=\"elementor-widget-container\">\n\t\t\t\t\t\t\t\t\t<p><strong>Autoescuela Balmaseda se fund\u00f3 en 1968<\/strong>, ofrecemos la experiencia acumulada de\u00a0<strong>m\u00e1s de 45 a\u00f1os de dedicaci\u00f3n a la formaci\u00f3n vial<\/strong>, con el firme prop\u00f3sito de dar un servicio profesional ajustado a las expectativas de nuestros clientes. Igualmente aportamos una total transparencia en nuestros productos y tarifas, ajustadas pero con la calidad de nuestros servicios siempre garantizada.<\/p><p>Tenemos\u00a0<strong>9 Autoescuelas en Madrid<\/strong>\u00a0en las que impartimos ense\u00f1anza para\u00a0<strong>todos los Permisos de Conducci\u00f3n<\/strong>, as\u00ed como\u00a0<strong>cursos de Sensibilizaci\u00f3n y Recuperaci\u00f3n de Puntos, CAP Inicial y Continua, Mercanc\u00edas Peligrosas, Transporte Sanitario, Gr\u00faas\u2026<\/strong><\/p><p>Ponemos a tu disposici\u00f3n<strong>\u00a0Circuito Privado de Motos y de Veh\u00edculos Pesados<\/strong>.<\/p><p>Autoescuela Balmaseda, es una empresa innovadora y pionera, por eso, ademas de sus Autoescuelas en Madrid, ha creado una filial en \u00c1frica, llamada Guinea Circula y desde hace varios a\u00f1os imparte formaci\u00f3n vial, a la poblaci\u00f3n en general y cursos espec\u00edficos para determinados colectivos en particular.<\/p><p>Elige cualquiera de nuestras Autoescuelas en Madrid y\u2026 \u00a1Sube con nosotros! Es la mejor forma de aprender.<\/p>\t\t\t\t\t\t\t\t<\/div>\n\t\t\t\t<\/div>\n\t\t\t\t<\/div>\n\t\t\t\t\t<\/div>\n\t\t\t\t<\/div>\n\t\t\t\t\t<\/div>\n\t\t\t\t<\/div>\n\t\t<div class=\"elementor-element elementor-element-7253e0f e-flex e-con-boxed e-con e-parent\" data-id=\"7253e0f\" data-element_type=\"container\">\n\t\t\t\t\t<div class=\"e-con-inner\">\n\t\t\t\t<div class=\"elementor-element elementor-element-8a21924 elementor-widget elementor-widget-text-editor\" data-id=\"8a21924\" data-element_type=\"widget\" data-widget_type=\"text-editor.default\">\n\t\t\t\t<div class=\"elementor-widget-container\">\n\t\t\t\t\t\t\t\t\t<p>Simplemente quer\u00eda daros la enhorabuena. he aprobado el carnet de moto y lo necesitaba urgentemente para una oposici\u00f3n. Cont\u00e1is con grandes profesionales que consiguen ense\u00f1arnos de una forma pr\u00e1ctica y sencilla. Gracias cracks y os la recomiendo a todos!<\/p><p>Borja F.G.<\/p>\t\t\t\t\t\t\t\t<\/div>\n\t\t\t\t<\/div>\n\t\t\t\t\t<\/div>\n\t\t\t\t<\/div>\n\t\t\t\t<\/div>\n\t\t","protected":false},"excerpt":{"rendered":"<p>Valores Orientaci\u00f3n al Cliente: Realizaci\u00f3n de todas las actividades buscando la satisfacci\u00f3n de sus necesidades y expectativas. Participaci\u00f3n: Gesti\u00f3n contando con todas las personas de la organizaci\u00f3n y sus aportaciones. Liderazgo: Capacidad de mover a las personas en la consecuci\u00f3n de los objetivos. Eficiencia: Optimizaci\u00f3n de los recursos. Innovaci\u00f3n: Fomento y gesti\u00f3n del \u201ccambio\u201d mediante [&hellip;]<\/p>\n","protected":false},"author":1,"featured_media":0,"parent":0,"menu_order":0,"comment_status":"closed","ping_status":"closed","template":"","meta":{"_acf_changed":false,"footnotes":""},"class_list":["post-3071","page","type-page","status-publish","hentry"],"acf":[],"_links":{"self":[{"href":"https:\/\/autoescuelabalmaseda.com\/es\/wp-json\/wp\/v2\/pages\/3071","targetHints":{"allow":["GET"]}}],"collection":[{"href":"https:\/\/autoescuelabalmaseda.com\/es\/wp-json\/wp\/v2\/pages"}],"about":[{"href":"https:\/\/autoescuelabalmaseda.com\/es\/wp-json\/wp\/v2\/types\/page"}],"author":[{"embeddable":true,"href":"https:\/\/autoescuelabalmaseda.com\/es\/wp-json\/wp\/v2\/users\/1"}],"replies":[{"embeddable":true,"href":"https:\/\/autoescuelabalmaseda.com\/es\/wp-json\/wp\/v2\/comments?post=3071"}],"version-history":[{"count":30,"href":"https:\/\/autoescuelabalmaseda.com\/es\/wp-json\/wp\/v2\/pages\/3071\/revisions"}],"predecessor-version":[{"id":9566,"href":"https:\/\/autoescuelabalmaseda.com\/es\/wp-json\/wp\/v2\/pages\/3071\/revisions\/9566"}],"wp:attachment":[{"href":"https:\/\/autoescuelabalmaseda.com\/es\/wp-json\/wp\/v2\/media?parent=3071"}],"curies":[{"name":"wp","href":"https:\/\/api.w.org\/{rel}","templated":true}]}}