{"id":3510,"date":"2015-05-28T11:46:27","date_gmt":"2015-05-28T11:46:27","guid":{"rendered":"https:\/\/autoescuelabalmaseda.com\/es\/?page_id=3510"},"modified":"2025-05-21T21:13:25","modified_gmt":"2025-05-21T19:13:25","slug":"centros-y-fechas-capadr","status":"publish","type":"page","link":"https:\/\/autoescuelabalmaseda.com\/es\/centros-y-fechas-capadr\/","title":{"rendered":"CALENDARIO Y CENTROS CAP\/ADR"},"content":{"rendered":"\t\t<div data-elementor-type=\"wp-page\" data-elementor-id=\"3510\" class=\"elementor elementor-3510\">\n\t\t\t\t<div class=\"elementor-element elementor-element-577b157 e-flex e-con-boxed e-con e-parent\" data-id=\"577b157\" data-element_type=\"container\">\n\t\t\t\t\t<div class=\"e-con-inner\">\n\t\t<div class=\"elementor-element elementor-element-56f11ee e-flex e-con-boxed e-con e-child\" data-id=\"56f11ee\" data-element_type=\"container\">\n\t\t\t\t\t<div class=\"e-con-inner\">\n\t\t<div class=\"elementor-element elementor-element-b348cb6 e-con-full e-flex e-con e-child\" data-id=\"b348cb6\" data-element_type=\"container\">\n\t\t\t\t<div class=\"elementor-element elementor-element-8d3702d elementor-widget elementor-widget-text-editor\" data-id=\"8d3702d\" data-element_type=\"widget\" data-widget_type=\"text-editor.default\">\n\t\t\t\t<div class=\"elementor-widget-container\">\n\t\t\t\t\t\t\t\t\t<p><a class=\"drivschol-btn drivschol-btn--base\" href=\"\/es\/contacta\/\" target=\"blank\">SOLICITA INFORMACI\u00d3N SIN COMPROMISO<\/a><\/p><p><a class=\"drivschol-btn drivschol-btn--base\" href=\"\/es\/ofertas-de-empleo\/\" target=\"_self\">OFERTAS DE TRABAJO PARA PROFESIONALES<\/a><\/p>\t\t\t\t\t\t\t\t<\/div>\n\t\t\t\t<\/div>\n\t\t\t\t<\/div>\n\t\t<div class=\"elementor-element elementor-element-1da6d8f e-con-full e-flex e-con e-child\" data-id=\"1da6d8f\" data-element_type=\"container\">\n\t\t\t\t<div class=\"elementor-element elementor-element-0ba52be elementor-widget elementor-widget-text-editor\" data-id=\"0ba52be\" data-element_type=\"widget\" data-widget_type=\"text-editor.default\">\n\t\t\t\t<div class=\"elementor-widget-container\">\n\t\t\t\t\t\t\t\t\t<h2><strong>CAP CURSOS DE FORMACI\u00d3N CONTINUA<\/strong><\/h2><h3>\u00a02025<\/h3><p><span style=\"text-decoration: underline;\"><strong>ENERO<\/strong><\/span><br \/>Lugar: <strong>c\/ Arturo Soria, 10<\/strong><br \/>D\u00edas: 29, 30, 31 de enero 3, 4, 5, 6 y 7 febrero<br \/>(mi\u00e9rcoles, jueves, viernes, lunes, martes y mi\u00e9rcoles, jueves y viernes)<br \/>(Curso entre semana)<br \/><strong>Horario 15:30 a 20:45<\/strong><br \/>Fecha tope de inscripci\u00f3n: 27 de enero<br \/><strong>Precio: 240\u20ac con tasa y tramitaci\u00f3n de tarjeta incluida<\/strong><\/p><p><span style=\"text-decoration: underline;\"><strong>MARZO<\/strong><\/span><br \/>Lugar: <strong>c\/ Arturo Soria, 10<\/strong><br \/>D\u00edas: 15, 16, 22, 23 y 29 de marzo<br \/>(s\u00e1bados y domingos)<br \/>(Curso fin de semana)<br \/><strong>Horario 07:30 a 15:00<\/strong><br \/>Fecha tope de inscripci\u00f3n: 14 de marzo<br \/><strong>Precio: 240\u20ac con tasa y tramitaci\u00f3n de tarjeta incluida<\/strong><\/p><p><!-- &nbsp;<\/p>\n<h2><strong>CAP INICIAL MERCANCIAS Y PROMOCION A MERCANCIAS<\/strong><\/h2>\n<p>Lugar: <strong>c\/ Hermanos Garc\u00eda Noblejas, 45<\/strong><br \/>Fechas: 12\/01\/2024 \u2013 16\/02\/2024 (CONVOCATORIA EXAMEN MARZO \u030124)<br \/>Curso por la ma\u00f1ana<br \/><strong>Horario 09:45 a 15:00<\/strong><br \/>Fecha tope de inscripci\u00f3n: 5 de enero<br \/><strong><span style=\"text-decoration: underline;\">Precio: 1275\u20ac<\/span> Incluye una tasa examen CAP<\/strong><br \/><strong><span style=\"text-decoration: underline;\">Precio con ADR (B\u00e1sico y cisternas): 1400\u20ac<\/span> Incluye una tasa examen CAP y una tasa examen DGT<\/strong><br \/><strong><span style=\"text-decoration: underline;\">Precio promoci\u00f3n a Mercanc\u00edas: 400\u20ac<\/span> Incluye una tasa examen CAP<\/strong> --><\/p><h2><strong>CAP INICIAL MERCANCIAS y VIAJEROS<\/strong><br \/><strong>PROMOCI\u00d3N A MERCANCIAS Y VIAJEROS<\/strong><\/h2><p>Lugar: <strong>c\/ Arturo Soria, 10<\/strong><br \/>Fechas: 09\/10\/2025\u2013 19\/12\/2025 (CONVOCATORIA EXAMEN ENERO\u00b426)<br \/>Curso por la tarde<br \/><strong>Horario 15:45 a 20:45<\/strong><br \/>Fecha tope de inscripci\u00f3n: 6 de octubre<\/p><p><strong>CAP Mercanc\u00edas: 1275\u20ac Incluye una tasa examen CAP<\/strong><br \/><strong>CAP Mercanc\u00edas con ADR (B\u00e1sico y cisternas): 1400\u20ac Incluye una tasa examen CAP y una tasa examen DGT<br \/><br \/><\/strong><strong>Precio CAP Viajeros: 1175\u20ac Incluye una tasa examen CAP<\/strong><br \/><strong>Precio promoci\u00f3n a Mercanc\u00edas\/Viajeros: 400\u20ac Incluye una tasa examen CAP<\/strong><\/p><p><strong>Documentaci\u00f3n necesaria<\/strong>:<br \/>Fotocopia DNI<br \/>Fotocopia del carn\u00e9 de conducir en vigor<br \/>1 Fotograf\u00eda tipo carnet<\/p><p>TLF. DE CONTACTO <a href=\"tel:+34913674648\" target=\"_blank\" rel=\"nofollow noopener\">913674648<\/a><br \/>M\u00d3VIL <a href=\"tel:+34638549921\" target=\"_blank\" rel=\"nofollow noopener\">638 549 921<\/a><\/p><p><a class=\"drivschol-btn drivschol-btn--base boton-cap\" href=\"mailto:belen@autoescuelabalmaseda.com\" target=\"_self\">BELEN@AUTOESCUELABALMASEDA.COM<\/a><\/p><div style=\"background-color: #fff; border: 3px solid #cccccc; padding: 50px 30px 50px 30px;\"><p><strong>Informaci\u00f3n e Inscripciones:\u00a0<\/strong><\/p><p>Arturo Soria, 10 Metro Ciudad Lineal<br \/>Tfno: <a href=\"tel:+34913674648\" target=\"_blank\" rel=\"nofollow noopener\">913674648<\/a><br \/><img decoding=\"async\" src=\"https:\/\/autoescuelabalmaseda.com\/es\/wp-content\/uploads\/2019\/01\/whatsapp.jpg\" width=\"20\" height=\"20\" \/> Whatsapp &#8211; <img decoding=\"async\" src=\"https:\/\/autoescuelabalmaseda.com\/es\/wp-content\/uploads\/2019\/01\/telegram.jpg\" width=\"20\" height=\"20\" \/>Telegram: 638 549 921<\/p><p><a class=\"drivschol-btn drivschol-btn--base boton-cap\" href=\"mailto:alumnos@autoescuelabalmaseda.com\" target=\"_self\">ALUMNOS@AUTOESCUELABALMASEDA.COM<\/a><\/p><\/div>\t\t\t\t\t\t\t\t<\/div>\n\t\t\t\t<\/div>\n\t\t\t\t<\/div>\n\t\t\t\t\t<\/div>\n\t\t\t\t<\/div>\n\t\t\t\t\t<\/div>\n\t\t\t\t<\/div>\n\t\t\t\t<\/div>\n\t\t","protected":false},"excerpt":{"rendered":"<p>SOLICITA INFORMACI\u00d3N SIN COMPROMISO OFERTAS DE TRABAJO PARA PROFESIONALES CAP CURSOS DE FORMACI\u00d3N CONTINUA \u00a02025 ENEROLugar: c\/ Arturo Soria, 10D\u00edas: 29, 30, 31 de enero 3, 4, 5, 6 y 7 febrero(mi\u00e9rcoles, jueves, viernes, lunes, martes y mi\u00e9rcoles, jueves y viernes)(Curso entre semana)Horario 15:30 a 20:45Fecha tope de inscripci\u00f3n: 27 de eneroPrecio: 240\u20ac con tasa [&hellip;]<\/p>\n","protected":false},"author":1,"featured_media":0,"parent":0,"menu_order":0,"comment_status":"closed","ping_status":"closed","template":"","meta":{"_acf_changed":false,"footnotes":""},"class_list":["post-3510","page","type-page","status-publish","hentry"],"acf":[],"_links":{"self":[{"href":"https:\/\/autoescuelabalmaseda.com\/es\/wp-json\/wp\/v2\/pages\/3510","targetHints":{"allow":["GET"]}}],"collection":[{"href":"https:\/\/autoescuelabalmaseda.com\/es\/wp-json\/wp\/v2\/pages"}],"about":[{"href":"https:\/\/autoescuelabalmaseda.com\/es\/wp-json\/wp\/v2\/types\/page"}],"author":[{"embeddable":true,"href":"https:\/\/autoescuelabalmaseda.com\/es\/wp-json\/wp\/v2\/users\/1"}],"replies":[{"embeddable":true,"href":"https:\/\/autoescuelabalmaseda.com\/es\/wp-json\/wp\/v2\/comments?post=3510"}],"version-history":[{"count":38,"href":"https:\/\/autoescuelabalmaseda.com\/es\/wp-json\/wp\/v2\/pages\/3510\/revisions"}],"predecessor-version":[{"id":12166,"href":"https:\/\/autoescuelabalmaseda.com\/es\/wp-json\/wp\/v2\/pages\/3510\/revisions\/12166"}],"wp:attachment":[{"href":"https:\/\/autoescuelabalmaseda.com\/es\/wp-json\/wp\/v2\/media?parent=3510"}],"curies":[{"name":"wp","href":"https:\/\/api.w.org\/{rel}","templated":true}]}}