{"id":3646,"date":"2015-05-28T14:05:21","date_gmt":"2015-05-28T14:05:21","guid":{"rendered":"https:\/\/autoescuelabalmaseda.com\/es\/?page_id=3646"},"modified":"2024-06-19T22:16:47","modified_gmt":"2024-06-19T20:16:47","slug":"privacidad","status":"publish","type":"page","link":"https:\/\/autoescuelabalmaseda.com\/es\/privacidad\/","title":{"rendered":"PRIVACIDAD"},"content":{"rendered":"\t\t<div data-elementor-type=\"wp-page\" data-elementor-id=\"3646\" class=\"elementor elementor-3646\">\n\t\t\t\t<div class=\"elementor-element elementor-element-46dadcc9 e-flex e-con-boxed e-con e-parent\" data-id=\"46dadcc9\" data-element_type=\"container\">\n\t\t\t\t\t<div class=\"e-con-inner\">\n\t\t\t\t<div class=\"elementor-element elementor-element-782e9355 elementor-widget elementor-widget-text-editor\" data-id=\"782e9355\" data-element_type=\"widget\" data-widget_type=\"text-editor.default\">\n\t\t\t\t<div class=\"elementor-widget-container\">\n\t\t\t\t\t\t\t\t\t<p style=\"text-align: justify;\">DERECHO DE INFORMACI\u00d3N: A los efectos de lo previsto en la Ley Org\u00e1nica de Protecci\u00f3n de Datos de car\u00e1cter personal, Autoescuela Balmaseda, S.A. informa de la existencia de un fichero automatizado de datos de car\u00e1cter personal creado por Autoescuela Balmaseda, S.A. (CIF B78804762) y bajo su responsabilidad con la finalidad de realizar el mantenimiento y gesti\u00f3n de la relaci\u00f3n con los solicitantes de informaci\u00f3n o clientes que han accedido a trav\u00e9s de los formularios electr\u00f3nicos de este sitio o mediante mensajes de correo electr\u00f3nico. El fichero referido ha sido inscrito en la Agencia de Protecci\u00f3n de Datos. Finalidad Los datos que usted facilita a Autoescuela Balmaseda, S.A.. tienen como finalidad gestionar su solicitud, facilitarle la informaci\u00f3n y\/o servicios.<\/p>\n<p style=\"text-align: justify;\">CONSENTIMIENTO DEL USUARIO. El uso de los mencionados formularios, as\u00ed como el env\u00edo de un correo electr\u00f3nico de consulta, supone el consentimiento del remitente al tratamiento automatizado de los datos incluidos en los medios de comunicaci\u00f3n indicados. Los datos no ser\u00e1n cedidos a terceros. Salvo en los campos en que expresamente se indique lo contrario, la entrega de informaci\u00f3n requerida sobre datos personales tendr\u00e1 el car\u00e1cter de voluntaria, sin que la negativa a facilitar dicha informaci\u00f3n implique una merma en la cantidad y calidad de los servicios que usted solicite. La falta de cumplimentaci\u00f3n de los campos determinados como obligatorios o el suministro de datos incorrectos imposibilitar\u00e1 que Autoescuela Balmaseda, S.A.. pueda prestarle los servicios que seleccione, gestionar su solicitud o remitirle la informaci\u00f3n solicitada.<\/p>\n<p style=\"text-align: justify;\">DERECHO DE ACCESO: Podr\u00e1 ejercer su derecho de acceso, rectificaci\u00f3n, cancelaci\u00f3n y oposici\u00f3n al tratamiento de sus datos personales, en los t\u00e9rminos y condiciones previstos en la propia LOPD. Para su mayor comodidad, tambi\u00e9n podr\u00e1 ejercer los derechos de antes mencionados dirigi\u00e9ndose a la siguiente direcci\u00f3n de correo electr\u00f3nico: administracion@autoescuelabalmaseda.com<\/p>\n<p style=\"text-align: justify;\">Autoescuela Balmaseda, S.A. no utiliza t\u00e1cticas de Spaming , y tampoco quedan registrados los usuarios por una mera visita a nuestra p\u00e1gina Web. Autoescuela Balmaseda, S.A.. tan solo tratar\u00e1 la informaci\u00f3n que el usuario nos comunique mediante correo electr\u00f3nico, o al informarse sobre nuestros servicios.<\/p>\n<p style=\"text-align: center;\"><a class=\"drivschol-btn drivschol-btn--base\" href=\"mailto:administracion@autoescuelabalmaseda.com\" target=\"blank\">ADMINISTRACION@AUTOESCUELABALMASEDA.COM<\/a><\/p>\n&nbsp;\n<p style=\"text-align: justify;\">SEGURIDAD: Autoescuela Balmaseda, S.A. mantiene los niveles de seguridad de protecci\u00f3n de sus datos conforme al Real Decreto 994\/1999, de 11 de Junio, relativo a las medidas de seguridad de los ficheros automatizados que contengan datos de car\u00e1cter personal y pone todos los medios t\u00e9cnicos a su alcance para evitar la p\u00e9rdida, mal uso, alteraci\u00f3n, uso no autorizado y robo de los datos que usted facilite a Autoescuela Balmaseda, S.A., sin perjuicio de informarle de que las medidas de seguridad en Internet no son inexpugnables. Respecto a cualquier tema relativo a la protecci\u00f3n de datos de car\u00e1cter personal, puede ponerse en contacto con nosotros mediante escrito dirigido a Autoescuela Balmaseda, S.A.. C\/Arturo Soria 10. 28027 MADRID o bien mediante nuestra direcci\u00f3n de correo electr\u00f3nico<\/p>\n<p style=\"text-align: center;\"><a class=\"drivschol-btn drivschol-btn--base\" href=\"mailto:administracion@autoescuelabalmaseda.com\" target=\"blank\">ADMINISTRACION@AUTOESCUELABALMASEDA.COM<\/a><\/p>\n&nbsp;\t\t\t\t\t\t\t\t<\/div>\n\t\t\t\t<\/div>\n\t\t\t\t\t<\/div>\n\t\t\t\t<\/div>\n\t\t\t\t<\/div>\n\t\t","protected":false},"excerpt":{"rendered":"<p>DERECHO DE INFORMACI\u00d3N: A los efectos de lo previsto en la Ley Org\u00e1nica de Protecci\u00f3n de Datos de car\u00e1cter personal, Autoescuela Balmaseda, S.A. informa de la existencia de un fichero automatizado de datos de car\u00e1cter personal creado por Autoescuela Balmaseda, S.A. (CIF B78804762) y bajo su responsabilidad con la finalidad de realizar el mantenimiento y [&hellip;]<\/p>\n","protected":false},"author":1,"featured_media":0,"parent":0,"menu_order":0,"comment_status":"closed","ping_status":"open","template":"","meta":{"_acf_changed":false,"footnotes":""},"class_list":["post-3646","page","type-page","status-publish","hentry"],"acf":[],"_links":{"self":[{"href":"https:\/\/autoescuelabalmaseda.com\/es\/wp-json\/wp\/v2\/pages\/3646","targetHints":{"allow":["GET"]}}],"collection":[{"href":"https:\/\/autoescuelabalmaseda.com\/es\/wp-json\/wp\/v2\/pages"}],"about":[{"href":"https:\/\/autoescuelabalmaseda.com\/es\/wp-json\/wp\/v2\/types\/page"}],"author":[{"embeddable":true,"href":"https:\/\/autoescuelabalmaseda.com\/es\/wp-json\/wp\/v2\/users\/1"}],"replies":[{"embeddable":true,"href":"https:\/\/autoescuelabalmaseda.com\/es\/wp-json\/wp\/v2\/comments?post=3646"}],"version-history":[{"count":4,"href":"https:\/\/autoescuelabalmaseda.com\/es\/wp-json\/wp\/v2\/pages\/3646\/revisions"}],"predecessor-version":[{"id":9683,"href":"https:\/\/autoescuelabalmaseda.com\/es\/wp-json\/wp\/v2\/pages\/3646\/revisions\/9683"}],"wp:attachment":[{"href":"https:\/\/autoescuelabalmaseda.com\/es\/wp-json\/wp\/v2\/media?parent=3646"}],"curies":[{"name":"wp","href":"https:\/\/api.w.org\/{rel}","templated":true}]}}