{"id":3655,"date":"2015-05-28T14:19:34","date_gmt":"2015-05-28T14:19:34","guid":{"rendered":"https:\/\/autoescuelabalmaseda.com\/es\/?page_id=3655"},"modified":"2024-12-09T19:33:41","modified_gmt":"2024-12-09T18:33:41","slug":"aviso-legal","status":"publish","type":"page","link":"https:\/\/autoescuelabalmaseda.com\/es\/aviso-legal\/","title":{"rendered":"AVISO LEGAL"},"content":{"rendered":"\t\t<div data-elementor-type=\"wp-page\" data-elementor-id=\"3655\" class=\"elementor elementor-3655\">\n\t\t\t\t<div class=\"elementor-element elementor-element-23fe9f6 e-flex e-con-boxed e-con e-parent\" data-id=\"23fe9f6\" data-element_type=\"container\">\n\t\t\t\t\t<div class=\"e-con-inner\">\n\t\t\t\t<div class=\"elementor-element elementor-element-50d1edfa elementor-widget elementor-widget-text-editor\" data-id=\"50d1edfa\" data-element_type=\"widget\" data-widget_type=\"text-editor.default\">\n\t\t\t\t<div class=\"elementor-widget-container\">\n\t\t\t\t\t\t\t\t\t<p style=\"text-align: justify;\"><strong>RESERVADOS TODOS LOS DERECHOS<\/strong><\/p><p style=\"text-align: justify;\">Toda la informaci\u00f3n contenida en esta web as\u00ed como su dise\u00f1o gr\u00e1fico, composici\u00f3n musical en su caso e im\u00e1genes de los diferentes productos mostrados constituye una obra cuya propiedad intelectual pertenece a la empresa\u00a0<strong>Autoescuela Balmaseda, S.A.<\/strong>\u00a0con domicilio en\u00a0<strong>Avd. Marqu\u00e9s de Corbera 59,\u00a0\u00a028017 MADRID\u00a0<\/strong>e inscrita en el<strong> registro mercantil en el\u00a0TOMO 8525 general, Libro 7408 SECCI\u00d3N 3\u00aa sociedades, Folio 181, hoja M80867-2, inscripci\u00f3n 1\u00aa, <\/strong>con n\u00famero de tel\u00e9fono<strong> 91 4089429<\/strong> y con<strong> CIF B78804762<\/strong>.<\/p><p style=\"text-align: justify;\">Los usuarios de Internet que accedan a esta web pueden visualizar la informaci\u00f3n contenida en el mismo y efectuar \u201cdownloads\u201d o reproducciones privadas en su sistema inform\u00e1tico; sin embargo tal autorizaci\u00f3n no alcanza la cesi\u00f3n posterior a terceros de los elementos reproducidos ni su instalaci\u00f3n en un servidor conectado a Internet o una red local. Queda absolutamente prohibida la distribuci\u00f3n, modificaci\u00f3n, alteraci\u00f3n, cesi\u00f3n, comunicaci\u00f3n p\u00fablica y cualquier otro acto que no sea expresamente autorizado por\u00a0Autoescuela Balmaseda, S.A.<\/p><p style=\"text-align: justify;\">Autoescuela Balmaseda, S.A.\u00a0no se hace responsable en el supuesto de que el acceso o las visitas a su web se viera imposibilitado o dificultado temporalmente debido a una interrupci\u00f3n o defectuosa prestaci\u00f3n del suministro el\u00e9ctrico, telef\u00f3nico, o del prestado por alg\u00fan otro proveedor de telecomunicaciones ajeno a la empresa; as\u00ed mismo se declina toda responsabilidad si se dieran tales circunstancias consecuencia de producirse conflictos sociales u otros conflictos de fuerza mayor, o cualquier actuaci\u00f3n de un tercero, incluidos los requerimientos u ordenes administrativas o judiciales, o saturaciones sean o no intencionadas.<\/p><p style=\"text-align: justify;\">Autoescuela Balmaseda, S.A.\u00a0declina igualmente toda responsabilidad derivada de los da\u00f1os y perjuicios que pudiera sufrir el visitante de su web en sus medios inform\u00e1ticos o telem\u00e1ticos a consecuencia de la producci\u00f3n de cualesquiera de las circunstancias o hechos descritos en el p\u00e1rrafo anterior.<\/p><p style=\"text-align: justify;\">Autoescuela Balmaseda, S.A.\u00a0le informa de que al objeto de optimizar el mantenimiento y gesti\u00f3n de la relaci\u00f3n contractual que pueda unirle con los visitantes, los datos personales que nos sean proporcionados ser\u00e1n incorporados a un fichero automatizado del que ser\u00e1 responsable\u00a0Autoescuela Balmaseda, S.A.\u00a0,\u00a0por ello, y de conformidad con lo dispuesto en la Ley Org\u00e1nica de Protecci\u00f3n de Datos de Car\u00e1cter Personal 15\/99 de 13 de diciembre se informa al usuario de la posibilidad de ejercitar los derechos de acceso, rectificaci\u00f3n, cancelaci\u00f3n y oposici\u00f3n respecto a los datos personales recabados, que podr\u00e1 hacer valer mediante comunicaci\u00f3n escrita en tal sentido dirigida \u00a0a Autoescuela Balmaseda, S.A., C\/Arturo Soria 10. 28027 MADRID o bien\u00a0mediante nuestra direcci\u00f3n de correo electr\u00f3nico<\/p><p style=\"text-align: center;\"><a class=\"drivschol-btn drivschol-btn--base\" href=\"mailto:administracion@autoescuelabalmaseda.com\" target=\"blank\">ADMINISTRACION@AUTOESCUELABALMASEDA.COM<\/a><\/p><p>\u00a0<\/p><p style=\"text-align: justify;\">Toda cuesti\u00f3n litigiosa relacionada con el acceso a esta web y uso de la misma por parte del visitante se regir\u00e1 por la ley espa\u00f1ola, aceptando el usuario la sumisi\u00f3n expresa a los Juzgados y Tribunales Espa\u00f1oles para dirimir cualquier divergencia y\/o conflicto.<\/p><p style=\"text-align: justify; line-height: 25px;\">Consulta la\u00a0<a class=\"drivschol-btn drivschol-btn--base\" href=\"\/es\/contratacion\/\" target=\"blank\">POL\u00cdTICA DE CONTRATACI\u00d3N<\/a> para ampliar cualquier informaci\u00f3n sobre la compra de productos y servicios a trav\u00e9s de nuestra web.<\/p>\t\t\t\t\t\t\t\t<\/div>\n\t\t\t\t<\/div>\n\t\t\t\t\t<\/div>\n\t\t\t\t<\/div>\n\t\t\t\t<\/div>\n\t\t","protected":false},"excerpt":{"rendered":"<p>RESERVADOS TODOS LOS DERECHOS Toda la informaci\u00f3n contenida en esta web as\u00ed como su dise\u00f1o gr\u00e1fico, composici\u00f3n musical en su caso e im\u00e1genes de los diferentes productos mostrados constituye una obra cuya propiedad intelectual pertenece a la empresa\u00a0Autoescuela Balmaseda, S.A.\u00a0con domicilio en\u00a0Avd. Marqu\u00e9s de Corbera 59,\u00a0\u00a028017 MADRID\u00a0e inscrita en el registro mercantil en el\u00a0TOMO 8525 [&hellip;]<\/p>\n","protected":false},"author":1,"featured_media":0,"parent":0,"menu_order":0,"comment_status":"closed","ping_status":"closed","template":"","meta":{"_acf_changed":false,"footnotes":""},"class_list":["post-3655","page","type-page","status-publish","hentry"],"acf":[],"_links":{"self":[{"href":"https:\/\/autoescuelabalmaseda.com\/es\/wp-json\/wp\/v2\/pages\/3655","targetHints":{"allow":["GET"]}}],"collection":[{"href":"https:\/\/autoescuelabalmaseda.com\/es\/wp-json\/wp\/v2\/pages"}],"about":[{"href":"https:\/\/autoescuelabalmaseda.com\/es\/wp-json\/wp\/v2\/types\/page"}],"author":[{"embeddable":true,"href":"https:\/\/autoescuelabalmaseda.com\/es\/wp-json\/wp\/v2\/users\/1"}],"replies":[{"embeddable":true,"href":"https:\/\/autoescuelabalmaseda.com\/es\/wp-json\/wp\/v2\/comments?post=3655"}],"version-history":[{"count":6,"href":"https:\/\/autoescuelabalmaseda.com\/es\/wp-json\/wp\/v2\/pages\/3655\/revisions"}],"predecessor-version":[{"id":11452,"href":"https:\/\/autoescuelabalmaseda.com\/es\/wp-json\/wp\/v2\/pages\/3655\/revisions\/11452"}],"wp:attachment":[{"href":"https:\/\/autoescuelabalmaseda.com\/es\/wp-json\/wp\/v2\/media?parent=3655"}],"curies":[{"name":"wp","href":"https:\/\/api.w.org\/{rel}","templated":true}]}}