{"id":3680,"date":"2015-05-28T14:35:41","date_gmt":"2015-05-28T14:35:41","guid":{"rendered":"https:\/\/autoescuelabalmaseda.com\/es\/?page_id=3680"},"modified":"2024-11-27T20:33:45","modified_gmt":"2024-11-27T19:33:45","slug":"contratacion","status":"publish","type":"page","link":"https:\/\/autoescuelabalmaseda.com\/es\/contratacion\/","title":{"rendered":"CONTRATACI\u00d3N"},"content":{"rendered":"<h3>CONDICIONES GENERALES<\/h3>\n<ol>\n<li>La Escuela impartir\u00e1 las ense\u00f1anzas necesarias para la obtenci\u00f3n de los permisos ofrecidos, con la m\u00e1xima dedicaci\u00f3n y eficacia, y con profesorado que cumpla todos los requisitos exigidos en el\u00a0Reglamento de Escuelas Particulares de Conductores. Real\u00a0Decreto 1295\/2003 de 17 de Octubre (BOE 28\/10\/2003), el cual estar\u00e1 a disposici\u00f3n de los alumnos.<\/li>\n<li>La duraci\u00f3n de las clases ser\u00e1 la siguiente: Te\u00f3rica, 45 minutos. Pr\u00e1cticas de maniobras, 30 minutos. Pr\u00e1cticas de circulaci\u00f3n, 45 minutos. No podr\u00e1n iniciarse las clases pr\u00e1cticas sin tener el examen te\u00f3rico aprobado.<\/li>\n<li>Para poder ser presentado a examen, ser\u00e1 necesaria una certificaci\u00f3n conjunta del Director\/a y el Profesor\/a que haya impartido las ense\u00f1anzas de la conducci\u00f3n en la que se expresa que, a su juicio, el alumno ha recibido las ense\u00f1anzas necesarias para la obtenci\u00f3n del permiso solicitado. Si el alumno\/a insistiera en ser presentado a examen sin este requisito, el Director de la Escuela lo har\u00e1 constar expresamente, resolviendo en cada caso la Jefatura Provincial de Tr\u00e1fico, seg\u00fan proceda.<\/li>\n<li>Los gastos de inscripci\u00f3n en la Escuela, cuya cuant\u00eda quedar\u00e1 reflejada en el <a href=\"#precios\">apartado de precios<\/a>, se abonar\u00e1n una sola vez, independientemente del n\u00famero de convocatorias necesarias para la obtenci\u00f3n del permiso de conducir. \u00danicamente se abonar\u00e1n los gastos de gesti\u00f3n de las distintas tramitaciones necesarias.<\/li>\n<li>Salvo casos debidamente justificados y autorizados por la Jefatura de Tr\u00e1fico, el alumno ser\u00e1 acompa\u00f1ado, durante la prueba de circulaci\u00f3n por el Profesor que le haya impartido la ense\u00f1anza pr\u00e1ctica, que se responsabilizar\u00e1 del doble mando y de la seguridad de la circulaci\u00f3n.<\/li>\n<li>La Escuela velar\u00e1 por el cumplimiento de todo lo dispuesto en la legislaci\u00f3n vigente, as\u00ed como del estricto cumplimiento de las obligaciones del profesorado, atendiendo cualquier reclamaci\u00f3n o queda del alumno en relaci\u00f3n con la ense\u00f1anza recibida, a cuyo efecto, en el caso de quedar disconforme el alumno, dispone de un libro de reclamaciones en el que podr\u00e1 manifestar sus quejas.<\/li>\n<li>La gesti\u00f3n ante los centros Oficiales de cuantos documentos sean necesarios para obtener el permiso de conducir ser\u00e1 realizada por el alumno, salvo que autorice a la Escuela, en cuyo caso deber\u00e1 figurar el importe asociado a este servicio en el <a href=\"#precios\">apartado de precios<\/a> del contrato. Real Decreto 1295\/2003 de 17 de Octubre, art\u00edculo 1.3.<\/li>\n<li>Cualquier otra cantidad de dinero que haya de percibir la Escuela por parte del alumno, deber\u00e1 estar reflejada en el contrato, con indicaci\u00f3n de concepto.<\/li>\n<\/ol>\n<h3>CONDICIONES\u00a0PARTICULARES<\/h3>\n<ol>\n<li>Los contratos tendr\u00e1n una duraci\u00f3n de 6 meses desde el d\u00eda de la contrataci\u00f3n y finalizar\u00e1 por una de las siguientes causas:\n<ol style=\"list-style-type: lower-alpha;\">\n<li>Transcurridos 6 meses de la fecha de contrataci\u00f3n y el alumno no hubiera obtenido el permiso contratado por causas ajenas a la Escuela<\/li>\n<li>Obtenci\u00f3n del permiso\u00a0para cuyo fin se contrat\u00f3 la ense\u00f1anza<\/li>\n<li>No inicio o suspensi\u00f3n de la ense\u00f1anza por un plazo de dos meses, seguidos o tres meses alternos, salvo causa de fuerza mayor debidamente justificada<\/li>\n<li>Por inclumplimiento de las obligaciones por parte del alumno (falta de pago o no aportaci\u00f3n de documentos) o de la Escual<\/li>\n<li>Por mutuo acuerdo de las partes. Estableci\u00e9ndose las condiciones econ\u00f3micas resultantes de la ruptura del contrato<\/li>\n<li>Si el alumno renunciase a la obtenci\u00f3n del permiso pretendido abonar\u00e1 todo lo adeudado hasta entonces, excepci\u00f3n hecha de las Tasas Oficiales siempre que estas no hubiesen sido desembolsadas en su nombre ante el Organismo correspondiente<\/li>\n<\/ol>\n<\/li>\n<li>En el caso de caducidad del contrato el alumno no volver\u00e1 a pagar, en ning\u00fan caso, el importe de inscripci\u00f3n en la Escuela. En todo caso, se abonar\u00e1 el resto de servicios que se hubieren prestado.<\/li>\n<li>Antes de la realizaci\u00f3n de los ex\u00e1menes correspondientes, el alumno abonar\u00e1 a la Escuela los servicios que se le hayan prestado.<\/li>\n<li>La documentaci\u00f3n necesaria para la solicitud del permiso contratado ser\u00e1 aportado por el alumno con una anticipaci\u00f3n de diez d\u00edas a la convocatoria correspondiente.<\/li>\n<li>El alumno deber\u00e1 asistir a las clases pr\u00e1cticas a la hora convenida. Si no asiste y no preavisa con 24 horas, salvo fuerza mayor o causa debidamente justificada. La ausencia a dos clases pr\u00e1cticas consecutivas, salvo en casos de fuerza mayor justificada, puede llevar consigo la supresi\u00f3n del Profesor y el veh\u00edculo asignados. Adem\u00e1s, la Escuela deber\u00e1 avisar al alumno con 24h de antelaci\u00f3n sobre la supresi\u00f3n de la clase en el caso de que el Profesor no pueda acudir, salvo que concurra fuerza mayor o causa debidamente justificada, facilitando su recuperaci\u00f3n a la mayor brevedad posible, dentro del plazo de 15 d\u00edas siguientes.<\/li>\n<li>En caso de disconformidad, el alumno podr\u00e1 presentar escrito de queja o reclamaci\u00f3n a la Escuela. Cualquier divergencia entre las partes, podr\u00e1 ser sometida a los Juzgados y Tribunales de Justicia, de conformidad con lo establecido en la legislaci\u00f3n vigente.<\/li>\n<li>En virtud de lo establecido en la Ley 15\/1999 de Protecci\u00f3n de Datos de Car\u00e1cter Personal, la Escuela informa de que los datos recogidos en\u00a0cualquier contrataci\u00f3n pasar\u00e1n a formar parte de un fichero titularidad de la misma, con la \u00fanica finalidad de gestionar la relaci\u00f3n que en virtud del contrato se establece entre las partes. La Escuela garantiza el ejercicio de los derechos del contratante de acceso, rectificaci\u00f3n, cancelaci\u00f3n y oposici\u00f3n solicit\u00e1ndolo por escrito a la Autoescuela Balmaseda, S.A., Avd. Marqu\u00e9s de Corbera, 59\u00a0&#8211; 28017 &#8211; Madrid, a la atenci\u00f3n del Responsable del Fichero (Ley 15\/1999 de 13 de Diciembre de Protecci\u00f3n de Datos de Car\u00e1cter Personal)<\/li>\n<li>Las fechas de convocatoria de examen del alumno ser\u00e1n fijadas por la Jefatura Provincial de Tr\u00e1fico a petici\u00f3n del interesado en funci\u00f3n de la capacidad de examen de esta Art\u00edculo 51 del Reglamento General de Conductores (Real Decreto 818\/2009 del 8 de Mayo)<\/li>\n<li>Si el alumno desease cambio de Profesor o veh\u00edculo deber\u00e1 notificarlo al Director qui\u00e9n resolver\u00e1 al respecto.<\/li>\n<li>La Escuela se reserva el derecho de cambio de profesor o veh\u00edculo por razones de fuerza mayor.<\/li>\n<li>Los gastos de tramitaci\u00f3n por expedientes sucesivos, si hubiera lugar, ser\u00e1n de 30 euros IVA incluido.<\/li>\n<li>Ofertas sujetas a la obtenci\u00f3n del permiso de conducir en Autoescuela Balmaseda S.A.<\/li>\n<\/ol>\n<h3 id=\"precios\">PRECIOS<\/h3>\n<p>Los precios de los productos mostrados en nuestra web incluyen el IVA (salvo en los cursos exentos de IVA)No se incluyen en el precio las siguientes tasas (salvo que la oferta indique lo contrario):<\/p>\n<ul>\n<li>Tasas de Examen Direcci\u00f3n General de Tr\u00e1fico: 94,05\u20ac (v\u00e1lida para dos ex\u00e1menes)<\/li>\n<li>Tasa del Centro de Ex\u00e1menes de Alcal\u00e1 de Henares: 18,76\u20ac (por examen)<\/li>\n<li>Tasa de Gesti\u00f3n: 40\u20ac (por examen)<\/li>\n<\/ul>\n<p style=\"text-align: left;\"><a href=\"\/es\/wp-content\/uploads\/2022\/01\/tabla-precios-2022.pdf\" target=\"blank\" rel=\"noopener\">VER TABLA DE PRECIOS COMPLETA<\/a><\/p>\n<h3>DERECHO DE DESISTIMIENTO<\/h3>\n<ul>\n<li>Tiene usted derecho a desistir del presente contrato en un plazo de 14 d\u00edas naturales sin necesidad de justificaci\u00f3n.<\/li>\n<li>El plazo de desistimiento expirar\u00e1 a los 14 d\u00edas naturales del d\u00eda de la\u00a0celebraci\u00f3n del contrato.<\/li>\n<li>Para ejercer el derecho de desistimiento, deber\u00e1 usted notificarnos a Autoescuela Balmaseda, S.A. con domicilio en Avd. Marqu\u00e9s de Corbera 59, 28017 MADRID, tel\u00e9fono 914089429 y correo electr\u00f3nico administracion@autoescuelabalmaseda.com su decisi\u00f3n de desistir del contrato a trav\u00e9s de una declaraci\u00f3n inequ\u00edvoca (por ejemplo, una carta enviada por correo postal, fax o correo electr\u00f3nico). Podr\u00e1 utilizar el modelo de formulario de desistimiento que figura a continuaci\u00f3n, aunque su uso no es obligatorio. Tiene usted asimismo la opci\u00f3n de <a href=\"https:\/\/autoescuelabalmaseda.com\/es\/desistimiento\/\">cumplimentar y enviar electr\u00f3nicamente el modelo de formulario de desistimiento<\/a> o cualquier otra declaraci\u00f3n inequ\u00edvoca a trav\u00e9s de nuestro sitio web https:\/\/autoescuelabalmaseda.com. Si recurre a esa opci\u00f3n, le comunicaremos sin demora en un soporte duradero (por ejemplo, por correo electr\u00f3nico) la recepci\u00f3n de dicho desistimiento.<\/li>\n<li>Para cumplir el plazo de desistimiento, basta con que la comunicaci\u00f3n relativa al ejercicio por su parte de este derecho sea enviada antes de que venza el plazo correspondiente.<\/li>\n<\/ul>\n<p><strong><br \/>\nConsecuencias del desistimiento<\/strong>: En caso de desistimiento por su parte y no haya comenzado la prestaci\u00f3n del servicio, le devolveremos todos los pagos recibidos de usted, incluidos los gastos de entrega (con la excepci\u00f3n de los gastos adicionales resultantes de la elecci\u00f3n por su parte de una modalidad de entrega diferente a la modalidad menos costosa de entrega ordinaria que ofrezcamos) sin ninguna demora indebida y, en todo caso, a m\u00e1s tardar 14 d\u00edas naturales a partir de la fecha en la que se nos informe de su decisi\u00f3n de desistir del presente contrato. En caso de desistimiento por su parte y se haya comenzado la prestaci\u00f3n de servicio, la Escuela cobrar\u00e1 el importe proporcional a la parte ya prestada del servicio.<\/p>\n<p>El reembolso se realizar\u00e1 utilizando el mismo medio de pago empleado para la transacci\u00f3n inicial, a no ser que\u00a0se haya dispuesto expresamente lo contrario; en todo caso, no incurrir\u00e1 en ning\u00fan gasto como consecuencia del reembolso.<\/p>\n<h3>MODELO DE FORMULARIO DE DESISTIMIENTO<\/h3>\n<p>(s\u00f3lo debe cumplimentar y enviar el presente formulario si desea desistir del contrato)<\/p>\n<p style=\"padding-left: 30px;\">A la atenci\u00f3n de Autoescuela Balmaseda, S.A., Avd. Marqu\u00e9s de Corbera, 59\u00a0&#8211; 28017 &#8211; Madrid, tel\u00e9fono 914089429 y correo electr\u00f3nico administracion@autoescuelabalmaseda.com:<\/p>\n<p style=\"padding-left: 30px;\">Por la presente le comunico que desisto de mi\u00a0contrato de prestaci\u00f3n del siguiente servicio:<\/p>\n<p style=\"padding-left: 30px;\">\u2013\u00a0N\u00famero de pedido<br \/>\n\u2013 Nombre del consumidor<br \/>\n\u2013 Domicilio del consumidor<br \/>\n\u2013 Firma del consumidor y usuario o de los consumidores y usuarios (solo si el presente formulario se presenta en papel)<br \/>\n\u2013 Fecha<\/p>\n<p>Si lo desea, puede ejercer su derecho a trav\u00e9s de nuestro <a href=\"https:\/\/autoescuelabalmaseda.com\/es\/desistimiento\/\">formulario de desistimiento<\/a>.<\/p>\n<h3>HOJAS DE RECLAMACI\u00d3N<\/h3>\n<p>Autoescuela Balmaseda pone a disposici\u00f3n de los usuarios Hojas de Reclamaciones (Real Decreto 1\/2010 de 14 de enero)<\/p>\n<p style=\"text-align: left;\"><a href=\"\/es\/wp-content\/uploads\/2018\/03\/HojaReclamacionesWeb.pdf\">DESCARGAR HOJA DE RECLAMACIONES<\/a><\/p>\n","protected":false},"excerpt":{"rendered":"<p>CONDICIONES GENERALES La Escuela impartir\u00e1 las ense\u00f1anzas necesarias para la obtenci\u00f3n de los permisos ofrecidos, con la m\u00e1xima dedicaci\u00f3n y eficacia, y con profesorado que cumpla todos los requisitos exigidos en el\u00a0Reglamento de Escuelas Particulares de Conductores. Real\u00a0Decreto 1295\/2003 de 17 de Octubre (BOE 28\/10\/2003), el cual estar\u00e1 a disposici\u00f3n de los alumnos. La duraci\u00f3n [&hellip;]<\/p>\n","protected":false},"author":1,"featured_media":0,"parent":0,"menu_order":0,"comment_status":"closed","ping_status":"closed","template":"","meta":{"_acf_changed":false,"footnotes":""},"class_list":["post-3680","page","type-page","status-publish","hentry"],"acf":[],"_links":{"self":[{"href":"https:\/\/autoescuelabalmaseda.com\/es\/wp-json\/wp\/v2\/pages\/3680","targetHints":{"allow":["GET"]}}],"collection":[{"href":"https:\/\/autoescuelabalmaseda.com\/es\/wp-json\/wp\/v2\/pages"}],"about":[{"href":"https:\/\/autoescuelabalmaseda.com\/es\/wp-json\/wp\/v2\/types\/page"}],"author":[{"embeddable":true,"href":"https:\/\/autoescuelabalmaseda.com\/es\/wp-json\/wp\/v2\/users\/1"}],"replies":[{"embeddable":true,"href":"https:\/\/autoescuelabalmaseda.com\/es\/wp-json\/wp\/v2\/comments?post=3680"}],"version-history":[{"count":8,"href":"https:\/\/autoescuelabalmaseda.com\/es\/wp-json\/wp\/v2\/pages\/3680\/revisions"}],"predecessor-version":[{"id":11098,"href":"https:\/\/autoescuelabalmaseda.com\/es\/wp-json\/wp\/v2\/pages\/3680\/revisions\/11098"}],"wp:attachment":[{"href":"https:\/\/autoescuelabalmaseda.com\/es\/wp-json\/wp\/v2\/media?parent=3680"}],"curies":[{"name":"wp","href":"https:\/\/api.w.org\/{rel}","templated":true}]}}