{"id":4568,"date":"2016-04-14T09:08:22","date_gmt":"2016-04-14T09:08:22","guid":{"rendered":"https:\/\/autoescuelabalmaseda.com\/es\/?page_id=4568"},"modified":"2024-06-15T20:00:47","modified_gmt":"2024-06-15T18:00:47","slug":"gumersindo-llorente-74","status":"publish","type":"page","link":"https:\/\/autoescuelabalmaseda.com\/es\/gumersindo-llorente-74\/","title":{"rendered":"AUTOESCUELA VEH\u00cdCULOS PESADOS EN MADRID"},"content":{"rendered":"\t\t<div data-elementor-type=\"wp-page\" data-elementor-id=\"4568\" class=\"elementor elementor-4568\">\n\t\t\t\t<div class=\"elementor-element elementor-element-e186c96 e-flex e-con-boxed e-con e-parent\" data-id=\"e186c96\" data-element_type=\"container\">\n\t\t\t\t\t<div class=\"e-con-inner\">\n\t\t\t\t<div class=\"elementor-element elementor-element-6618666 elementor-widget elementor-widget-google_maps\" data-id=\"6618666\" data-element_type=\"widget\" data-widget_type=\"google_maps.default\">\n\t\t\t\t<div class=\"elementor-widget-container\">\n\t\t\t\t\t\t\t<div class=\"elementor-custom-embed\">\n\t\t\t<iframe loading=\"lazy\"\n\t\t\t\t\tsrc=\"https:\/\/maps.google.com\/maps?q=Autoescuela%20Balmaseda%20GUMERSINDO%20LLORENTE%2074%20madrid&#038;t=m&#038;z=17&#038;output=embed&#038;iwloc=near\"\n\t\t\t\t\ttitle=\"Autoescuela Balmaseda GUMERSINDO LLORENTE 74 madrid\"\n\t\t\t\t\taria-label=\"Autoescuela Balmaseda GUMERSINDO LLORENTE 74 madrid\"\n\t\t\t><\/iframe>\n\t\t<\/div>\n\t\t\t\t\t\t<\/div>\n\t\t\t\t<\/div>\n\t\t\t\t<div class=\"elementor-element elementor-element-653791c elementor-widget elementor-widget-text-editor\" data-id=\"653791c\" data-element_type=\"widget\" data-widget_type=\"text-editor.default\">\n\t\t\t\t<div class=\"elementor-widget-container\">\n\t\t\t\t\t\t\t\t\t<p>Es nuestra pista privada destinada a impartir clases de veh\u00edculos pesados, que cuenta con 3.000 metros cuadrados asfaltados donde poder practicar las distintas maniobras de examen tanto para autob\u00fas como cami\u00f3n y tr\u00e1iler.<br \/>En ella impartimos curso privados a empresas, siendo el \u00e1rea de formaci\u00f3n de la guardia civil uno de nuestros principales clientes. Adem\u00e1s cuenta con un aula para formaci\u00f3n te\u00f3rica de 45 metros.<\/p>\t\t\t\t\t\t\t\t<\/div>\n\t\t\t\t<\/div>\n\t\t<div class=\"elementor-element elementor-element-4643228 e-grid e-con-boxed e-con e-child\" data-id=\"4643228\" data-element_type=\"container\">\n\t\t\t\t\t<div class=\"e-con-inner\">\n\t\t\t\t<div class=\"elementor-element elementor-element-2f7bd61 elementor-widget elementor-widget-text-editor\" data-id=\"2f7bd61\" data-element_type=\"widget\" data-widget_type=\"text-editor.default\">\n\t\t\t\t<div class=\"elementor-widget-container\">\n\t\t\t\t\t\t\t\t\t<h5>GUMERSINDO LLORENTE 74 \/ Veh\u00edculos pesados<\/h5><hr \/><h5><strong>Direcci\u00f3n:<\/strong> Calle Gumersindo Llorente 74, 28022 Madrid<br \/><strong>Tel\u00e9fono:<\/strong> 640 209 166<\/h5><p><img decoding=\"async\" class=\"imagenResp marcoColunmImage\" src=\"\/wp-content\/uploads\/2024\/06\/gumersindo-llorente.jpg\" alt=\"FotoOfiCentral\" \/><\/p>\t\t\t\t\t\t\t\t<\/div>\n\t\t\t\t<\/div>\n\t\t\t\t<div class=\"elementor-element elementor-element-8a609bc elementor-widget elementor-widget-text-editor\" data-id=\"8a609bc\" data-element_type=\"widget\" data-widget_type=\"text-editor.default\">\n\t\t\t\t<div class=\"elementor-widget-container\">\n\t\t\t\t\t\t\t\t\t<p>\n<div class=\"wpcf7 no-js\" id=\"wpcf7-f4230-o1\" lang=\"es-ES\" dir=\"ltr\" data-wpcf7-id=\"4230\">\n<div class=\"screen-reader-response\"><p role=\"status\" aria-live=\"polite\" aria-atomic=\"true\"><\/p> <ul><\/ul><\/div>\n<form action=\"\/es\/wp-json\/wp\/v2\/pages\/4568#wpcf7-f4230-o1\" method=\"post\" class=\"wpcf7-form init\" aria-label=\"Formulario de contacto\" novalidate=\"novalidate\" data-status=\"init\">\n<div style=\"display: none;\">\n<input type=\"hidden\" name=\"_wpcf7\" value=\"4230\" \/>\n<input type=\"hidden\" name=\"_wpcf7_version\" value=\"6.0.3\" \/>\n<input type=\"hidden\" name=\"_wpcf7_locale\" value=\"es_ES\" \/>\n<input type=\"hidden\" name=\"_wpcf7_unit_tag\" value=\"wpcf7-f4230-o1\" \/>\n<input type=\"hidden\" name=\"_wpcf7_container_post\" value=\"0\" \/>\n<input type=\"hidden\" name=\"_wpcf7_posted_data_hash\" value=\"\" \/>\n<input type=\"hidden\" name=\"_wpcf7_recaptcha_response\" value=\"\" \/>\n<\/div>\n<div  class=\"infoCentrosSelector\"><div  style=\"float:left; width:100%; margin-right:10px;\"><br \/><strong>\u00bfComo quieres que contactemos contigo?<\/strong>\n    <span class=\"wpcf7-form-control-wrap\" data-name=\"radio-739\"><span class=\"wpcf7-form-control wpcf7-radio\"><span class=\"wpcf7-list-item first\"><label><input type=\"radio\" name=\"radio-739\" value=\"Whatsapp(Recomendado)\" checked=\"checked\" \/><span class=\"wpcf7-list-item-label\">Whatsapp(Recomendado)<\/span><\/label><\/span><span class=\"wpcf7-list-item\"><label><input type=\"radio\" name=\"radio-739\" value=\"Tel\u00e9fono\" \/><span class=\"wpcf7-list-item-label\">Tel\u00e9fono<\/span><\/label><\/span><span class=\"wpcf7-list-item last\"><label><input type=\"radio\" name=\"radio-739\" value=\"Correo Electr\u00f3nico\" \/><span class=\"wpcf7-list-item-label\">Correo Electr\u00f3nico<\/span><\/label><\/span><\/span><\/span><br \/> <\/div><\/div>\n<p>O escr\u00edbenos a nuestro email <a href=\"mailto:alumnos@autoescuelabalmaseda.com\" target=\"_blank\">alumnos@autoescuelabalmaseda.com<\/a><\/p>\n<div  class=\"infoCentros\"><div style=\"float:left; width:250px; margin-right:10px;\"><strong>Tu nombre<span style=\"color:#FF0000;\">*<\/span><br \/>\n    <span class=\"wpcf7-form-control-wrap\" data-name=\"your-name\"><input size=\"40\" maxlength=\"400\" class=\"wpcf7-form-control wpcf7-text wpcf7-validates-as-required\" aria-required=\"true\" aria-invalid=\"false\" value=\"\" type=\"text\" name=\"your-name\" \/><\/span> <\/strong><\/div>\n\n<div style=\"float:left; width:250px; \"><strong>Tu email<span style=\"color:#FF0000;style=\"width:100%\"\">*<\/span><br \/>\n    <span class=\"wpcf7-form-control-wrap\" data-name=\"your-email\"><input size=\"40\" maxlength=\"400\" class=\"wpcf7-form-control wpcf7-email wpcf7-validates-as-required wpcf7-text wpcf7-validates-as-email\" aria-required=\"true\" aria-invalid=\"false\" value=\"\" type=\"email\" name=\"your-email\" \/><\/span> <\/strong><\/div>\n\n<div style=\"clear:both;\"><\/div>\n\n<div style=\"float:left; width:250px; margin-right:10px;\"><strong>Tu tel\u00e9fono<span style=\"color:#FF0000;style=\"width:100%\"\"><\/span><br \/>\n    <span class=\"wpcf7-form-control-wrap\" data-name=\"your-phone\"><input size=\"40\" maxlength=\"400\" class=\"wpcf7-form-control wpcf7-text\" aria-invalid=\"false\" value=\"\" type=\"text\" name=\"your-phone\" \/><\/span> <\/strong><\/div>\n\n<div style=\"float:left; width:250px; \"><strong>Asunto<span style=\"color:#FF0000;style=\"width:100%\"\"><\/span><br \/>\n    <span class=\"wpcf7-form-control-wrap\" data-name=\"your-subject\"><input size=\"40\" maxlength=\"400\" class=\"wpcf7-form-control wpcf7-text\" aria-invalid=\"false\" value=\"\" type=\"text\" name=\"your-subject\" \/><\/span> <\/strong><\/div>\n\n<div style=\"clear:both;\"><\/div>\n\n<strong>Tus dudas<br \/>\n    <span class=\"wpcf7-form-control-wrap\" data-name=\"your-message\"><textarea cols=\"40\" rows=\"10\" maxlength=\"2000\" class=\"wpcf7-form-control wpcf7-textarea\" aria-invalid=\"false\" name=\"your-message\"><\/textarea><\/span> <\/strong>\n\n<p><span class=\"wpcf7-form-control-wrap\" data-name=\"acceptance-576\"><span class=\"wpcf7-form-control wpcf7-acceptance\"><span class=\"wpcf7-list-item\"><input type=\"checkbox\" name=\"acceptance-576\" value=\"1\" aria-invalid=\"false\" \/><\/span><\/span><\/span> He le\u00eddo y acepto <a style=\"color:#d12a43;\" href=\"https:\/\/autoescuelabalmaseda.com\/es\/privacidad\/\" target=\"blank\"\/>Pol\u00edtica de privacidad<\/a>\n<\/p>\n\n<p><button type=\"submit\" class=\"drivschol-btn drivschol-btn--base\"><span>ENVIAR<\/span><\/button><\/p>\n<\/div>\n<style>\n.infoCentrosSelector .wpcf7-list-item {\n    display: block;\n    margin: 0 0 0 1em;\n}\n<\/style><div class=\"wpcf7-response-output\" aria-hidden=\"true\"><\/div>\n<\/form>\n<\/div>\n<\/p>\t\t\t\t\t\t\t\t<\/div>\n\t\t\t\t<\/div>\n\t\t\t\t\t<\/div>\n\t\t\t\t<\/div>\n\t\t\t\t\t<\/div>\n\t\t\t\t<\/div>\n\t\t\t\t<\/div>\n\t\t","protected":false},"excerpt":{"rendered":"<p>Es nuestra pista privada destinada a impartir clases de veh\u00edculos pesados, que cuenta con 3.000 metros cuadrados asfaltados donde poder practicar las distintas maniobras de examen tanto para autob\u00fas como cami\u00f3n y tr\u00e1iler.En ella impartimos curso privados a empresas, siendo el \u00e1rea de formaci\u00f3n de la guardia civil uno de nuestros principales clientes. Adem\u00e1s cuenta [&hellip;]<\/p>\n","protected":false},"author":1,"featured_media":0,"parent":0,"menu_order":0,"comment_status":"closed","ping_status":"closed","template":"","meta":{"_acf_changed":false,"footnotes":""},"class_list":["post-4568","page","type-page","status-publish","hentry"],"acf":[],"_links":{"self":[{"href":"https:\/\/autoescuelabalmaseda.com\/es\/wp-json\/wp\/v2\/pages\/4568","targetHints":{"allow":["GET"]}}],"collection":[{"href":"https:\/\/autoescuelabalmaseda.com\/es\/wp-json\/wp\/v2\/pages"}],"about":[{"href":"https:\/\/autoescuelabalmaseda.com\/es\/wp-json\/wp\/v2\/types\/page"}],"author":[{"embeddable":true,"href":"https:\/\/autoescuelabalmaseda.com\/es\/wp-json\/wp\/v2\/users\/1"}],"replies":[{"embeddable":true,"href":"https:\/\/autoescuelabalmaseda.com\/es\/wp-json\/wp\/v2\/comments?post=4568"}],"version-history":[{"count":3,"href":"https:\/\/autoescuelabalmaseda.com\/es\/wp-json\/wp\/v2\/pages\/4568\/revisions"}],"predecessor-version":[{"id":9508,"href":"https:\/\/autoescuelabalmaseda.com\/es\/wp-json\/wp\/v2\/pages\/4568\/revisions\/9508"}],"wp:attachment":[{"href":"https:\/\/autoescuelabalmaseda.com\/es\/wp-json\/wp\/v2\/media?parent=4568"}],"curies":[{"name":"wp","href":"https:\/\/api.w.org\/{rel}","templated":true}]}}