{"id":4579,"date":"2016-04-14T09:05:20","date_gmt":"2016-04-14T09:05:20","guid":{"rendered":"https:\/\/autoescuelabalmaseda.com\/es\/?page_id=4579"},"modified":"2024-06-16T09:53:33","modified_gmt":"2024-06-16T07:53:33","slug":"puerta-del-vado-4","status":"publish","type":"page","link":"https:\/\/autoescuelabalmaseda.com\/es\/puerta-del-vado-4\/","title":{"rendered":"PUERTA DEL VADO 4"},"content":{"rendered":"\t\t<div data-elementor-type=\"wp-page\" data-elementor-id=\"4579\" class=\"elementor elementor-4579\">\n\t\t\t\t<div class=\"elementor-element elementor-element-d0805bb e-flex e-con-boxed e-con e-parent\" data-id=\"d0805bb\" data-element_type=\"container\">\n\t\t\t\t\t<div class=\"e-con-inner\">\n\t\t\t\t<div class=\"elementor-element elementor-element-0aff329 elementor-widget elementor-widget-google_maps\" data-id=\"0aff329\" data-element_type=\"widget\" data-widget_type=\"google_maps.default\">\n\t\t\t\t<div class=\"elementor-widget-container\">\n\t\t\t\t\t\t\t<div class=\"elementor-custom-embed\">\n\t\t\t<iframe loading=\"lazy\"\n\t\t\t\t\tsrc=\"https:\/\/maps.google.com\/maps?q=autoescuela%20balmaseda%20Plaza%20Puerta%20del%20Vado%204%20alcala%20de%20henares%20madrid&#038;t=m&#038;z=17&#038;output=embed&#038;iwloc=near\"\n\t\t\t\t\ttitle=\"autoescuela balmaseda Plaza Puerta del Vado 4 alcala de henares madrid\"\n\t\t\t\t\taria-label=\"autoescuela balmaseda Plaza Puerta del Vado 4 alcala de henares madrid\"\n\t\t\t><\/iframe>\n\t\t<\/div>\n\t\t\t\t\t\t<\/div>\n\t\t\t\t<\/div>\n\t\t\t\t<div class=\"elementor-element elementor-element-c1d6b03 elementor-widget elementor-widget-text-editor\" data-id=\"c1d6b03\" data-element_type=\"widget\" data-widget_type=\"text-editor.default\">\n\t\t\t\t<div class=\"elementor-widget-container\">\n\t\t\t\t\t\t\t\t\t<p>Lo que diferencia este centro con las dem\u00e1s autoescuelas de la zona son los trabajadores, tanto German como Alberto han hecho posible que seamos diferentes y que hayamos conseguido el \u00edndice de satisfacci\u00f3n de los alumnos m\u00e1s elevado como se puede ver en los comentarios de google. Son especialistas en coche y moto !!!<\/p>\t\t\t\t\t\t\t\t<\/div>\n\t\t\t\t<\/div>\n\t\t<div class=\"elementor-element elementor-element-874b649 e-grid e-con-boxed e-con e-child\" data-id=\"874b649\" data-element_type=\"container\">\n\t\t\t\t\t<div class=\"e-con-inner\">\n\t\t\t\t<div class=\"elementor-element elementor-element-27531cc elementor-widget elementor-widget-text-editor\" data-id=\"27531cc\" data-element_type=\"widget\" data-widget_type=\"text-editor.default\">\n\t\t\t\t<div class=\"elementor-widget-container\">\n\t\t\t\t\t\t\t\t\t<h5>PUERTA DEL VADO 4<\/h5><hr \/><h5><strong>Direcci\u00f3n:<\/strong> Plaza Puerta del Vado 4, 28803 Alcal\u00e1 de Henares Madrid<br \/><strong>Tel\u00e9fono:<\/strong> 91 877 33 06<\/h5><p><img decoding=\"async\" class=\"imagenResp marcoColunmImage\" src=\"\/wp-content\/uploads\/2024\/06\/puerta-del-vado.jpg\" alt=\"FotoOfiCentral\" \/><\/p>\t\t\t\t\t\t\t\t<\/div>\n\t\t\t\t<\/div>\n\t\t\t\t<div class=\"elementor-element elementor-element-d92bf4f elementor-widget elementor-widget-text-editor\" data-id=\"d92bf4f\" data-element_type=\"widget\" data-widget_type=\"text-editor.default\">\n\t\t\t\t<div class=\"elementor-widget-container\">\n\t\t\t\t\t\t\t\t\t<p>\n<div class=\"wpcf7 no-js\" id=\"wpcf7-f4230-o1\" lang=\"es-ES\" dir=\"ltr\" data-wpcf7-id=\"4230\">\n<div class=\"screen-reader-response\"><p role=\"status\" aria-live=\"polite\" aria-atomic=\"true\"><\/p> <ul><\/ul><\/div>\n<form action=\"\/es\/wp-json\/wp\/v2\/pages\/4579#wpcf7-f4230-o1\" method=\"post\" class=\"wpcf7-form init\" aria-label=\"Formulario de contacto\" novalidate=\"novalidate\" data-status=\"init\">\n<div style=\"display: none;\">\n<input type=\"hidden\" name=\"_wpcf7\" value=\"4230\" \/>\n<input type=\"hidden\" name=\"_wpcf7_version\" value=\"6.0.3\" \/>\n<input type=\"hidden\" name=\"_wpcf7_locale\" value=\"es_ES\" \/>\n<input type=\"hidden\" name=\"_wpcf7_unit_tag\" value=\"wpcf7-f4230-o1\" \/>\n<input type=\"hidden\" name=\"_wpcf7_container_post\" value=\"0\" \/>\n<input type=\"hidden\" name=\"_wpcf7_posted_data_hash\" value=\"\" \/>\n<input type=\"hidden\" name=\"_wpcf7_recaptcha_response\" value=\"\" \/>\n<\/div>\n<div  class=\"infoCentrosSelector\"><div  style=\"float:left; width:100%; margin-right:10px;\"><br \/><strong>\u00bfComo quieres que contactemos contigo?<\/strong>\n    <span class=\"wpcf7-form-control-wrap\" data-name=\"radio-739\"><span class=\"wpcf7-form-control wpcf7-radio\"><span class=\"wpcf7-list-item first\"><label><input type=\"radio\" name=\"radio-739\" value=\"Whatsapp(Recomendado)\" checked=\"checked\" \/><span class=\"wpcf7-list-item-label\">Whatsapp(Recomendado)<\/span><\/label><\/span><span class=\"wpcf7-list-item\"><label><input type=\"radio\" name=\"radio-739\" value=\"Tel\u00e9fono\" \/><span class=\"wpcf7-list-item-label\">Tel\u00e9fono<\/span><\/label><\/span><span class=\"wpcf7-list-item last\"><label><input type=\"radio\" name=\"radio-739\" value=\"Correo Electr\u00f3nico\" \/><span class=\"wpcf7-list-item-label\">Correo Electr\u00f3nico<\/span><\/label><\/span><\/span><\/span><br \/> <\/div><\/div>\n<p>O escr\u00edbenos a nuestro email <a href=\"mailto:alumnos@autoescuelabalmaseda.com\" target=\"_blank\">alumnos@autoescuelabalmaseda.com<\/a><\/p>\n<div  class=\"infoCentros\"><div style=\"float:left; width:250px; margin-right:10px;\"><strong>Tu nombre<span style=\"color:#FF0000;\">*<\/span><br \/>\n    <span class=\"wpcf7-form-control-wrap\" data-name=\"your-name\"><input size=\"40\" maxlength=\"400\" class=\"wpcf7-form-control wpcf7-text wpcf7-validates-as-required\" aria-required=\"true\" aria-invalid=\"false\" value=\"\" type=\"text\" name=\"your-name\" \/><\/span> <\/strong><\/div>\n\n<div style=\"float:left; width:250px; \"><strong>Tu email<span style=\"color:#FF0000;style=\"width:100%\"\">*<\/span><br \/>\n    <span class=\"wpcf7-form-control-wrap\" data-name=\"your-email\"><input size=\"40\" maxlength=\"400\" class=\"wpcf7-form-control wpcf7-email wpcf7-validates-as-required wpcf7-text wpcf7-validates-as-email\" aria-required=\"true\" aria-invalid=\"false\" value=\"\" type=\"email\" name=\"your-email\" \/><\/span> <\/strong><\/div>\n\n<div style=\"clear:both;\"><\/div>\n\n<div style=\"float:left; width:250px; margin-right:10px;\"><strong>Tu tel\u00e9fono<span style=\"color:#FF0000;style=\"width:100%\"\"><\/span><br \/>\n    <span class=\"wpcf7-form-control-wrap\" data-name=\"your-phone\"><input size=\"40\" maxlength=\"400\" class=\"wpcf7-form-control wpcf7-text\" aria-invalid=\"false\" value=\"\" type=\"text\" name=\"your-phone\" \/><\/span> <\/strong><\/div>\n\n<div style=\"float:left; width:250px; \"><strong>Asunto<span style=\"color:#FF0000;style=\"width:100%\"\"><\/span><br \/>\n    <span class=\"wpcf7-form-control-wrap\" data-name=\"your-subject\"><input size=\"40\" maxlength=\"400\" class=\"wpcf7-form-control wpcf7-text\" aria-invalid=\"false\" value=\"\" type=\"text\" name=\"your-subject\" \/><\/span> <\/strong><\/div>\n\n<div style=\"clear:both;\"><\/div>\n\n<strong>Tus dudas<br \/>\n    <span class=\"wpcf7-form-control-wrap\" data-name=\"your-message\"><textarea cols=\"40\" rows=\"10\" maxlength=\"2000\" class=\"wpcf7-form-control wpcf7-textarea\" aria-invalid=\"false\" name=\"your-message\"><\/textarea><\/span> <\/strong>\n\n<p><span class=\"wpcf7-form-control-wrap\" data-name=\"acceptance-576\"><span class=\"wpcf7-form-control wpcf7-acceptance\"><span class=\"wpcf7-list-item\"><input type=\"checkbox\" name=\"acceptance-576\" value=\"1\" aria-invalid=\"false\" \/><\/span><\/span><\/span> He le\u00eddo y acepto <a style=\"color:#d12a43;\" href=\"https:\/\/autoescuelabalmaseda.com\/es\/privacidad\/\" target=\"blank\"\/>Pol\u00edtica de privacidad<\/a>\n<\/p>\n\n<p><button type=\"submit\" class=\"drivschol-btn drivschol-btn--base\"><span>ENVIAR<\/span><\/button><\/p>\n<\/div>\n<style>\n.infoCentrosSelector .wpcf7-list-item {\n    display: block;\n    margin: 0 0 0 1em;\n}\n<\/style><div class=\"wpcf7-response-output\" aria-hidden=\"true\"><\/div>\n<\/form>\n<\/div>\n<\/p>\t\t\t\t\t\t\t\t<\/div>\n\t\t\t\t<\/div>\n\t\t\t\t\t<\/div>\n\t\t\t\t<\/div>\n\t\t\t\t\t<\/div>\n\t\t\t\t<\/div>\n\t\t\t\t<\/div>\n\t\t","protected":false},"excerpt":{"rendered":"<p>Lo que diferencia este centro con las dem\u00e1s autoescuelas de la zona son los trabajadores, tanto German como Alberto han hecho posible que seamos diferentes y que hayamos conseguido el \u00edndice de satisfacci\u00f3n de los alumnos m\u00e1s elevado como se puede ver en los comentarios de google. Son especialistas en coche y moto !!! PUERTA [&hellip;]<\/p>\n","protected":false},"author":1,"featured_media":0,"parent":0,"menu_order":0,"comment_status":"closed","ping_status":"closed","template":"","meta":{"_acf_changed":false,"footnotes":""},"class_list":["post-4579","page","type-page","status-publish","hentry"],"acf":[],"_links":{"self":[{"href":"https:\/\/autoescuelabalmaseda.com\/es\/wp-json\/wp\/v2\/pages\/4579","targetHints":{"allow":["GET"]}}],"collection":[{"href":"https:\/\/autoescuelabalmaseda.com\/es\/wp-json\/wp\/v2\/pages"}],"about":[{"href":"https:\/\/autoescuelabalmaseda.com\/es\/wp-json\/wp\/v2\/types\/page"}],"author":[{"embeddable":true,"href":"https:\/\/autoescuelabalmaseda.com\/es\/wp-json\/wp\/v2\/users\/1"}],"replies":[{"embeddable":true,"href":"https:\/\/autoescuelabalmaseda.com\/es\/wp-json\/wp\/v2\/comments?post=4579"}],"version-history":[{"count":4,"href":"https:\/\/autoescuelabalmaseda.com\/es\/wp-json\/wp\/v2\/pages\/4579\/revisions"}],"predecessor-version":[{"id":12438,"href":"https:\/\/autoescuelabalmaseda.com\/es\/wp-json\/wp\/v2\/pages\/4579\/revisions\/12438"}],"wp:attachment":[{"href":"https:\/\/autoescuelabalmaseda.com\/es\/wp-json\/wp\/v2\/media?parent=4579"}],"curies":[{"name":"wp","href":"https:\/\/api.w.org\/{rel}","templated":true}]}}