{"id":5983,"date":"2018-08-03T11:48:35","date_gmt":"2018-08-03T11:48:35","guid":{"rendered":"https:\/\/autoescuelabalmaseda.com\/es\/?page_id=5983"},"modified":"2025-07-21T19:42:19","modified_gmt":"2025-07-21T17:42:19","slug":"lista-infracciones-perdida-puntos","status":"publish","type":"page","link":"https:\/\/autoescuelabalmaseda.com\/es\/lista-infracciones-perdida-puntos\/","title":{"rendered":"LISTADO DE INFRACCIONES Y P\u00c9RDIDA DE PUNTOS DEL CARNET DE CONDUCIR"},"content":{"rendered":"\t\t<div data-elementor-type=\"wp-page\" data-elementor-id=\"5983\" class=\"elementor elementor-5983\">\n\t\t\t\t<div class=\"elementor-element elementor-element-083afc5 e-flex e-con-boxed e-con e-parent\" data-id=\"083afc5\" data-element_type=\"container\">\n\t\t\t\t\t<div class=\"e-con-inner\">\n\t\t<div class=\"elementor-element elementor-element-03fe8d6 e-flex e-con-boxed e-con e-child\" data-id=\"03fe8d6\" data-element_type=\"container\">\n\t\t\t\t\t<div class=\"e-con-inner\">\n\t\t<div class=\"elementor-element elementor-element-1279403 e-con-full e-flex e-con e-child\" data-id=\"1279403\" data-element_type=\"container\">\n\t\t\t\t<div class=\"elementor-element elementor-element-828e0ef elementor-widget elementor-widget-text-editor\" data-id=\"828e0ef\" data-element_type=\"widget\" data-widget_type=\"text-editor.default\">\n\t\t\t\t<div class=\"elementor-widget-container\">\n\t\t\t\t\t\t\t\t\t<div class=\"bloque mb-2 mt-4\"><h2>\u00bfQuieres recuperar los\u00a0<strong>PUNTOS DE TU CARNET?<\/strong><\/h2><\/div><div><p>Rellena tus datos ahora y descubre el curso para ti. Ent\u00e9rate de requisitos y fechas de inicio. Te brindamos toda la informaci\u00f3n que necesites.<\/p><p>Te informamos sin compromiso:<\/p><\/div><p style=\"text-align: center;\">\n<div class=\"wpcf7 no-js\" id=\"wpcf7-f7386-o1\" lang=\"es-ES\" dir=\"ltr\" data-wpcf7-id=\"7386\">\n<div class=\"screen-reader-response\"><p role=\"status\" aria-live=\"polite\" aria-atomic=\"true\"><\/p> <ul><\/ul><\/div>\n<form action=\"\/es\/wp-json\/wp\/v2\/pages\/5983#wpcf7-f7386-o1\" method=\"post\" class=\"wpcf7-form init\" aria-label=\"Formulario de contacto\" novalidate=\"novalidate\" data-status=\"init\">\n<fieldset class=\"hidden-fields-container\"><input type=\"hidden\" name=\"_wpcf7\" value=\"7386\" \/><input type=\"hidden\" name=\"_wpcf7_version\" value=\"6.1.5\" \/><input type=\"hidden\" name=\"_wpcf7_locale\" value=\"es_ES\" \/><input type=\"hidden\" name=\"_wpcf7_unit_tag\" value=\"wpcf7-f7386-o1\" \/><input type=\"hidden\" name=\"_wpcf7_container_post\" value=\"0\" \/><input type=\"hidden\" name=\"_wpcf7_posted_data_hash\" value=\"\" \/><input type=\"hidden\" name=\"_wpcf7_recaptcha_response\" value=\"\" \/>\n<\/fieldset>\n<div class=\"form-one__control form-one selecciona\">\n<h5>\u00bfComo quieres que contactemos contigo?<\/h5>\n    <span class=\"wpcf7-form-control-wrap\" data-name=\"radio-739\"><span class=\"wpcf7-form-control wpcf7-radio\"><span class=\"wpcf7-list-item first\"><label><input type=\"radio\" name=\"radio-739\" value=\"Whatsapp(Recomendado)\" checked=\"checked\" \/><span class=\"wpcf7-list-item-label\">Whatsapp(Recomendado)<\/span><\/label><\/span><span class=\"wpcf7-list-item\"><label><input type=\"radio\" name=\"radio-739\" value=\"Tel\u00e9fono\" \/><span class=\"wpcf7-list-item-label\">Tel\u00e9fono<\/span><\/label><\/span><span class=\"wpcf7-list-item last\"><label><input type=\"radio\" name=\"radio-739\" value=\"Correo Electr\u00f3nico\" \/><span class=\"wpcf7-list-item-label\">Correo Electr\u00f3nico<\/span><\/label><\/span><\/span><\/span>\n<p>O escr\u00edbenos a nuestro email <a href=\"mailto:alumnos@autoescuelabalmaseda.com\" target=\"_blank\">alumnos@autoescuelabalmaseda.com<\/a><\/p>\n\t                                <\/div>\n<div class=\"form-one__control form-one\">\n<label><span class=\"wpcf7-form-control-wrap\" data-name=\"your-name\"><input size=\"40\" maxlength=\"400\" class=\"wpcf7-form-control wpcf7-text wpcf7-validates-as-required\" aria-required=\"true\" aria-invalid=\"false\" placeholder=\"Nombre y apellidos*\" value=\"\" type=\"text\" name=\"your-name\" \/><\/span><\/label>\n<\/div><!-- \/.form-one__control  -->\n<div class=\"form-one__control form-one\">\n<label><span class=\"wpcf7-form-control-wrap\" data-name=\"your-email\"><input size=\"40\" maxlength=\"400\" class=\"wpcf7-form-control wpcf7-email wpcf7-validates-as-required wpcf7-text wpcf7-validates-as-email\" aria-required=\"true\" aria-invalid=\"false\" placeholder=\"Email*\" value=\"\" type=\"email\" name=\"your-email\" \/><\/span><\/label>\n<\/div><!-- \/.form-one__control -->\n<div class=\"form-one__control form-one\">\n<label><span class=\"wpcf7-form-control-wrap\" data-name=\"your-tel\"><input size=\"40\" maxlength=\"400\" class=\"wpcf7-form-control wpcf7-tel wpcf7-validates-as-required wpcf7-text wpcf7-validates-as-tel\" aria-required=\"true\" aria-invalid=\"false\" placeholder=\"N\u00famero de tel\u00e9fono*\" value=\"\" type=\"tel\" name=\"your-tel\" \/><\/span><\/label>\n<\/div><!-- \/.form-one__control  -->\n<div class=\"form-one__control form-one\">\n<span class=\"wpcf7-form-control-wrap\" data-name=\"checkbox-192\"><span class=\"wpcf7-form-control wpcf7-checkbox wpcf7-validates-as-required\"><span class=\"wpcf7-list-item first last\"><input type=\"checkbox\" name=\"checkbox-192[]\" value=\"He le\u00eddo y acepto la\" \/><span class=\"wpcf7-list-item-label\">He le\u00eddo y acepto la<\/span><\/span><\/span><\/span><a href=\"https:\/\/autoescuelabalmaseda.com\/es\/privacidad\/\" target=\"_blank\"> Pol\u00edtica de Privacidad<\/a>.\n<\/div><!-- \/.form-one__control -->\n<br \/>\n<div class=\"form-one__control form-one__control__full text-center\">\n<button type=\"submit\" class=\"drivschol-btn drivschol-btn--base\"><span>\u00a1Quiero recuperar mis puntos!<\/span><\/button>\n<\/div><!-- \/.form-one__control --><style>\n.selecciona .wpcf7-list-item{\n    display: block;\n    margin: 0 0 0 1em;\n}\n.selecciona {\n    margin-bottom: 25px !important;\n}\n<\/style><div class=\"wpcf7-response-output\" aria-hidden=\"true\"><\/div>\n<\/form>\n<\/div>\n<\/p>\t\t\t\t\t\t\t\t<\/div>\n\t\t\t\t<\/div>\n\t\t\t\t<div class=\"elementor-element elementor-element-c9833ad elementor-widget elementor-widget-html\" data-id=\"c9833ad\" data-element_type=\"widget\" data-widget_type=\"html.default\">\n\t\t\t\t<div class=\"elementor-widget-container\">\n\t\t\t\t\t<script>\r\ndocument.addEventListener( 'wpcf7mailsent', function( event ) {\r\n    setTimeout( () => {\r\n        location = '\/es\/gracias-recuperacion-de-puntos\/';\r\n    }, 3000 ); \/\/ Wait for 3 seconds to redirect.\r\n}, false );\r\n<\/script>\t\t\t\t<\/div>\n\t\t\t\t<\/div>\n\t\t\t\t<div class=\"elementor-element elementor-element-546adc8 elementor-widget elementor-widget-text-editor\" data-id=\"546adc8\" data-element_type=\"widget\" data-widget_type=\"text-editor.default\">\n\t\t\t\t<div class=\"elementor-widget-container\">\n\t\t\t\t\t\t\t\t\t<h5>M\u00c1S INFORMACI\u00d3N<\/h5><p>En estas direcciones puedes encontrar m\u00e1s informaci\u00f3n sobre los cursos que imparte Balmaseda de medidas reeducadoras.\u00a0<\/p><p><a class=\"drivschol-btn drivschol-btn--base\" href=\"\/es\/contacta\/\" target=\"_self\">SOLICITA INFORMACI\u00d3N SIN COMPROMISO<\/a><\/p><p><a class=\"drivschol-btn drivschol-btn--base\" href=\"\/es\/perdida-puntos-carnet\/\">PROCESO COMPLETO DE RECUPERACI\u00d3N DE PUNTOS<\/a><\/p><p><a class=\"drivschol-btn drivschol-btn--base\" style=\"width: 100%;\" href=\"\/es\/como-son-cursos-recuperacion-puntos\/\">TEMARIO DEL CURSO DE RECUPERACI\u00d3N DE PUNTOS<\/a><\/p><p><a class=\"drivschol-btn drivschol-btn--base\" style=\"width: 100%;\" href=\"\/es\/curso-recuperacion-puntos\/\" target=\"blank\"> CALENDARIO DE LOS CURSOS <\/a><\/p>\t\t\t\t\t\t\t\t<\/div>\n\t\t\t\t<\/div>\n\t\t\t\t<\/div>\n\t\t<div class=\"elementor-element elementor-element-cb057e6 e-con-full e-flex e-con e-child\" data-id=\"cb057e6\" data-element_type=\"container\">\n\t\t\t\t<div class=\"elementor-element elementor-element-4625c89 elementor-widget elementor-widget-text-editor\" data-id=\"4625c89\" data-element_type=\"widget\" data-widget_type=\"text-editor.default\">\n\t\t\t\t<div class=\"elementor-widget-container\">\n\t\t\t\t\t\t\t\t\t<h2>Infracciones que te har\u00e1n perder puntos de tu carnet de conducir<\/h2><p>Seg\u00fan la infracci\u00f3n cometida, la sanci\u00f3n con retirada de puntos es distinta. A continuaci\u00f3n, te ofrecemos una tabla con las principales faltas de tr\u00e1fico y su p\u00e9rdida de puntos correspondiente:<\/p><table width=\"100%\"><thead><tr><th style=\"border: 1px solid #ddd; padding: 8px;\">\u00a0<\/th><th style=\"border: 1px solid #dddddd; padding: 8px; text-align: center;\">Infracciones<\/th><th style=\"border: 1px solid #dddddd; padding: 8px; text-align: center;\">Puntos<\/th><\/tr><\/thead><tbody><tr><td style=\"border: 1px solid #dddddd; padding: 8px; text-align: center; font-weight: bold;\">1<\/td><td style=\"border: 1px solid #dddddd; padding: 8px;\">Conducir con ingesta de alcohol superior a la establecida por la ley:<\/td><td style=\"border: 1px solid #dddddd; padding: 8px;\">\u00a0<\/td><\/tr><tr><td style=\"border: 1px solid #dddddd; padding: 8px; background-color: #e7e7e7; text-align: center;\">a)<\/td><td style=\"border: 1px solid #ddd; padding: 8px; background-color: #e7e7e7;\">No superar unos valores mg\/l aire espirado, de 0,50 (hasta 0,30 mg\/l aquellos profesionales y titulares de permisos de conducci\u00f3n con menos de dos a\u00f1os de antig\u00fcedad).<\/td><td style=\"border: 1px solid #ddd; padding: 8px; background-color: #d12a43; text-align: center; font-weight: bold;\">6<\/td><\/tr><tr><td style=\"border: 1px solid #dddddd; padding: 8px; background-color: #e7e7e7; text-align: center;\">b)<\/td><td style=\"border: 1px solid #ddd; padding: 8px; background-color: #e7e7e7;\">No rebasar valores mg\/l aire aspirado, desde 0,25 hasta 0,50 (desde 0,15 hasta 0,30 mg\/l aquellos profesionales y titulares de permisos de conducci\u00f3n con menos de dos a\u00f1os de antig\u00fcedad).<\/td><td style=\"border: 1px solid #ddd; padding: 8px; background-color: #f33e5a; text-align: center; font-weight: bold;\">4<\/td><\/tr><tr><td style=\"border: 1px solid #dddddd; padding: 8px; text-align: center; font-weight: bold;\">2<\/td><td style=\"border: 1px solid #dddddd; padding: 8px;\">Conducir bajo los efectos de las drogas (estupefacientes, psicotr\u00f3picos, estimulantes y otras sustancias de efectos an\u00e1logos).<\/td><td style=\"border: 1px solid #dddddd; padding: 8px; background-color: #d12a43; text-align: center; font-weight: bold;\">6<\/td><\/tr><tr><td style=\"border: 1px solid #dddddd; padding: 8px; text-align: center; font-weight: bold;\">3<\/td><td style=\"border: 1px solid #ddd; padding: 8px;\">No someterse a la obligaci\u00f3n de realizar las pruebas de detecci\u00f3n del grado de alcoholemia, estupefacientes, psicotr\u00f3picos, estimulantes y otras sustancias de efectos an\u00e1logos.<\/td><td style=\"border: 1px solid #ddd; padding: 8px; background-color: #d12a43; text-align: center; font-weight: bold;\">6<\/td><\/tr><tr><td style=\"border: 1px solid #dddddd; padding: 8px; text-align: center; font-weight: bold;\">4<\/td><td style=\"border: 1px solid #ddd; padding: 8px;\">Conducci\u00f3n manifiestamente temeraria, circular en sentido contrario al establecido o competiciones y carreras no autorizadas.<\/td><td style=\"border: 1px solid #ddd; padding: 8px; background-color: #d12a43; text-align: center; font-weight: bold;\">6<\/td><\/tr><tr><td style=\"border: 1px solid #dddddd; padding: 8px; text-align: center; font-weight: bold;\">5<\/td><td style=\"border: 1px solid #ddd; padding: 8px;\">Circular por autopistas o autov\u00edas con veh\u00edculos expresamente prohibido para ello.<\/td><td style=\"border: 1px solid #ddd; padding: 8px; background-color: #f33e5a; text-align: center; font-weight: bold;\">4<\/td><\/tr><tr><td style=\"border: 1px solid #dddddd; padding: 8px; text-align: center; font-weight: bold;\">6<\/td><td style=\"border: 1px solid #ddd; padding: 8px;\">Conducir a m\u00e1s de un 50 por ciento de la velocidad m\u00e1xima autorizada en dicha v\u00eda, siempre que suponga superar, al menos, en 30 Kil\u00f3metros por hora la velocidad m\u00e1xima permitida.<\/td><td style=\"border: 1px solid #ddd; padding: 8px; background-color: #d12a43; text-align: center; font-weight: bold;\">6<\/td><\/tr><tr><td style=\"border: 1px solid #dddddd; padding: 8px; text-align: center; font-weight: bold;\">7<\/td><td style=\"border: 1px solid #ddd; padding: 8px;\">Excederse en m\u00e1s del 50 por ciento en los tiempos m\u00e1ximos de conducci\u00f3n o, por el contrario, minorizar en m\u00e1s del 50 por ciento los tiempos m\u00ednimos de descanso establecidos en la ley.<\/td><td style=\"border: 1px solid #ddd; padding: 8px; background-color: #d12a43; text-align: center; font-weight: bold;\">6<\/td><\/tr><tr><td style=\"border: 1px solid #dddddd; padding: 8px; text-align: center; font-weight: bold;\">8<\/td><td style=\"border: 1px solid #ddd; padding: 8px;\">Conducir un veh\u00edculo con un n\u00famero de pasajeros superior al 50 por ciento o m\u00e1s del n\u00famero de plazas autorizadas (salvo que se trate de autobuses urbanos o interurbanos).<\/td><td style=\"border: 1px solid #ddd; padding: 8px; background-color: #f33e5a; text-align: center; font-weight: bold;\">4<\/td><\/tr><tr><td style=\"border: 1px solid #dddddd; padding: 8px; text-align: center; font-weight: bold;\">9<\/td><td style=\"border: 1px solid #ddd; padding: 8px;\">Conducir un veh\u00edculo sin contar con el permiso o la licencia espec\u00edfica y pertinente para ello.<\/td><td style=\"border: 1px solid #ddd; padding: 8px; background-color: #f33e5a; text-align: center; font-weight: bold;\">4<\/td><\/tr><tr><td style=\"border: 1px solid #dddddd; padding: 8px; text-align: center; font-weight: bold;\">10<\/td><td style=\"border: 1px solid #ddd; padding: 8px;\">Conducir negligentemente siendo o creando un riesgo cierto y relevante para los otros conductores.<\/td><td style=\"border: 1px solid #ddd; padding: 8px; background-color: #f33e5a; text-align: center; font-weight: bold;\">4<\/td><\/tr><tr><td style=\"border: 1px solid #dddddd; padding: 8px; text-align: center; font-weight: bold;\">11<\/td><td style=\"border: 1px solid #ddd; padding: 8px;\">Conducir a mayor velocidad de los l\u00edmites m\u00e1ximos establecidos:<\/td><td style=\"border: 1px solid #ddd; padding: 8px; background-color: white;\">\u00a0<\/td><\/tr><tr><td style=\"border: 1px solid #dddddd; padding: 8px; background-color: #e7e7e7; text-align: center;\">a)<\/td><td style=\"border: 1px solid #ddd; padding: 8px; background-color: #e7e7e7;\">M\u00e1s de 40 Km.\/h salvo que est\u00e9 incurso en lo indicado en el apartado.<\/td><td style=\"border: 1px solid #ddd; padding: 8px; background-color: #f33e5a; text-align: center; font-weight: bold;\">4<\/td><\/tr><tr><td style=\"border: 1px solid #dddddd; padding: 8px; background-color: #e7e7e7; text-align: center;\">b)<\/td><td style=\"border: 1px solid #ddd; padding: 8px; background-color: #e7e7e7;\">M\u00e1s de 30 Km.\/h hasta 40 Km.\/h.<\/td><td style=\"border: 1px solid #ddd; padding: 8px; background-color: #f17d8f; text-align: center; font-weight: bold;\">3<\/td><\/tr><tr><td style=\"border: 1px solid #dddddd; padding: 8px; background-color: #e7e7e7; text-align: center;\">c)<\/td><td style=\"border: 1px solid #ddd; padding: 8px; background-color: #e7e7e7;\">M\u00e1s de 20 Km.\/h hasta 30 Km.\/h.<\/td><td style=\"border: 1px solid #ddd; padding: 8px; background-color: #f7b9c2; text-align: center; font-weight: bold;\">2<\/td><\/tr><tr><td style=\"border: 1px solid #dddddd; padding: 8px; text-align: center; font-weight: bold;\">12<\/td><td style=\"border: 1px solid #ddd; padding: 8px;\">Infringir o ignorar las disposiciones legales sobre prioridad de paso, se\u00f1al de stop o sem\u00e1foros con la luz roja encendida.<\/td><td style=\"border: 1px solid #ddd; padding: 8px; background-color: #f33e5a; text-align: center; font-weight: bold;\">4<\/td><\/tr><tr><td style=\"border: 1px solid #dddddd; padding: 8px; text-align: center; font-weight: bold;\">13<\/td><td style=\"border: 1px solid #ddd; padding: 8px;\">Realizar adelantamientos en los que se ponga en peligro o entorpezca a otros conductores en sentido contrario, o adelantar en lugares o circunstancias de visibilidad reducida.<\/td><td style=\"border: 1px solid #ddd; padding: 8px; background-color: #f33e5a; text-align: center; font-weight: bold;\">4<\/td><\/tr><tr><td style=\"border: 1px solid #dddddd; padding: 8px; text-align: center; font-weight: bold;\">14<\/td><td style=\"border: 1px solid #ddd; padding: 8px;\">Realizar adelantamientos en los que se entorpezca o se ponga en peligro a ciclistas.<\/td><td style=\"border: 1px solid #ddd; padding: 8px; background-color: #f33e5a; text-align: center; font-weight: bold;\">6<\/td><\/tr><tr><td style=\"border: 1px solid #dddddd; padding: 8px; text-align: center; font-weight: bold;\">15<\/td><td style=\"border: 1px solid #ddd; padding: 8px;\">Realizar un cambio de sentido incumpliendo las disposiciones legales y los t\u00e9rminos establecidos reglamentariamente.<\/td><td style=\"border: 1px solid #ddd; padding: 8px; background-color: #f17d8f; text-align: center; font-weight: bold;\">3<\/td><\/tr><tr><td style=\"border: 1px solid #dddddd; padding: 8px; text-align: center; font-weight: bold;\">16<\/td><td style=\"border: 1px solid #ddd; padding: 8px;\">Circular marcha atr\u00e1s en autopistas y autov\u00edas.<\/td><td style=\"border: 1px solid #ddd; padding: 8px; background-color: #f33e5a; text-align: center; font-weight: bold;\">4<\/td><\/tr><tr><td style=\"border: 1px solid #dddddd; padding: 8px; text-align: center; font-weight: bold;\">17<\/td><td style=\"border: 1px solid #ddd; padding: 8px;\">Dificultar o impedir el adelantamiento a otro conductor aumentando la velocidad o efectuando maniobras para dicho prop\u00f3sito.<\/td><td style=\"border: 1px solid #ddd; padding: 8px; background-color: #f33e5a; text-align: center; font-weight: bold;\">4<\/td><\/tr><tr><td style=\"border: 1px solid #dddddd; padding: 8px; text-align: center; font-weight: bold;\">18<\/td><td style=\"border: 1px solid #ddd; padding: 8px;\">No respetar las se\u00f1ales de los agentes que regulan la circulaci\u00f3n.<\/td><td style=\"border: 1px solid #ddd; padding: 8px; background-color: #f33e5a; text-align: center; font-weight: bold;\">4<\/td><\/tr><tr><td style=\"border: 1px solid #dddddd; padding: 8px; text-align: center; font-weight: bold;\">19<\/td><td style=\"border: 1px solid #ddd; padding: 8px;\">Mantener una distancia de seguridad con el veh\u00edculo que le precede inferior al m\u00ednimo establecido por ley.<\/td><td style=\"border: 1px solid #ddd; padding: 8px; background-color: #f33e5a; text-align: center; font-weight: bold;\">4<\/td><\/tr><tr><td style=\"border: 1px solid #dddddd; padding: 8px; text-align: center; font-weight: bold;\">20<\/td><td style=\"border: 1px solid #ddd; padding: 8px;\">Conducir utilizando cualquier tipo de casco de audio o auricular conectado a aparatos receptores o reproductores de sonido u otros<br \/>dispositivos que disminuyan la atenci\u00f3n permanente a la conducci\u00f3n, o manteniendo ajustado entre el casco y la cabeza del usuario<br \/>dispositivos de telefon\u00eda m\u00f3vil mientras se conduce, o utilizando manualmente navegadores o cualquier otro medio o sistema de<br \/>comunicaci\u00f3n, as\u00ed como dispositivos de telefon\u00eda m\u00f3vil en condiciones distintas a las previstas en el ordinal 8.<\/td><td style=\"border: 1px solid #ddd; padding: 8px; background-color: #f17d8f; text-align: center; font-weight: bold;\">3<\/td><\/tr><tr><td style=\"border: 1px solid #dddddd; padding: 8px; text-align: center; font-weight: bold;\">21<\/td><td style=\"border: 1px solid #ddd; padding: 8px;\">Conducir veh\u00edculos que tengan instalados mecanismos o sistemas enfocados a eludir la vigilancia de los agentes de tr\u00e1fico, u otros instrumentos con la misma intenci\u00f3n, as\u00ed como la utilizaci\u00f3n de mecanismos de detecci\u00f3n de radares.<\/td><td style=\"border: 1px solid #ddd; padding: 8px; background-color: #d12a43; text-align: center; font-weight: bold;\">6<\/td><\/tr><tr><td style=\"border: 1px solid #dddddd; padding: 8px; text-align: center; font-weight: bold;\">22<\/td><td style=\"border: 1px solid #ddd; padding: 8px;\">Conducir sin el cintur\u00f3n de seguridad, casco y dem\u00e1s elementos de seguridad y protecci\u00f3n, en los casos y condiciones determinados reglamentariamente.<\/td><td style=\"border: 1px solid #ddd; padding: 8px; background-color: #f17d8f; text-align: center; font-weight: bold;\">4<\/td><\/tr><tr><td style=\"border: 1px solid #dddddd; padding: 8px; text-align: center; font-weight: bold;\">23<\/td><td style=\"border: 1px solid #ddd; padding: 8px;\">Circular con menores de 12 a\u00f1os como pasajeros de motocicletas o ciclomotores, salvo excepciones determinadas reglamentariamente.<\/td><td style=\"border: 1px solid #ddd; padding: 8px; background-color: #f7b9c2; text-align: center; font-weight: bold;\">2<\/td><\/tr><tr><td style=\"border: 1px solid #dddddd; padding: 8px; text-align: center; font-weight: bold;\">24<\/td><td style=\"border: 1px solid #ddd; padding: 8px;\">Utilizar, sujetando con la mano, dispositivos de telefon\u00eda m\u00f3vil mientras se conduce.<\/td><td style=\"border: 1px solid #ddd; padding: 8px; background-color: #f7b9c2; text-align: center; font-weight: bold;\">6<\/td><\/tr><\/tbody><\/table><h3>N\u00daMERO DE PUNTOS PERDIDOS SEG\u00daN INFRACCI\u00d3N<\/h3><h3>P\u00c9RDIDA DE 6 PUNTOS<\/h3><p>Conducir bajo los efectos de las <strong>drogas y\/o alcohol<\/strong> puede llevar a la p\u00e9rdida de 6 puntos del carnet, lo mismo que <strong>conducir de forma temeraria<\/strong>, circular en <strong>sentido contrario<\/strong> al establecido, <strong>negarte a someterte a las pruebas<\/strong> de detecci\u00f3n de alcohol y drogas o llevar instalado en el coche un<strong> inhibidor de radares.<\/strong><\/p><h3>P\u00c9RDIDA DE 4 PUNTOS<\/h3><p>Con la p\u00e9rdida de 4 puntos del carnet se sanciona la <strong>conducci\u00f3n<\/strong> de un veh\u00edculo <strong>sin su licencia<\/strong> requerida, no hacer uso del <strong>cintur\u00f3n de seguridad,<\/strong> <strong>arrojar a la v\u00eda objetos<\/strong> que puedan producir incendios o accidentes, <strong>saltarse un STOP<\/strong>, un <strong>ceda el paso<\/strong> o un <strong>sem\u00e1foro<\/strong> en rojo, adelantar poniendo en <strong>peligro a ciclistas<\/strong>, dar <strong>marcha atr\u00e1s en autov\u00edas y autopistas<\/strong>, o no mantener la<strong> distancia de seguridad<\/strong> con el veh\u00edculo que nos precede.<\/p><h3>P\u00c9RDIDA DE 3 PUNTOS<\/h3><p>Con 3 puntos se sanciona\u00a0conducir con <strong>cascos<\/strong> o utilizar el <strong>tel\u00e9fono m\u00f3vil<\/strong> sin manos libres.<\/p><h3>\u00a0<\/h3><p style=\"text-align: center;\"><a class=\"drivschol-btn drivschol-btn--base\" href=\"\/es\/recupera-tus-puntos\">Cursos de recuperaci\u00f3n de puntos<\/a><\/p>\t\t\t\t\t\t\t\t<\/div>\n\t\t\t\t<\/div>\n\t\t\t\t<\/div>\n\t\t\t\t\t<\/div>\n\t\t\t\t<\/div>\n\t\t\t\t\t<\/div>\n\t\t\t\t<\/div>\n\t\t\t\t<\/div>\n\t\t","protected":false},"excerpt":{"rendered":"<p>\u00bfQuieres recuperar los\u00a0PUNTOS DE TU CARNET? Rellena tus datos ahora y descubre el curso para ti. Ent\u00e9rate de requisitos y fechas de inicio. Te brindamos toda la informaci\u00f3n que necesites. Te informamos sin compromiso: M\u00c1S INFORMACI\u00d3N En estas direcciones puedes encontrar m\u00e1s informaci\u00f3n sobre los cursos que imparte Balmaseda de medidas reeducadoras.\u00a0 SOLICITA INFORMACI\u00d3N SIN [&hellip;]<\/p>\n","protected":false},"author":1,"featured_media":0,"parent":0,"menu_order":0,"comment_status":"closed","ping_status":"closed","template":"","meta":{"_acf_changed":false,"footnotes":""},"class_list":["post-5983","page","type-page","status-publish","hentry"],"acf":[],"_links":{"self":[{"href":"https:\/\/autoescuelabalmaseda.com\/es\/wp-json\/wp\/v2\/pages\/5983","targetHints":{"allow":["GET"]}}],"collection":[{"href":"https:\/\/autoescuelabalmaseda.com\/es\/wp-json\/wp\/v2\/pages"}],"about":[{"href":"https:\/\/autoescuelabalmaseda.com\/es\/wp-json\/wp\/v2\/types\/page"}],"author":[{"embeddable":true,"href":"https:\/\/autoescuelabalmaseda.com\/es\/wp-json\/wp\/v2\/users\/1"}],"replies":[{"embeddable":true,"href":"https:\/\/autoescuelabalmaseda.com\/es\/wp-json\/wp\/v2\/comments?post=5983"}],"version-history":[{"count":33,"href":"https:\/\/autoescuelabalmaseda.com\/es\/wp-json\/wp\/v2\/pages\/5983\/revisions"}],"predecessor-version":[{"id":12216,"href":"https:\/\/autoescuelabalmaseda.com\/es\/wp-json\/wp\/v2\/pages\/5983\/revisions\/12216"}],"wp:attachment":[{"href":"https:\/\/autoescuelabalmaseda.com\/es\/wp-json\/wp\/v2\/media?parent=5983"}],"curies":[{"name":"wp","href":"https:\/\/api.w.org\/{rel}","templated":true}]}}