{"id":6011,"date":"2018-08-03T09:55:35","date_gmt":"2018-08-03T09:55:35","guid":{"rendered":"https:\/\/autoescuelabalmaseda.com\/es\/?page_id=6011"},"modified":"2025-03-10T19:26:43","modified_gmt":"2025-03-10T18:26:43","slug":"curso-recuperacion-puntos","status":"publish","type":"page","link":"https:\/\/autoescuelabalmaseda.com\/es\/curso-recuperacion-puntos\/","title":{"rendered":"CALENDARIO DE CURSOS DE RECUPERACI\u00d3N DE PUNTOS"},"content":{"rendered":"\t\t<div data-elementor-type=\"wp-page\" data-elementor-id=\"6011\" class=\"elementor elementor-6011\">\n\t\t\t\t<div class=\"elementor-element elementor-element-512bdbe2 e-flex e-con-boxed e-con e-parent\" data-id=\"512bdbe2\" data-element_type=\"container\">\n\t\t\t\t\t<div class=\"e-con-inner\">\n\t\t<div class=\"elementor-element elementor-element-2275486 e-flex e-con-boxed e-con e-child\" data-id=\"2275486\" data-element_type=\"container\">\n\t\t\t\t\t<div class=\"e-con-inner\">\n\t\t<div class=\"elementor-element elementor-element-153c109 e-con-full e-flex e-con e-child\" data-id=\"153c109\" data-element_type=\"container\">\n\t\t\t\t<div class=\"elementor-element elementor-element-427f5b7 elementor-widget elementor-widget-text-editor\" data-id=\"427f5b7\" data-element_type=\"widget\" data-widget_type=\"text-editor.default\">\n\t\t\t\t<div class=\"elementor-widget-container\">\n\t\t\t\t\t\t\t\t\t<div class=\"bloque mb-2 mt-4\"><h2>\u00bfQuieres recuperar los\u00a0<strong>PUNTOS DE TU CARNET?<\/strong><\/h2><\/div><div><p>Rellena tus datos ahora y descubre el curso para ti. Ent\u00e9rate de requisitos y fechas de inicio. Te brindamos toda la informaci\u00f3n que necesites.<\/p><p>Te informamos sin compromiso:<\/p><\/div><p style=\"text-align: center;\">\n<div class=\"wpcf7 no-js\" id=\"wpcf7-f7386-o1\" lang=\"es-ES\" dir=\"ltr\" data-wpcf7-id=\"7386\">\n<div class=\"screen-reader-response\"><p role=\"status\" aria-live=\"polite\" aria-atomic=\"true\"><\/p> <ul><\/ul><\/div>\n<form action=\"\/es\/wp-json\/wp\/v2\/pages\/6011#wpcf7-f7386-o1\" method=\"post\" class=\"wpcf7-form init\" aria-label=\"Formulario de contacto\" novalidate=\"novalidate\" data-status=\"init\">\n<div style=\"display: none;\">\n<input type=\"hidden\" name=\"_wpcf7\" value=\"7386\" \/>\n<input type=\"hidden\" name=\"_wpcf7_version\" value=\"6.0.3\" \/>\n<input type=\"hidden\" name=\"_wpcf7_locale\" value=\"es_ES\" \/>\n<input type=\"hidden\" name=\"_wpcf7_unit_tag\" value=\"wpcf7-f7386-o1\" \/>\n<input type=\"hidden\" name=\"_wpcf7_container_post\" value=\"0\" \/>\n<input type=\"hidden\" name=\"_wpcf7_posted_data_hash\" value=\"\" \/>\n<input type=\"hidden\" name=\"_wpcf7_recaptcha_response\" value=\"\" \/>\n<\/div>\n<div class=\"form-one__control form-one selecciona\">\n<h5>\u00bfComo quieres que contactemos contigo?<\/h5>\n    <span class=\"wpcf7-form-control-wrap\" data-name=\"radio-739\"><span class=\"wpcf7-form-control wpcf7-radio\"><span class=\"wpcf7-list-item first\"><label><input type=\"radio\" name=\"radio-739\" value=\"Whatsapp(Recomendado)\" checked=\"checked\" \/><span class=\"wpcf7-list-item-label\">Whatsapp(Recomendado)<\/span><\/label><\/span><span class=\"wpcf7-list-item\"><label><input type=\"radio\" name=\"radio-739\" value=\"Tel\u00e9fono\" \/><span class=\"wpcf7-list-item-label\">Tel\u00e9fono<\/span><\/label><\/span><span class=\"wpcf7-list-item last\"><label><input type=\"radio\" name=\"radio-739\" value=\"Correo Electr\u00f3nico\" \/><span class=\"wpcf7-list-item-label\">Correo Electr\u00f3nico<\/span><\/label><\/span><\/span><\/span>\n<p>O escr\u00edbenos a nuestro email <a href=\"mailto:alumnos@autoescuelabalmaseda.com\" target=\"_blank\">alumnos@autoescuelabalmaseda.com<\/a><\/p>\n\t                                <\/div>\n<div class=\"form-one__control form-one\">\n<label><span class=\"wpcf7-form-control-wrap\" data-name=\"your-name\"><input size=\"40\" maxlength=\"400\" class=\"wpcf7-form-control wpcf7-text wpcf7-validates-as-required\" aria-required=\"true\" aria-invalid=\"false\" placeholder=\"Nombre y apellidos*\" value=\"\" type=\"text\" name=\"your-name\" \/><\/span><\/label>\n<\/div><!-- \/.form-one__control  -->\n<div class=\"form-one__control form-one\">\n<label><span class=\"wpcf7-form-control-wrap\" data-name=\"your-email\"><input size=\"40\" maxlength=\"400\" class=\"wpcf7-form-control wpcf7-email wpcf7-validates-as-required wpcf7-text wpcf7-validates-as-email\" aria-required=\"true\" aria-invalid=\"false\" placeholder=\"Email*\" value=\"\" type=\"email\" name=\"your-email\" \/><\/span><\/label>\n<\/div><!-- \/.form-one__control -->\n<div class=\"form-one__control form-one\">\n<label><span class=\"wpcf7-form-control-wrap\" data-name=\"your-tel\"><input size=\"40\" maxlength=\"400\" class=\"wpcf7-form-control wpcf7-tel wpcf7-validates-as-required wpcf7-text wpcf7-validates-as-tel\" aria-required=\"true\" aria-invalid=\"false\" placeholder=\"N\u00famero de tel\u00e9fono*\" value=\"\" type=\"tel\" name=\"your-tel\" \/><\/span><\/label>\n<\/div><!-- \/.form-one__control  -->\n<div class=\"form-one__control form-one\">\n<span class=\"wpcf7-form-control-wrap\" data-name=\"checkbox-192\"><span class=\"wpcf7-form-control wpcf7-checkbox wpcf7-validates-as-required\"><span class=\"wpcf7-list-item first last\"><input type=\"checkbox\" name=\"checkbox-192[]\" value=\"He le\u00eddo y acepto la\" \/><span class=\"wpcf7-list-item-label\">He le\u00eddo y acepto la<\/span><\/span><\/span><\/span><a href=\"https:\/\/autoescuelabalmaseda.com\/es\/privacidad\/\" target=\"_blank\"> Pol\u00edtica de Privacidad<\/a>.\n<\/div><!-- \/.form-one__control -->\n<br \/>\n<div class=\"form-one__control form-one__control__full text-center\">\n<button type=\"submit\" class=\"drivschol-btn drivschol-btn--base\"><span>\u00a1Quiero recuperar mis puntos!<\/span><\/button>\n<\/div><!-- \/.form-one__control --><style>\n.selecciona .wpcf7-list-item{\n    display: block;\n    margin: 0 0 0 1em;\n}\n.selecciona {\n    margin-bottom: 25px !important;\n}\n<\/style><div class=\"wpcf7-response-output\" aria-hidden=\"true\"><\/div>\n<\/form>\n<\/div>\n<\/p>\t\t\t\t\t\t\t\t<\/div>\n\t\t\t\t<\/div>\n\t\t\t\t<div class=\"elementor-element elementor-element-b962911 elementor-widget elementor-widget-html\" data-id=\"b962911\" data-element_type=\"widget\" data-widget_type=\"html.default\">\n\t\t\t\t<div class=\"elementor-widget-container\">\n\t\t\t\t\t<script>\r\ndocument.addEventListener( 'wpcf7mailsent', function( event ) {\r\n    setTimeout( () => {\r\n        location = '\/es\/gracias-recuperacion-de-puntos\/';\r\n    }, 3000 ); \/\/ Wait for 3 seconds to redirect.\r\n}, false );\r\n<\/script>\t\t\t\t<\/div>\n\t\t\t\t<\/div>\n\t\t\t\t<div class=\"elementor-element elementor-element-b661b77 elementor-widget elementor-widget-text-editor\" data-id=\"b661b77\" data-element_type=\"widget\" data-widget_type=\"text-editor.default\">\n\t\t\t\t<div class=\"elementor-widget-container\">\n\t\t\t\t\t\t\t\t\t<h5>M\u00c1S INFORMACI\u00d3N<\/h5><p>En estas direcciones puedes encontrar m\u00e1s informaci\u00f3n sobre los cursos que imparte Balmaseda de medidas reeducadoras.<\/p><p><a class=\"drivschol-btn drivschol-btn--base\" href=\"\/es\/contacta\/\" target=\"_self\">SOLICITA INFORMACI\u00d3N SIN COMPROMISO<\/a><br \/>\u00a0<br \/><a class=\"drivschol-btn drivschol-btn--base\" href=\"\/es\/como-son-cursos-recuperacion-puntos\/\" target=\"blank\">TEMARIO DEL CURSO DE RECUPERACI\u00d3N DE PUNTOS<\/a><br \/>\u00a0<br \/><a class=\"drivschol-btn drivschol-btn--base\" href=\"\/es\/perdida-puntos-carnet\/\" target=\"blank\">PROCESO COMPLETO DE RECUPERACI\u00d3N DE PUNTOS<\/a><br \/>\u00a0<br \/><a class=\"drivschol-btn drivschol-btn--base\" style=\"width: 100%;\" href=\"\/es\/lista-infracciones-perdida-puntos\/\" target=\"blank\">LISTA DE INFRACCIONES<\/a><\/p>\t\t\t\t\t\t\t\t<\/div>\n\t\t\t\t<\/div>\n\t\t\t\t<\/div>\n\t\t<div class=\"elementor-element elementor-element-ce2f221 e-con-full e-flex e-con e-child\" data-id=\"ce2f221\" data-element_type=\"container\">\n\t\t\t\t<div class=\"elementor-element elementor-element-b224870 horario-cursos elementor-widget elementor-widget-text-editor\" data-id=\"b224870\" data-element_type=\"widget\" data-widget_type=\"text-editor.default\">\n\t\t\t\t<div class=\"elementor-widget-container\">\n\t\t\t\t\t\t\t\t\t<table width=\"100%\">\n<thead>\n<tr style=\"background: #f4f4f4; color: #000000;\">\n<th colspan=\"3\"><strong>RECUPERACI\u00d3N PARCIAL<\/strong><\/th>\n<\/tr>\n<\/thead>\n<tbody>\n<tr>\n<td>Parcial 19 de marzo<br \/>\n(1 d\u00eda)<\/td>\n<td>Jueves 19 de marzo<br \/>\n08:05 &#8211; 19:25 &#8211; Con descansos incluidos<\/td>\n<\/tr>\n<tr>\n<td>Parcial 21 de marzo<br \/>\n(S\u00e1bado)<\/td>\n<td>S\u00e1bado 21 de marzo<br \/>\n08:05 &#8211; 19:25 &#8211; Con descansos incluidos<\/td>\n<\/tr>\n<tr>\n<td>Parcial 24 de marzo<br \/>\n(1 d\u00eda)<\/td>\n<td>Martes 24 de marzo<br \/>\n08:05 &#8211; 19:25 &#8211; Con descansos incluidos<\/td>\n<\/tr>\n<tr>\n<td>Parcial 31 de marzo<br \/>\n(1 d\u00eda)<\/td>\n<td>Martes 31 de marzo<br \/>\n08:05 &#8211; 19:25 &#8211; Con descansos incluidos<\/td>\n<\/tr>\n<tr>\n<td>Parcial 6 y 7 de abril<\/td>\n<td>Lunes 6 y Martes 7 de abril<br \/>\n15:15 &#8211; 20:30 &#8211; Con descansos incluidos<\/td>\n<\/tr>\n<tr>\n<td>Parcial 14 de abril<br \/>\n(1 d\u00eda)<\/td>\n<td>Martes 14 de abril<br \/>\n08:05 &#8211; 19:25 &#8211; Con descansos incluidos<\/td>\n<\/tr>\n<tr>\n<td>Parcial 18 de abril<br \/>\n(S\u00e1bado)<\/td>\n<td>S\u00e1bado 18 de abril<br \/>\n08:05 &#8211; 19:25 &#8211; Con descansos incluidos<\/td>\n<\/tr>\n<tr>\n<td>Parcial 24 de abril<br \/>\n(3 horas online) * Solo alumnos<br \/>\nque realicen on-line<\/td>\n<td>Viernes 24 de abril<br \/>\n08:05 &#8211; 16:15 &#8211; Con descansos incluidos<br \/>\n**Las 3 horas online obligatorias antes del domingo 26 a las 00:00<\/td>\n<\/tr>\n<tr>\n<td>Parcial 29 y 30 de abril<br \/>\n(2 ma\u00f1anas)<\/td>\n<td>Mi\u00e9rcoles 29 de abril 08:45 &#8211; 15:00<br \/>\nJueves 30 de abril 08:45 &#8211; 15:00<\/td>\n<\/tr>\n<tr>\n<td>Parcial 4 y 5 de mayo<br \/>\n(2 tardes)<\/td>\n<td>Lunes 4 y martes 5 de mayo<br \/>\nDe 15:15 a 20:30 &#8211; Con descansos incluidos<\/td>\n<\/tr>\n<tr>\n<td>Parcial 9 de mayo<br \/>\n(s\u00e1bado)<\/td>\n<td>S\u00e1bado 9 de mayo<br \/>\nDe 08:05 a 19:25 &#8211; Con descansos incluidos<\/td>\n<\/tr>\n<tr>\n<td>Parcial 13 de mayo<br \/>\n(1 d\u00eda)<\/td>\n<td>Mi\u00e9rcoles 13 de mayo<br \/>\nDe 08:05 a 19:25 &#8211; Con descansos incluidos<\/td>\n<\/tr>\n<tr>\n<td>Parcial 21 y 22 de mayo<br \/>\n(2 ma\u00f1anas)<\/td>\n<td>Jueves 21 y viernes 22 de mayo<br \/>\nDe 08:45 a 14:00- Con descansos incluidos<\/td>\n<\/tr>\n<tr>\n<td>Parcial 25 y 26 de mayo<br \/>\n(2 tardes)<\/td>\n<td>Lunes 25 y martes 26 de mayo<br \/>\nDe 15:15 a 20:30 &#8211; Con descansos incluidos<\/td>\n<\/tr>\n<tr>\n<td>Parcial 29 de mayo<br \/>\n(3 horas on-line) * Solo alumnos que<br \/>\nrealicen on-line<\/td>\n<td>Viernes 29 de mayo<br \/>\nDe 08:05 a 16:15 &#8211; Con descansos incluidos<br \/>\n** Las 3 horas online obligatoriamente se tienen que<br \/>\nrealizar antes del domingo 31 a las 00:00<\/td>\n<\/tr>\n<\/tbody>\n<\/table>\n\n<div style=\"background-color: #fff; border: 3px solid #cccccc; padding: 0px 30px 50px 30px;\">\n<h4 style=\"margin-top: 30px;\">DOCUMENTACI\u00d3N NECESARIA PARA RECUPERACI\u00d3N PARCIAL DE PUNTOS:<\/h4>\n<ul>\n \t<li>Fotocopia DNI y Permiso de Conducir, domicilio completo.<\/li>\n \t<li>Saldo de puntos (si dispone de \u00e9l), n\u00ba de tel\u00e9fono.<\/li>\n<\/ul>\n<strong>Informaci\u00f3n e Inscripciones:\nArturo Soria, 10 (Metro Ciudad Lineal).<\/strong>\n\nRESOLVEMOS SUS DUDAS DEL PERMISO POR PUNTOS\n\n<strong>\nTel\u00e9fonos: <a href=\"tel:+34914089429\" target=\"_blank\" rel=\"nofollow noopener\">914089429<\/a> \u2013 <a href=\"tel:+34913674648\" target=\"_blank\" rel=\"nofollow noopener\">913674648<\/a> &#8211;\u00a0\u00a0<img decoding=\"async\" src=\"https:\/\/autoescuelabalmaseda.com\/es\/wp-content\/uploads\/2019\/01\/whatsapp.jpg\" width=\"20\" height=\"20\" \/> <a href=\"https:\/\/wa.me\/34638549921\" target=\"_blank\" rel=\"nofollow noopener\">638 549 921<\/a>\u00a0&#8211; <img decoding=\"async\" src=\"https:\/\/autoescuelabalmaseda.com\/es\/wp-content\/uploads\/2019\/01\/whatsapp.jpg\" width=\"20\" height=\"20\" \/> <a href=\"https:\/\/wa.me\/34691099991\" target=\"_blank\" rel=\"nofollow noopener\">691 099 991<\/a> &#8211; <img decoding=\"async\" src=\"https:\/\/autoescuelabalmaseda.com\/es\/wp-content\/uploads\/2019\/01\/telegram.jpg\" width=\"20\" height=\"20\" \/> 691 099 991<\/strong>\n<div style=\"text-align: center;\"><a class=\"drivschol-btn drivschol-btn--base\" href=\"mailto:puntos@autoescuelabalmaseda.com\" target=\"_self\">puntos@autoescuelabalmaseda.com<\/a><\/div>\n<\/div>\n&nbsp;\n<table width=\"100%\">\n<thead>\n<tr style=\"background: #f4f4f4; color: #000000;\">\n<th colspan=\"3\"><strong>RECUPERACI\u00d3N TOTAL<\/strong><\/th>\n<\/tr>\n<\/thead>\n<tbody>\n<tr>\n<td>Total 20 y 21 de marzo<br \/>\n(Curso viernes y s\u00e1bado)<\/td>\n<td>Viernes 20 de marzo De 09:45 a 20:00 (descansos incluidos)<br \/>\nS\u00e1bado 21 de marzo De 08:05 a 20:35 (descansos incluidos)<\/td>\n<\/tr>\n<tr>\n<td>Total 25, 26 y 27 de marzo<br \/>\n(3 d\u00edas de ma\u00f1ana)<\/td>\n<td>Mi\u00e9rcoles 25 de marzo De 08:05 a 15:30<br \/>\nJueves 26 de marzo De 08:05 a 15:30<br \/>\nViernes 27 de marzo De 08:05 a 14:25<\/td>\n<\/tr>\n<tr>\n<td>Total 30 y 31 de marzo<br \/>\n(Curso que se imparte en 2 d\u00edas)<\/td>\n<td>Lunes 30 de marzo De 09:00 a 19:15 (descansos incluidos)<br \/>\nMartes 31 de marzo De 08:00 a 20:35 (descansos incluidos)<\/td>\n<\/tr>\n<tr>\n<td>Total 8 y 9 de abril<br \/>\n(Curso que se imparte en 2 d\u00edas)<\/td>\n<td>Mi\u00e9rcoles 8 de abril De 08:05 a 18:25 (descansos incluidos)<br \/>\nJueves 9 de abril De 08:05 a 20:35 (descansos incluidos)<\/td>\n<\/tr>\n<tr>\n<td>Total 15, 16 y 17 de abril<br \/>\n(3 d\u00edas de ma\u00f1ana)<\/td>\n<td>Mi\u00e9rcoles 15 de abril De 08:05 a 15:30<br \/>\nJueves 16 de abril De 08:05 a 15:30<br \/>\nViernes 17 de abril De 08:05 a 14:25<\/td>\n<\/tr>\n<tr>\n<td>Total 17 y 18 de abril<br \/>\n(Curso viernes y s\u00e1bado)<\/td>\n<td>Viernes 17 de abril De 09:45 a 20:00 (descansos incluidos)<br \/>\nS\u00e1bado 18 de abril De 08:05 a 20:35 (descansos incluidos)<\/td>\n<\/tr>\n<tr>\n<td>Total d\u00edas 20, 21, 22 y 23 de abril<br \/>\n(Curso en 4 d\u00edas por la tarde)<\/td>\n<td>Lunes 20 de abril De 14:30 a 19:15<br \/>\nMartes 21 de abril De 14:30 a 19:15<br \/>\nMi\u00e9rcoles 22 de abril De 14:30 a 19:45<br \/>\nJueves 23 de abril De 14:30 a 20:45<\/td>\n<\/tr>\n<tr>\n<td>Total 28 y 29 de abril<br \/>\n(Curso que se imparte en 2 d\u00edas)<\/td>\n<td>Martes 28 de abril De 08:05 a 18:25 (descansos incluidos)<br \/>\nMi\u00e9rcoles 29 de abril De 08:05 a 20:35 (descansos incluidos)<\/td>\n<\/tr>\n<tr>\n<td>Total 6, 7 y 8 de mayo<br \/>\n(3 d\u00edas de ma\u00f1ana)<\/td>\n<td>Mi\u00e9rcoles 6 de mayo De 08:05 a 15:30<br \/>\nJueves 7 de mayo De 08:05 a 15:30<br \/>\nViernes 8 de mayo De 08:05 a 14:25<\/td>\n<\/tr>\n<tr>\n<td>Total 8 y 9 de mayo<br \/>\n(Curso viernes y s\u00e1bado)<\/td>\n<td>Viernes 8 de mayo De 09:45 a 20:00 (descansos incluidos)<br \/>\nS\u00e1bado 9 de mayo De 08:05 a 20:35 (descansos incluidos)<\/td>\n<\/tr>\n<tr>\n<td>Total d\u00edas 11, 12, 13 y 14 de mayo<br \/>\n(Curso en 4 d\u00edas por la tarde)<\/td>\n<td>Lunes 11 de mayo De 14:30 a 19:15<br \/>\nMartes 12 de mayo De 14:30 a 19:15<br \/>\nMi\u00e9rcoles 13 de mayo De 14:30 a 19:45<br \/>\nJueves 14 de mayo De 14:30 a 20:45<\/td>\n<\/tr>\n<tr>\n<td>Total d\u00eda 19 y 20 de mayo<br \/>\n(**Curso con 4 horas on-line que se<br \/>\ntienen que realizar antes d\u00eda 22 a las<br \/>\n15:00)<\/td>\n<td>Martes 19 de mayo De 08:05 a 18:25 (descansos incluidos)<br \/>\nMi\u00e9rcoles 20 de mayo De 08:05 a 16:15 (descansos incluidos)<\/td>\n<\/tr>\n<tr>\n<td>Total 27 y 28 de mayo<br \/>\n(Curso que se imparte en 2 d\u00edas)<\/td>\n<td>Mi\u00e9rcoles 27 de mayo De 08:05 a 18:25 (descansos incluidos)<br \/>\nJueves 28 de mayo De 08:05 a 20:35 (descansos incluidos)<\/td>\n<\/tr>\n<\/tbody>\n<\/table>\n\n<div style=\"background-color: #fff; border: 3px solid #cccccc; padding: 0px 30px 50px 30px;\">\n<h4 style=\"margin-top: 30px;\">DOCUMENTACI\u00d3N:<\/h4>\n<ul>\n \t<li>Fotocopia DNI y Permiso de Conducir, domicilio completo, tel\u00e9fono.<\/li>\n \t<li>En caso de sentencia judicial, documento que acredite los meses de retirada del permiso.<\/li>\n<\/ul>\n<strong>Informaci\u00f3n e Inscripciones:\nArturo Soria, 10 (Metro Ciudad Lineal).<\/strong>\n\nRESOLVEMOS SUS DUDAS NUEVA LEY PERMISO POR PUNTOS\n\n<strong>\nTel\u00e9fonos: <a href=\"tel:+34914089429\" target=\"_blank\" rel=\"nofollow noopener\">914089429<\/a> \u2013 <a href=\"tel:+34913674648\" target=\"_blank\" rel=\"nofollow noopener\">913674648<\/a>\u00a0&#8211;\u00a0\u00a0<img decoding=\"async\" src=\"https:\/\/autoescuelabalmaseda.com\/es\/wp-content\/uploads\/2019\/01\/whatsapp.jpg\" width=\"20\" height=\"20\" \/> <a href=\"https:\/\/wa.me\/34638549921\" target=\"_blank\" rel=\"nofollow noopener\">638 549 921<\/a>\u00a0&#8211; <img decoding=\"async\" src=\"https:\/\/autoescuelabalmaseda.com\/es\/wp-content\/uploads\/2019\/01\/whatsapp.jpg\" width=\"20\" height=\"20\" \/> <a href=\"https:\/\/wa.me\/34691099991\" target=\"_blank\" rel=\"nofollow noopener\">691 099 991<\/a> &#8211; <img decoding=\"async\" src=\"https:\/\/autoescuelabalmaseda.com\/es\/wp-content\/uploads\/2019\/01\/telegram.jpg\" width=\"20\" height=\"20\" \/> 691 099 991<\/strong>\n<div style=\"text-align: center;\"><a class=\"drivschol-btn drivschol-btn--base\" href=\"mailto:puntos@autoescuelabalmaseda.com\" target=\"_self\">puntos@autoescuelabalmaseda.com<\/a><\/div>\n<\/div>\n<style>.horario-cursos td {<br \/>    white-space: pre-line;<br \/>}<\/style>\t\t\t\t\t\t\t\t<\/div>\n\t\t\t\t<\/div>\n\t\t\t\t<\/div>\n\t\t\t\t\t<\/div>\n\t\t\t\t<\/div>\n\t\t\t\t\t<\/div>\n\t\t\t\t<\/div>\n\t\t\t\t<\/div>\n\t\t","protected":false},"excerpt":{"rendered":"<p>\u00bfQuieres recuperar los\u00a0PUNTOS DE TU CARNET? Rellena tus datos ahora y descubre el curso para ti. Ent\u00e9rate de requisitos y fechas de inicio. Te brindamos toda la informaci\u00f3n que necesites. Te informamos sin compromiso: M\u00c1S INFORMACI\u00d3N En estas direcciones puedes encontrar m\u00e1s informaci\u00f3n sobre los cursos que imparte Balmaseda de medidas reeducadoras. SOLICITA INFORMACI\u00d3N SIN [&hellip;]<\/p>\n","protected":false},"author":1,"featured_media":0,"parent":0,"menu_order":0,"comment_status":"closed","ping_status":"closed","template":"","meta":{"_acf_changed":false,"footnotes":""},"class_list":["post-6011","page","type-page","status-publish","hentry"],"acf":[],"_links":{"self":[{"href":"https:\/\/autoescuelabalmaseda.com\/es\/wp-json\/wp\/v2\/pages\/6011","targetHints":{"allow":["GET"]}}],"collection":[{"href":"https:\/\/autoescuelabalmaseda.com\/es\/wp-json\/wp\/v2\/pages"}],"about":[{"href":"https:\/\/autoescuelabalmaseda.com\/es\/wp-json\/wp\/v2\/types\/page"}],"author":[{"embeddable":true,"href":"https:\/\/autoescuelabalmaseda.com\/es\/wp-json\/wp\/v2\/users\/1"}],"replies":[{"embeddable":true,"href":"https:\/\/autoescuelabalmaseda.com\/es\/wp-json\/wp\/v2\/comments?post=6011"}],"version-history":[{"count":84,"href":"https:\/\/autoescuelabalmaseda.com\/es\/wp-json\/wp\/v2\/pages\/6011\/revisions"}],"predecessor-version":[{"id":12072,"href":"https:\/\/autoescuelabalmaseda.com\/es\/wp-json\/wp\/v2\/pages\/6011\/revisions\/12072"}],"wp:attachment":[{"href":"https:\/\/autoescuelabalmaseda.com\/es\/wp-json\/wp\/v2\/media?parent=6011"}],"curies":[{"name":"wp","href":"https:\/\/api.w.org\/{rel}","templated":true}]}}