{"id":6021,"date":"2018-08-03T11:51:27","date_gmt":"2018-08-03T11:51:27","guid":{"rendered":"https:\/\/autoescuelabalmaseda.com\/es\/?page_id=6021"},"modified":"2025-07-21T19:51:35","modified_gmt":"2025-07-21T17:51:35","slug":"como-son-cursos-recuperacion-puntos","status":"publish","type":"page","link":"https:\/\/autoescuelabalmaseda.com\/es\/como-son-cursos-recuperacion-puntos\/","title":{"rendered":"\u00bfC\u00d3MO SON LOS CURSOS DE RECUPERACI\u00d3N DE PUNTOS?"},"content":{"rendered":"\t\t<div data-elementor-type=\"wp-page\" data-elementor-id=\"6021\" class=\"elementor elementor-6021\">\n\t\t\t\t<div class=\"elementor-element elementor-element-bb10b72 e-flex e-con-boxed e-con e-parent\" data-id=\"bb10b72\" data-element_type=\"container\">\n\t\t\t\t\t<div class=\"e-con-inner\">\n\t\t<div class=\"elementor-element elementor-element-2669747 e-flex e-con-boxed e-con e-child\" data-id=\"2669747\" data-element_type=\"container\">\n\t\t\t\t\t<div class=\"e-con-inner\">\n\t\t<div class=\"elementor-element elementor-element-14579f1 e-con-full e-flex e-con e-child\" data-id=\"14579f1\" data-element_type=\"container\">\n\t\t\t\t<div class=\"elementor-element elementor-element-c34944c elementor-widget elementor-widget-text-editor\" data-id=\"c34944c\" data-element_type=\"widget\" data-widget_type=\"text-editor.default\">\n\t\t\t\t<div class=\"elementor-widget-container\">\n\t\t\t\t\t\t\t\t\t<div class=\"bloque mb-2 mt-4\"><h2>\u00bfQuieres recuperar los\u00a0<strong>PUNTOS DE TU CARNET?<\/strong><\/h2><\/div><div><p>Rellena tus datos ahora y descubre el curso para ti. Ent\u00e9rate de requisitos y fechas de inicio. Te brindamos toda la informaci\u00f3n que necesites.<\/p><p>Te informamos sin compromiso:<\/p><\/div><p style=\"text-align: center;\">\n<div class=\"wpcf7 no-js\" id=\"wpcf7-f7386-o1\" lang=\"es-ES\" dir=\"ltr\" data-wpcf7-id=\"7386\">\n<div class=\"screen-reader-response\"><p role=\"status\" aria-live=\"polite\" aria-atomic=\"true\"><\/p> <ul><\/ul><\/div>\n<form action=\"\/es\/wp-json\/wp\/v2\/pages\/6021#wpcf7-f7386-o1\" method=\"post\" class=\"wpcf7-form init\" aria-label=\"Formulario de contacto\" novalidate=\"novalidate\" data-status=\"init\">\n<div style=\"display: none;\">\n<input type=\"hidden\" name=\"_wpcf7\" value=\"7386\" \/>\n<input type=\"hidden\" name=\"_wpcf7_version\" value=\"6.0.3\" \/>\n<input type=\"hidden\" name=\"_wpcf7_locale\" value=\"es_ES\" \/>\n<input type=\"hidden\" name=\"_wpcf7_unit_tag\" value=\"wpcf7-f7386-o1\" \/>\n<input type=\"hidden\" name=\"_wpcf7_container_post\" value=\"0\" \/>\n<input type=\"hidden\" name=\"_wpcf7_posted_data_hash\" value=\"\" \/>\n<input type=\"hidden\" name=\"_wpcf7_recaptcha_response\" value=\"\" \/>\n<\/div>\n<div class=\"form-one__control form-one selecciona\">\n<h5>\u00bfComo quieres que contactemos contigo?<\/h5>\n    <span class=\"wpcf7-form-control-wrap\" data-name=\"radio-739\"><span class=\"wpcf7-form-control wpcf7-radio\"><span class=\"wpcf7-list-item first\"><label><input type=\"radio\" name=\"radio-739\" value=\"Whatsapp(Recomendado)\" checked=\"checked\" \/><span class=\"wpcf7-list-item-label\">Whatsapp(Recomendado)<\/span><\/label><\/span><span class=\"wpcf7-list-item\"><label><input type=\"radio\" name=\"radio-739\" value=\"Tel\u00e9fono\" \/><span class=\"wpcf7-list-item-label\">Tel\u00e9fono<\/span><\/label><\/span><span class=\"wpcf7-list-item last\"><label><input type=\"radio\" name=\"radio-739\" value=\"Correo Electr\u00f3nico\" \/><span class=\"wpcf7-list-item-label\">Correo Electr\u00f3nico<\/span><\/label><\/span><\/span><\/span>\n<p>O escr\u00edbenos a nuestro email <a href=\"mailto:alumnos@autoescuelabalmaseda.com\" target=\"_blank\">alumnos@autoescuelabalmaseda.com<\/a><\/p>\n\t                                <\/div>\n<div class=\"form-one__control form-one\">\n<label><span class=\"wpcf7-form-control-wrap\" data-name=\"your-name\"><input size=\"40\" maxlength=\"400\" class=\"wpcf7-form-control wpcf7-text wpcf7-validates-as-required\" aria-required=\"true\" aria-invalid=\"false\" placeholder=\"Nombre y apellidos*\" value=\"\" type=\"text\" name=\"your-name\" \/><\/span><\/label>\n<\/div><!-- \/.form-one__control  -->\n<div class=\"form-one__control form-one\">\n<label><span class=\"wpcf7-form-control-wrap\" data-name=\"your-email\"><input size=\"40\" maxlength=\"400\" class=\"wpcf7-form-control wpcf7-email wpcf7-validates-as-required wpcf7-text wpcf7-validates-as-email\" aria-required=\"true\" aria-invalid=\"false\" placeholder=\"Email*\" value=\"\" type=\"email\" name=\"your-email\" \/><\/span><\/label>\n<\/div><!-- \/.form-one__control -->\n<div class=\"form-one__control form-one\">\n<label><span class=\"wpcf7-form-control-wrap\" data-name=\"your-tel\"><input size=\"40\" maxlength=\"400\" class=\"wpcf7-form-control wpcf7-tel wpcf7-validates-as-required wpcf7-text wpcf7-validates-as-tel\" aria-required=\"true\" aria-invalid=\"false\" placeholder=\"N\u00famero de tel\u00e9fono*\" value=\"\" type=\"tel\" name=\"your-tel\" \/><\/span><\/label>\n<\/div><!-- \/.form-one__control  -->\n<div class=\"form-one__control form-one\">\n<span class=\"wpcf7-form-control-wrap\" data-name=\"checkbox-192\"><span class=\"wpcf7-form-control wpcf7-checkbox wpcf7-validates-as-required\"><span class=\"wpcf7-list-item first last\"><input type=\"checkbox\" name=\"checkbox-192[]\" value=\"He le\u00eddo y acepto la\" \/><span class=\"wpcf7-list-item-label\">He le\u00eddo y acepto la<\/span><\/span><\/span><\/span><a href=\"https:\/\/autoescuelabalmaseda.com\/es\/privacidad\/\" target=\"_blank\"> Pol\u00edtica de Privacidad<\/a>.\n<\/div><!-- \/.form-one__control -->\n<br \/>\n<div class=\"form-one__control form-one__control__full text-center\">\n<button type=\"submit\" class=\"drivschol-btn drivschol-btn--base\"><span>\u00a1Quiero recuperar mis puntos!<\/span><\/button>\n<\/div><!-- \/.form-one__control --><style>\n.selecciona .wpcf7-list-item{\n    display: block;\n    margin: 0 0 0 1em;\n}\n.selecciona {\n    margin-bottom: 25px !important;\n}\n<\/style><div class=\"wpcf7-response-output\" aria-hidden=\"true\"><\/div>\n<\/form>\n<\/div>\n<\/p>\t\t\t\t\t\t\t\t<\/div>\n\t\t\t\t<\/div>\n\t\t\t\t<div class=\"elementor-element elementor-element-37f646a elementor-widget elementor-widget-html\" data-id=\"37f646a\" data-element_type=\"widget\" data-widget_type=\"html.default\">\n\t\t\t\t<div class=\"elementor-widget-container\">\n\t\t\t\t\t<script>\r\ndocument.addEventListener( 'wpcf7mailsent', function( event ) {\r\n    setTimeout( () => {\r\n        location = '\/es\/gracias-recuperacion-de-puntos\/';\r\n    }, 3000 ); \/\/ Wait for 3 seconds to redirect.\r\n}, false );\r\n<\/script>\t\t\t\t<\/div>\n\t\t\t\t<\/div>\n\t\t\t\t<div class=\"elementor-element elementor-element-d67a6fc elementor-widget elementor-widget-text-editor\" data-id=\"d67a6fc\" data-element_type=\"widget\" data-widget_type=\"text-editor.default\">\n\t\t\t\t<div class=\"elementor-widget-container\">\n\t\t\t\t\t\t\t\t\t<h5>M\u00c1S INFORMACI\u00d3N<\/h5><p>En estas direcciones puedes encontrar m\u00e1s informaci\u00f3n sobre los cursos que imparte Balmaseda de medidas reeducadoras.\u00a0<\/p><p><a class=\"drivschol-btn drivschol-btn--base\" href=\"\/es\/contacta\/\" target=\"_self\">SOLICITA INFORMACI\u00d3N SIN COMPROMISO<\/a><\/p><p><a class=\"drivschol-btn drivschol-btn--base\" href=\"\/es\/perdida-puntos-carnet\/\">PROCESO COMPLETO DE RECUPERACI\u00d3N DE PUNTOS<\/a><\/p><p><a class=\"drivschol-btn drivschol-btn--base\" style=\"width: 100%;\" href=\"\/es\/curso-recuperacion-puntos\/\" target=\"blank\"> CALENDARIO DE LOS CURSOS <\/a><\/p><p><a class=\"drivschol-btn drivschol-btn--base\" style=\"width: 100%;\" href=\"\/es\/lista-infracciones-perdida-puntos\/\" target=\"blank\">LISTA DE INFRACCIONES<\/a><\/p>\t\t\t\t\t\t\t\t<\/div>\n\t\t\t\t<\/div>\n\t\t\t\t<\/div>\n\t\t<div class=\"elementor-element elementor-element-b290c29 e-con-full e-flex e-con e-child\" data-id=\"b290c29\" data-element_type=\"container\">\n\t\t\t\t<div class=\"elementor-element elementor-element-1c18120 elementor-widget elementor-widget-text-editor\" data-id=\"1c18120\" data-element_type=\"widget\" data-widget_type=\"text-editor.default\">\n\t\t\t\t<div class=\"elementor-widget-container\">\n\t\t\t\t\t\t\t\t\t<p>Los cursos de recuperaci\u00f3n de puntos contienen el\u00a0<strong>estudio y an\u00e1lisis de una serie de materias<\/strong>\u00a0impartidas por profesionales cualificados:<\/p><div style=\"border: solid 1px; padding: 30px;\"><p>\u2022 Los\u00a0<strong>accidentes de tr\u00e1fico<\/strong>: problemas sociales y econ\u00f3micos que acarrean y las causas de los mismos.<\/p><p>\u2022 Conceptos generales sobre\u00a0<strong>c\u00f3mo se producen<\/strong>\u00a0los accidentes y las lesiones.<\/p><p>\u2022 La conducci\u00f3n, una tarea de\u00a0<strong>toma de decisiones:<\/strong>\u00a0actitudes, estados emocionales, influencia de la percepci\u00f3n y la aceptaci\u00f3n del riesgo.<\/p><p>\u2022\u00a0<strong>Grupos de riesgo<\/strong>: por qu\u00e9 son m\u00e1s vulnerables o m\u00e1s proclives al accidente.<\/p><p>\u2022 Las aptitudes y capacidades b\u00e1sicas para una<strong>\u00a0conducci\u00f3n segura<\/strong>.<\/p><p>\u2022\u00a0<strong>Factores de riesgo<\/strong>: velocidad, alcohol, drogas, enfermedades y f\u00e1rmacos, somnolencia, fatiga y estr\u00e9s.<\/p><p>\u2022 Qu\u00e9 es la\u00a0<strong>seguridad activa y pasiva.<\/strong><\/p><p>\u2022 En qu\u00e9 consiste la\u00a0<strong>conducci\u00f3n preventiva.<\/strong><\/p><p>\u2022\u00a0<strong>C\u00f3mo actuar<\/strong>\u00a0en caso de accidente.<\/p><\/div><p>Por qu\u00e9 es tan importante para la seguridad el cumplimiento de las normas.<\/p><hr style=\"border-top: 1px dashed;\" \/><h3>\u00a0<\/h3><h3>\u00bfCu\u00e1nto duran los cursos de recuperaci\u00f3n de puntos?<\/h3><p>La duraci\u00f3n de los cursos para recuperar los puntos del carnet de conducir dependen de si la retirada ha sido parcial, total o por sentencia judicial:<\/p><div><div style=\"border: solid 1px; padding: 30px;\"><ol><li><strong>Parcial:<\/strong> tiene una duraci\u00f3n de 10 horas que se realizan en dos jornadas de seis horas m\u00e1s cuarenta y cinco minutos de descanso diarios.<\/li><li><strong>Total y sentencias:<\/strong> tiene una duraci\u00f3n de 20 horas que se realizan en cuatro jornadas de seis horas m\u00e1s cuarenta y cinco minutos de descanso diarios.<\/li><\/ol><\/div><\/div><div class=\"hr hr5\">\u00a0<\/div><div class=\"gap\"><hr style=\"border-top: 1px dashed;\" \/><\/div><h2>\u00a0<\/h2><h2>\u00bfQu\u00e9 duraci\u00f3n tiene el curso de recuperaci\u00f3n del permiso?<\/h2><p>El curso de recuperaci\u00f3n del permiso de conducir tiene una\u00a0<strong>duraci\u00f3n de 20 horas<\/strong>. La asistencia es obligatoria. reparten en <strong>seg\u00fan el curso que se elija<\/strong>, los hay de <strong>2,3 y 4 jornadas<\/strong>.<\/p><hr style=\"border-top: 1px dashed;\" \/><h2>\u00a0<\/h2><h2>\u00bfQui\u00e9n imparte los cursos de recuperaci\u00f3n de puntos?<\/h2><p>Los cursos de recuperaci\u00f3n de puntos del carnet de conducir son impartidos por\u00a0<strong>formadores y psic\u00f3logos formadores<\/strong>. En el primer caso, tienen que tener el t\u00edtulo de profesor\/a de formaci\u00f3n vial y m\u00e1s de 3 a\u00f1os de experiencia, y superar un curso de formaci\u00f3n.<\/p><p>Los psic\u00f3logos formadores tienen que ser licenciados en psicolog\u00eda y superar un curso de formaci\u00f3n. Tambi\u00e9n contar\u00e1n con la colaboraci\u00f3n de asociaciones de v\u00edctimas y de familiares de v\u00edctimas de accidentes de tr\u00e1fico.<\/p><p>\u00a1Conf\u00eda en los profesionales de Autoescuela Balmaseda!<\/p><hr style=\"border-top: 1px dashed;\" \/><h2>\u00a0<\/h2><h2>\u00bfEs obligatoria la asistencia a los cursos de recuperaci\u00f3n de puntos?<\/h2><p>S\u00ed.\u00a0<strong>La asistencia es obligatoria<\/strong>\u00a0y se debe asistir al\u00a0<strong>100% de las clases<\/strong>. Existe un registro de la asistencia a la totalidad del curso.<\/p><p style=\"text-align: center;\"><a class=\"drivschol-btn drivschol-btn--base\" href=\"\/es\/recupera-tus-puntos\">Cursos de recuperaci\u00f3n de puntos<\/a><\/p>\t\t\t\t\t\t\t\t<\/div>\n\t\t\t\t<\/div>\n\t\t\t\t<\/div>\n\t\t\t\t\t<\/div>\n\t\t\t\t<\/div>\n\t\t\t\t\t<\/div>\n\t\t\t\t<\/div>\n\t\t\t\t<\/div>\n\t\t","protected":false},"excerpt":{"rendered":"<p>\u00bfQuieres recuperar los\u00a0PUNTOS DE TU CARNET? Rellena tus datos ahora y descubre el curso para ti. Ent\u00e9rate de requisitos y fechas de inicio. Te brindamos toda la informaci\u00f3n que necesites. Te informamos sin compromiso: M\u00c1S INFORMACI\u00d3N En estas direcciones puedes encontrar m\u00e1s informaci\u00f3n sobre los cursos que imparte Balmaseda de medidas reeducadoras.\u00a0 SOLICITA INFORMACI\u00d3N SIN [&hellip;]<\/p>\n","protected":false},"author":1,"featured_media":0,"parent":0,"menu_order":0,"comment_status":"closed","ping_status":"closed","template":"","meta":{"_acf_changed":false,"footnotes":""},"class_list":["post-6021","page","type-page","status-publish","hentry"],"acf":[],"_links":{"self":[{"href":"https:\/\/autoescuelabalmaseda.com\/es\/wp-json\/wp\/v2\/pages\/6021","targetHints":{"allow":["GET"]}}],"collection":[{"href":"https:\/\/autoescuelabalmaseda.com\/es\/wp-json\/wp\/v2\/pages"}],"about":[{"href":"https:\/\/autoescuelabalmaseda.com\/es\/wp-json\/wp\/v2\/types\/page"}],"author":[{"embeddable":true,"href":"https:\/\/autoescuelabalmaseda.com\/es\/wp-json\/wp\/v2\/users\/1"}],"replies":[{"embeddable":true,"href":"https:\/\/autoescuelabalmaseda.com\/es\/wp-json\/wp\/v2\/comments?post=6021"}],"version-history":[{"count":37,"href":"https:\/\/autoescuelabalmaseda.com\/es\/wp-json\/wp\/v2\/pages\/6021\/revisions"}],"predecessor-version":[{"id":12225,"href":"https:\/\/autoescuelabalmaseda.com\/es\/wp-json\/wp\/v2\/pages\/6021\/revisions\/12225"}],"wp:attachment":[{"href":"https:\/\/autoescuelabalmaseda.com\/es\/wp-json\/wp\/v2\/media?parent=6021"}],"curies":[{"name":"wp","href":"https:\/\/api.w.org\/{rel}","templated":true}]}}