{"id":6900,"date":"2020-06-08T14:30:04","date_gmt":"2020-06-08T14:30:04","guid":{"rendered":"https:\/\/autoescuelabalmaseda.com\/es\/?page_id=6900"},"modified":"2024-12-02T23:37:53","modified_gmt":"2024-12-02T22:37:53","slug":"medidas-covid","status":"publish","type":"page","link":"https:\/\/autoescuelabalmaseda.com\/es\/medidas-covid\/","title":{"rendered":"Medidas Covid"},"content":{"rendered":"<p>Todos los centros de Balmaseda se adhieren al protocolo de actuaci\u00f3n para autoescuelas frente al COVID-19 para que tu visita a nuestros centros y la realizaci\u00f3n de tus clases se lleven a cabo en un entorno seguro. Somos conscientes de lo importante que es llevar a cabo estas medidas para tu seguridad y vamos a poner todos nuestros recursos para ello.<\/p>\n<p>\u00a1Te estamos esperando!<\/p>\n<h2>Normas generales en la autoescuela<\/h2>\n<div style=\"background-color: #fff; border: 1px solid #eeeeee; padding: 10px 20px 10px 25px;\">\n<ul>\n<li>La autoescuela facilitar\u00e1 material de prevenci\u00f3n (como mascarillas, guantes, jab\u00f3n y gel hidroalcoh\u00f3lico) a los trabajadores.<\/li>\n<li>Mantener la distancia interpersonal de aprox. 2 m, en la entrada y\/o salida y durante la permanencia en la autoescuela.<\/li>\n<li>De ser posible, escalonar los horarios si el espacio de trabajo no permite mantener la distancia interpersonal.<\/li>\n<li>Ventilaci\u00f3n adecuada, diaria. Al iniciar y al terminar una clase como m\u00ednimo, durante diez minutos.<\/li>\n<li>Limpieza y desinfecci\u00f3n frecuente de las instalaciones del centro, sillas y mesas de uso individual de los alumnos despu\u00e9s de cada clase en el aula<\/li>\n<\/ul>\n<\/div>\n<h2>Pautas b\u00e1sicas dentro del veh\u00edculo<\/h2>\n<div style=\"background-color: #fff; border: 1px solid #eeeeee; padding: 10px 20px 10px 25px;\">\n<ul>\n<li>Evitar dar instrucciones mirando al conductor y viceversa. De la misma forma que no se volver\u00e1n hacia atr\u00e1s para hablar con el examinador. Las comunicaciones se har\u00e1n mirando al frente.<\/li>\n<li>No podr\u00e1n montarse en el coche personas con s\u00edntomas de tos, fiebre, etc<\/li>\n<\/ul>\n<\/div>\n<p>&nbsp;<\/p>\n<h2>Limpieza de los veh\u00edculos<\/h2>\n<div style=\"background-color: #fff; border: 1px solid #eeeeee; padding: 10px 20px 10px 25px;\">Antes y despu\u00e9s de cada clase, se limpia, desinfecta y ventila el coche:<\/p>\n<ul>\n<li>Volante<\/li>\n<li>Palanca de cambios<\/li>\n<li>Freno de mano<\/li>\n<li>Tiradores exteriores\/interiores de las puertas<\/li>\n<li>Botones de los sistemas de infoentretenimiento y climatizaci\u00f3n<\/li>\n<li>Pantalla t\u00e1ctil<\/li>\n<li>Intermitentes y limpiaparabrisas<\/li>\n<li>Palancas de ajuste del asiento<\/li>\n<li>Apoyabrazos<\/li>\n<li>Cinturones de seguridad y alfombrillas<\/li>\n<\/ul>\n<\/div>\n<p><iframe src=\"https:\/\/www.youtube.com\/embed\/eJteTW-VdRQ\" width=\"100%\" height=\"506\" frameborder=\"0\" allowfullscreen=\"allowfullscreen\"><\/iframe><\/p>\n","protected":false},"excerpt":{"rendered":"<p>Todos los centros de Balmaseda se adhieren al protocolo de actuaci\u00f3n para autoescuelas frente al COVID-19 para que tu visita a nuestros centros y la realizaci\u00f3n de tus clases se lleven a cabo en un entorno seguro. Somos conscientes de lo importante que es llevar a cabo estas medidas para tu seguridad y vamos a [&hellip;]<\/p>\n","protected":false},"author":1,"featured_media":0,"parent":0,"menu_order":0,"comment_status":"closed","ping_status":"closed","template":"","meta":{"_acf_changed":false,"footnotes":""},"class_list":["post-6900","page","type-page","status-publish","hentry"],"acf":[],"_links":{"self":[{"href":"https:\/\/autoescuelabalmaseda.com\/es\/wp-json\/wp\/v2\/pages\/6900","targetHints":{"allow":["GET"]}}],"collection":[{"href":"https:\/\/autoescuelabalmaseda.com\/es\/wp-json\/wp\/v2\/pages"}],"about":[{"href":"https:\/\/autoescuelabalmaseda.com\/es\/wp-json\/wp\/v2\/types\/page"}],"author":[{"embeddable":true,"href":"https:\/\/autoescuelabalmaseda.com\/es\/wp-json\/wp\/v2\/users\/1"}],"replies":[{"embeddable":true,"href":"https:\/\/autoescuelabalmaseda.com\/es\/wp-json\/wp\/v2\/comments?post=6900"}],"version-history":[{"count":1,"href":"https:\/\/autoescuelabalmaseda.com\/es\/wp-json\/wp\/v2\/pages\/6900\/revisions"}],"predecessor-version":[{"id":11246,"href":"https:\/\/autoescuelabalmaseda.com\/es\/wp-json\/wp\/v2\/pages\/6900\/revisions\/11246"}],"wp:attachment":[{"href":"https:\/\/autoescuelabalmaseda.com\/es\/wp-json\/wp\/v2\/media?parent=6900"}],"curies":[{"name":"wp","href":"https:\/\/api.w.org\/{rel}","templated":true}]}}