{"id":7371,"date":"2022-05-25T15:38:12","date_gmt":"2022-05-25T15:38:12","guid":{"rendered":"https:\/\/autoescuelabalmaseda.com\/es\/?page_id=7371"},"modified":"2025-01-26T12:16:14","modified_gmt":"2025-01-26T11:16:14","slug":"expertos-formacion-motociclistas","status":"publish","type":"page","link":"https:\/\/autoescuelabalmaseda.com\/es\/expertos-formacion-motociclistas\/","title":{"rendered":"Tu Motoescuela en Madrid"},"content":{"rendered":"\t\t<div data-elementor-type=\"wp-page\" data-elementor-id=\"7371\" class=\"elementor elementor-7371\">\n\t\t\t\t<div class=\"elementor-element elementor-element-627d31d9 e-flex e-con-boxed e-con e-parent\" data-id=\"627d31d9\" data-element_type=\"container\">\n\t\t\t\t\t<div class=\"e-con-inner\">\n\t\t\t\t<div class=\"elementor-element elementor-element-30577fa elementor-widget elementor-widget-text-editor\" data-id=\"30577fa\" data-element_type=\"widget\" data-widget_type=\"text-editor.default\">\n\t\t\t\t<div class=\"elementor-widget-container\">\n\t\t\t\t\t\t\t\t\t<p style=\"margin-top: 25px; font-size: initial; line-height: initial;\"><a href=\"https:\/\/autoescuelabalmaseda.com\/es\/wp-content\/uploads\/2022\/05\/motoescuela-2.jpg\"><img fetchpriority=\"high\" decoding=\"async\" class=\"wp-image-7376 alignright\" src=\"\/es\/wp-content\/uploads\/2024\/07\/motoescuela-2-225x300-1.jpg\" width=\"225\" height=\"300\" \/><\/a>La formaci\u00f3n de conductores en Madrid estaba coja hasta ayer. Por suerte, <strong>el acuerdo entre Balmaseda y Motoescuela<\/strong> supone un acontecimiento similar a los ocho t\u00edtulos de campe\u00f3n del mundo de Marc M\u00e1rquez. Porque a partir de hoy la formaci\u00f3n para motociclistas en Madrid y Alcal\u00e1 de Henares es una realidad. \u00a1Brindemos por ello!<\/p><p>Un nuevo equipo se pone al frente de un reto apasionante: ofrecer todos los cursos te\u00f3ricos y pr\u00e1cticos para que <strong>obtengas tu <a style=\"color: #d12a43 !important;\" href=\"https:\/\/autoescuelabalmaseda.com\/es\/carnets-moto\/\">permiso de moto<\/a> de la mejor manera posible<\/strong>. La sinergia entre Balmaseda y Motoescuela \u2014decana en Espa\u00f1a en la formaci\u00f3n de motociclistas\u2014, proporcionar\u00e1 a los alumnos y alumnas las mejores herramientas para convertirse en los mejores motociclistas.<\/p><p>\u00a1P\u00eddenos informaci\u00f3n de cualquiera de los carnets de moto que puedes obtener con nosotros!<\/p><p>\n<div class=\"wpcf7 no-js\" id=\"wpcf7-f4230-o1\" lang=\"es-ES\" dir=\"ltr\" data-wpcf7-id=\"4230\">\n<div class=\"screen-reader-response\"><p role=\"status\" aria-live=\"polite\" aria-atomic=\"true\"><\/p> <ul><\/ul><\/div>\n<form action=\"\/es\/wp-json\/wp\/v2\/pages\/7371#wpcf7-f4230-o1\" method=\"post\" class=\"wpcf7-form init\" aria-label=\"Formulario de contacto\" novalidate=\"novalidate\" data-status=\"init\">\n<div style=\"display: none;\">\n<input type=\"hidden\" name=\"_wpcf7\" value=\"4230\" \/>\n<input type=\"hidden\" name=\"_wpcf7_version\" value=\"6.0.3\" \/>\n<input type=\"hidden\" name=\"_wpcf7_locale\" value=\"es_ES\" \/>\n<input type=\"hidden\" name=\"_wpcf7_unit_tag\" value=\"wpcf7-f4230-o1\" \/>\n<input type=\"hidden\" name=\"_wpcf7_container_post\" value=\"0\" \/>\n<input type=\"hidden\" name=\"_wpcf7_posted_data_hash\" value=\"\" \/>\n<input type=\"hidden\" name=\"_wpcf7_recaptcha_response\" value=\"\" \/>\n<\/div>\n<div  class=\"infoCentrosSelector\"><div  style=\"float:left; width:100%; margin-right:10px;\"><br \/><strong>\u00bfComo quieres que contactemos contigo?<\/strong>\n    <span class=\"wpcf7-form-control-wrap\" data-name=\"radio-739\"><span class=\"wpcf7-form-control wpcf7-radio\"><span class=\"wpcf7-list-item first\"><label><input type=\"radio\" name=\"radio-739\" value=\"Whatsapp(Recomendado)\" checked=\"checked\" \/><span class=\"wpcf7-list-item-label\">Whatsapp(Recomendado)<\/span><\/label><\/span><span class=\"wpcf7-list-item\"><label><input type=\"radio\" name=\"radio-739\" value=\"Tel\u00e9fono\" \/><span class=\"wpcf7-list-item-label\">Tel\u00e9fono<\/span><\/label><\/span><span class=\"wpcf7-list-item last\"><label><input type=\"radio\" name=\"radio-739\" value=\"Correo Electr\u00f3nico\" \/><span class=\"wpcf7-list-item-label\">Correo Electr\u00f3nico<\/span><\/label><\/span><\/span><\/span><br \/> <\/div><\/div>\n<p>O escr\u00edbenos a nuestro email <a href=\"mailto:alumnos@autoescuelabalmaseda.com\" target=\"_blank\">alumnos@autoescuelabalmaseda.com<\/a><\/p>\n<div  class=\"infoCentros\"><div style=\"float:left; width:250px; margin-right:10px;\"><strong>Tu nombre<span style=\"color:#FF0000;\">*<\/span><br \/>\n    <span class=\"wpcf7-form-control-wrap\" data-name=\"your-name\"><input size=\"40\" maxlength=\"400\" class=\"wpcf7-form-control wpcf7-text wpcf7-validates-as-required\" aria-required=\"true\" aria-invalid=\"false\" value=\"\" type=\"text\" name=\"your-name\" \/><\/span> <\/strong><\/div>\n\n<div style=\"float:left; width:250px; \"><strong>Tu email<span style=\"color:#FF0000;style=\"width:100%\"\">*<\/span><br \/>\n    <span class=\"wpcf7-form-control-wrap\" data-name=\"your-email\"><input size=\"40\" maxlength=\"400\" class=\"wpcf7-form-control wpcf7-email wpcf7-validates-as-required wpcf7-text wpcf7-validates-as-email\" aria-required=\"true\" aria-invalid=\"false\" value=\"\" type=\"email\" name=\"your-email\" \/><\/span> <\/strong><\/div>\n\n<div style=\"clear:both;\"><\/div>\n\n<div style=\"float:left; width:250px; margin-right:10px;\"><strong>Tu tel\u00e9fono<span style=\"color:#FF0000;style=\"width:100%\"\"><\/span><br \/>\n    <span class=\"wpcf7-form-control-wrap\" data-name=\"your-phone\"><input size=\"40\" maxlength=\"400\" class=\"wpcf7-form-control wpcf7-text\" aria-invalid=\"false\" value=\"\" type=\"text\" name=\"your-phone\" \/><\/span> <\/strong><\/div>\n\n<div style=\"float:left; width:250px; \"><strong>Asunto<span style=\"color:#FF0000;style=\"width:100%\"\"><\/span><br \/>\n    <span class=\"wpcf7-form-control-wrap\" data-name=\"your-subject\"><input size=\"40\" maxlength=\"400\" class=\"wpcf7-form-control wpcf7-text\" aria-invalid=\"false\" value=\"\" type=\"text\" name=\"your-subject\" \/><\/span> <\/strong><\/div>\n\n<div style=\"clear:both;\"><\/div>\n\n<strong>Tus dudas<br \/>\n    <span class=\"wpcf7-form-control-wrap\" data-name=\"your-message\"><textarea cols=\"40\" rows=\"10\" maxlength=\"2000\" class=\"wpcf7-form-control wpcf7-textarea\" aria-invalid=\"false\" name=\"your-message\"><\/textarea><\/span> <\/strong>\n\n<p><span class=\"wpcf7-form-control-wrap\" data-name=\"acceptance-576\"><span class=\"wpcf7-form-control wpcf7-acceptance\"><span class=\"wpcf7-list-item\"><input type=\"checkbox\" name=\"acceptance-576\" value=\"1\" aria-invalid=\"false\" \/><\/span><\/span><\/span> He le\u00eddo y acepto <a style=\"color:#d12a43;\" href=\"https:\/\/autoescuelabalmaseda.com\/es\/privacidad\/\" target=\"blank\"\/>Pol\u00edtica de privacidad<\/a>\n<\/p>\n\n<p><button type=\"submit\" class=\"drivschol-btn drivschol-btn--base\"><span>ENVIAR<\/span><\/button><\/p>\n<\/div>\n<style>\n.infoCentrosSelector .wpcf7-list-item {\n    display: block;\n    margin: 0 0 0 1em;\n}\n<\/style><div class=\"wpcf7-response-output\" aria-hidden=\"true\"><\/div>\n<\/form>\n<\/div>\n<\/p><h2><strong>Experiencia y recursos<\/strong><\/h2><p>Para ello, te ofrecemos unas <strong>instalaciones competitivas y dotadas con todo lo necesario<\/strong>, simuladores de conducci\u00f3n, profesores preparados y enamorados de su profesi\u00f3n, as\u00ed como el material did\u00e1ctico indispensable para una formaci\u00f3n completa, tanto presencial como online.<\/p><p>Si tu deseo es <strong>aprender a conducir una moto en las mejores condiciones<\/strong>, Motoescuela, de la mano Balmaseda, y viceversa, es la opci\u00f3n definitiva. Adem\u00e1s, los alumnos ir\u00e1n equipados con los materiales m\u00e1s innovadores y seguros en sus sesiones pr\u00e1cticas, como los chalecos con airbag que reforzar\u00e1 su confianza.<\/p><div id=\"images-container\"><a href=\"https:\/\/autoescuelabalmaseda.com\/es\/wp-content\/uploads\/2022\/05\/motoescuela-4.jpg\"><img decoding=\"async\" class=\"aligncenter size-medium wp-image-7378\" src=\"https:\/\/autoescuelabalmaseda.com\/es\/wp-content\/uploads\/2022\/05\/motoescuela-4-225x300.jpg\" alt=\"motoescuela\" width=\"225\" height=\"300\" \/><\/a><br \/><a href=\"https:\/\/autoescuelabalmaseda.com\/es\/wp-content\/uploads\/2022\/05\/motoescuela-3.jpg\"><img decoding=\"async\" class=\"aligncenter size-medium wp-image-7377\" src=\"https:\/\/autoescuelabalmaseda.com\/es\/wp-content\/uploads\/2022\/05\/motoescuela-3-225x300.jpg\" alt=\"motoescuela\" width=\"225\" height=\"300\" \/><\/a><\/div><div class=\"txt-imagen\"><div class=\"txt-imagen-txt\"><h2><strong>Motociclistas m\u00e1s seguros <\/strong><\/h2><p><a href=\"\/wp-content\/uploads\/2024\/07\/motociclistas-mas-seguros-273x300-1.jpg\"><img loading=\"lazy\" decoding=\"async\" class=\"size-medium wp-image-7411 alignright\" src=\"\/es\/wp-content\/uploads\/2024\/07\/motociclistas-mas-seguros-273x300-1.jpg\" alt=\"motociclistas-mas-seguros\" width=\"273\" height=\"300\" \/><\/a>Porque en Motoescuela han hecho de la seguridad de los motociclistas (y del resto de conductores y de peatones) su se\u00f1a de identidad. Por desgracia, las cifras de accidentes en moto en carretera siguen siendo altas. La buena noticia es que, <strong>formando a conductores en seguridad<\/strong>, estas ratios ir\u00e1n descendiendo.<\/p><p>Ese es el compromiso de Motoescuela, que Balmaseda hace suyo tambi\u00e9n, para ir m\u00e1s all\u00e1 de la consecuci\u00f3n del carn\u00e9 de conducir de moto y <strong>formar a motociclistas seguros<\/strong>.<\/p><\/div><\/div><h2><strong>Formaci\u00f3n para \u2018riders\u2019 y repartidores<\/strong><\/h2><p><a href=\"\/es\/wp-content\/uploads\/2024\/07\/formacion-repartidores-300x200-1.jpg\"><img loading=\"lazy\" decoding=\"async\" class=\"size-medium wp-image-7412 alignleft\" src=\"\/es\/wp-content\/uploads\/2024\/07\/formacion-repartidores-300x200-1.jpg\" alt=\"formacion-repartidores\" width=\"300\" height=\"200\" \/><\/a>Adem\u00e1s de los cursos preparatorios para los ex\u00e1menes del carn\u00e9 de moto (AM, A1, A2 y A), la uni\u00f3n de Balmaseda y Motoescuela es de gran inter\u00e9s para aquellas <strong>empresas que cuenten con repartidores en su plantilla<\/strong>.<\/p><p>La <strong>seguridad vial laboral<\/strong> entendida como valor intangible que se puede demostrar. Porque gracias a la <strong>certificaci\u00f3n internacional para motociclistas<\/strong> y su RiderID, aquellos conductores que dispongan de este sello acreditar\u00e1n su formaci\u00f3n especializada. Una se\u00f1al de garant\u00eda que les brindar\u00e1 m\u00e1s oportunidades labores y, por supuesto, una conducci\u00f3n m\u00e1s segura.<\/p><h2><strong>Otros cursos para amantes de la moto<\/strong><\/h2><p>Adem\u00e1s de las titulaciones oficiales, Motoescuela y Balmaseda se vuelcan tambi\u00e9n en las <strong>clases de reciclaje<\/strong> para motoristas y puesta al d\u00eda para motociclistas que quieran volver a las dos ruedas.<\/p><p style=\"font-size: initial; line-height: initial;\">Pero tambi\u00e9n en otros cursos m\u00e1s l\u00fadicos, para aficionados a la moto que quieran ampliar sus horizontes. Como el de conducci\u00f3n en carretera, en niveles de iniciaci\u00f3n o avanzando, o el <strong>curso de iniciaci\u00f3n al trial<\/strong>.<\/p><p><a href=\"\/es\/wp-content\/uploads\/2024\/07\/moto-02-300x205-1.png\"><img loading=\"lazy\" decoding=\"async\" class=\"size-medium wp-image-7414 aligncenter\" src=\"\/es\/wp-content\/uploads\/2024\/07\/moto-02-300x205-1.png\" alt=\"moto-02\" width=\"300\" height=\"205\" \/><\/a><\/p><p class=\"txt-rojo\" style=\"text-align: center; font-size: initial; line-height: initial;\">Motociclistas de Madrid: \u00a1est\u00e1is de enhorabuena!<\/p><p style=\"text-align: center; font-size: initial; line-height: initial;\"><strong>Os esperamos en los ocho centros repartidos entre Madrid y Alcal\u00e1 de Henares.<\/strong><\/p><p style=\"text-align: center; font-size: initial; line-height: initial;\">Si quieres m\u00e1s informaci\u00f3n \u00a1Ponte en <a href=\"https:\/\/autoescuelabalmaseda.com\/es\/contacta\/\"><span class=\"txt-rojo\">contacto con nosotros!<\/span><\/a><\/p>\t\t\t\t\t\t\t\t<\/div>\n\t\t\t\t<\/div>\n\t\t\t\t\t<\/div>\n\t\t\t\t<\/div>\n\t\t<div class=\"elementor-element elementor-element-850842d e-flex e-con-boxed e-con e-parent\" data-id=\"850842d\" data-element_type=\"container\">\n\t\t\t\t\t<div class=\"e-con-inner\">\n\t\t\t\t<div class=\"elementor-element elementor-element-7fce79b elementor-widget elementor-widget-html\" data-id=\"7fce79b\" data-element_type=\"widget\" data-widget_type=\"html.default\">\n\t\t\t\t<div class=\"elementor-widget-container\">\n\t\t\t\t\t<script>\r\ndocument.addEventListener( 'wpcf7mailsent', function( event ) {\r\n    setTimeout( () => {\r\n        location = '\/es\/gracias';\r\n    }, 3000 ); \/\/ Wait for 3 seconds to redirect.\r\n}, false );\r\n<\/script>\t\t\t\t<\/div>\n\t\t\t\t<\/div>\n\t\t\t\t\t<\/div>\n\t\t\t\t<\/div>\n\t\t\t\t<\/div>\n\t\t","protected":false},"excerpt":{"rendered":"<p>La formaci\u00f3n de conductores en Madrid estaba coja hasta ayer. Por suerte, el acuerdo entre Balmaseda y Motoescuela supone un acontecimiento similar a los ocho t\u00edtulos de campe\u00f3n del mundo de Marc M\u00e1rquez. Porque a partir de hoy la formaci\u00f3n para motociclistas en Madrid y Alcal\u00e1 de Henares es una realidad. \u00a1Brindemos por ello! Un [&hellip;]<\/p>\n","protected":false},"author":1,"featured_media":0,"parent":0,"menu_order":0,"comment_status":"closed","ping_status":"closed","template":"","meta":{"_acf_changed":false,"footnotes":""},"class_list":["post-7371","page","type-page","status-publish","hentry"],"acf":[],"_links":{"self":[{"href":"https:\/\/autoescuelabalmaseda.com\/es\/wp-json\/wp\/v2\/pages\/7371","targetHints":{"allow":["GET"]}}],"collection":[{"href":"https:\/\/autoescuelabalmaseda.com\/es\/wp-json\/wp\/v2\/pages"}],"about":[{"href":"https:\/\/autoescuelabalmaseda.com\/es\/wp-json\/wp\/v2\/types\/page"}],"author":[{"embeddable":true,"href":"https:\/\/autoescuelabalmaseda.com\/es\/wp-json\/wp\/v2\/users\/1"}],"replies":[{"embeddable":true,"href":"https:\/\/autoescuelabalmaseda.com\/es\/wp-json\/wp\/v2\/comments?post=7371"}],"version-history":[{"count":28,"href":"https:\/\/autoescuelabalmaseda.com\/es\/wp-json\/wp\/v2\/pages\/7371\/revisions"}],"predecessor-version":[{"id":11889,"href":"https:\/\/autoescuelabalmaseda.com\/es\/wp-json\/wp\/v2\/pages\/7371\/revisions\/11889"}],"wp:attachment":[{"href":"https:\/\/autoescuelabalmaseda.com\/es\/wp-json\/wp\/v2\/media?parent=7371"}],"curies":[{"name":"wp","href":"https:\/\/api.w.org\/{rel}","templated":true}]}}