{"id":9300,"date":"2024-06-11T21:57:56","date_gmt":"2024-06-11T19:57:56","guid":{"rendered":"https:\/\/autoescuela.marioadrados.com\/?page_id=9300"},"modified":"2026-01-12T19:23:37","modified_gmt":"2026-01-12T18:23:37","slug":"centros","status":"publish","type":"page","link":"https:\/\/autoescuelabalmaseda.com\/es\/centros\/","title":{"rendered":"Centros"},"content":{"rendered":"\t\t<div data-elementor-type=\"wp-page\" data-elementor-id=\"9300\" class=\"elementor elementor-9300\">\n\t\t\t\t<div class=\"elementor-element elementor-element-d1bcf74 mapa-centros e-flex e-con-boxed e-con e-parent\" data-id=\"d1bcf74\" data-element_type=\"container\">\n\t\t\t\t\t<div class=\"e-con-inner\">\n\t\t\t\t<div class=\"elementor-element elementor-element-06031d1 elementor-widget elementor-widget-html\" data-id=\"06031d1\" data-element_type=\"widget\" data-widget_type=\"html.default\">\n\t\t\t\t<div class=\"elementor-widget-container\">\n\t\t\t\t\t<script src=\"https:\/\/ajax.googleapis.com\/ajax\/libs\/jquery\/2.1.1\/jquery.min.js\"><\/script>\r\n  <script type=\"text\/javascript\" src=\"\/\/maps.google.com\/maps\/api\/js?key=AIzaSyDHVp9wcbfo0pxX9-PY9deGuRrSMXGZJCE&sensor=false&libraries=geometry,drawing\"><\/script>\r\n\r\n<div id=\"map\" style=\"width: 100%; height: 500px;\"><\/div>\r\n<script>\r\n    \/\/\/your locations array \r\nvar locations = [\r\n    ['OFICINAS CENTRALES, Arturo Soria 10', 40.43851,-3.638392, 1],\r\n    ['Avenida Marqu\u00e9s de Corbera, 59', 40.4267949,-3.6507968, 2],\r\n    ['Gumersindo Llorente, 74', 40.4413255,-3.565423, 3],\r\n    ['Hermanos Garc\u00eda Noblejas, 45', 40.4303207,-3.6322633, 4],\r\n    ['Plaza Puerta del Vado, 4', 40.4773578,-3.3674381, 12],\r\n    ['Nueva Esperanza', 3.7470342,8.775362, 6]\r\n    ];\r\nvar infoWindowContent = [\r\n\t['<div class=\"info_content\">' + '<h3>Oficinas Centrales<\/h3>' + '<p>Arturo Soria 10<br\/>Tel\u00e9fono: 91 367 46 48<\/p>' +        '<\/div>'],\r\n\t['<div class=\"info_content\">' + '<h3>Avenida Marqu\u00e9s de Corbera, 59<\/h3>' + '<p>Tel\u00e9fono: 91 326 24 27<\/p>' + '<\/div>'],\r\n\t['<div class=\"info_content\">' + '<h3>Gumersindo Llorente, 74<\/h3>' + '<p>Veh\u00edculos pesados<br\/>Tel\u00e9fono: 91 312 31 63<\/p>' + '<\/div>'],\r\n\t['<div class=\"info_content\">' + '<h3>Hermanos Garc\u00eda Noblejas, 45<\/h3>' + '<p>Tel\u00e9fono: 91 368 34 09<\/p>' + '<\/div>'],\r\n\t['<div class=\"info_content\">' + '<h3>Plaza Puerta del Vado, 4<\/h3>' + '<p>Tel\u00e9fono: 91 877 33 06<\/p>' + '<\/div>'],\r\n\t['<div class=\"info_content\">' + '<h3>Buena Esperanza, 875  Malabo, Guinea<\/h3>' + '<p>Tel\u00e9fono: 222 61 50 50<\/p>' + '<\/div>']\r\n];\r\n\r\nvar map;\r\nvar markers = [];\r\n\r\nfunction init()\r\n{\r\n  map = new google.maps.Map(document.getElementById('map'), {\r\n\tzoom: 12,\r\n\tcenter: new google.maps.LatLng(40.447735,-3.529613),\r\n\tmapTypeId: google.maps.MapTypeId.ROADMAP\r\n  });\r\n  var infoWindow = new google.maps.InfoWindow(), marker, i;\r\n  var num_markers = locations.length;\r\n  for (var i = 0; i < num_markers; i++) {\r\n\tmarkers[i] = new google.maps.Marker({\r\n\t  position: {lat:locations[i][1], lng:locations[i][2]},\r\n\t  map: map,\r\n\t  html: infoWindowContent[i][0],\r\n\t  id: i,\r\n\t});\r\n\r\n\tgoogle.maps.event.addListener(markers[i], 'click', function(){\r\n\t  var infowindow = new google.maps.InfoWindow({\r\n\t\tid: this.id,\r\n\t\tcontent:this.html,\r\n\t\tposition:this.getPosition()\r\n\t  });\r\n\r\n\t  google.maps.event.addListenerOnce(infowindow, 'closeclick', function(){\r\n\t\tmarkers[this.id].setVisible(true);\r\n\t  });\r\n\t  this.setVisible(false);\r\n\t  infowindow.open(map);\r\n\t});\r\n  }\r\n  var screenWidth = window.screen.width ;\r\nif (screenWidth < 600)\r\n{\r\n    map.setZoom(10);\r\n}\r\n  \r\n}\r\n\r\n\r\n$( document ).ready(function() {\r\n\tgoogle.maps.event.addDomListener(window, 'load', init); \r\n\t\r\n});\r\n\r\n<\/script>\t\t\t\t<\/div>\n\t\t\t\t<\/div>\n\t\t\t\t<div class=\"elementor-element elementor-element-12c158c elementor-widget elementor-widget-heading\" data-id=\"12c158c\" data-element_type=\"widget\" data-widget_type=\"heading.default\">\n\t\t\t\t<div class=\"elementor-widget-container\">\n\t\t\t\t\t<h2 class=\"elementor-heading-title elementor-size-default\">Madrid<\/h2>\t\t\t\t<\/div>\n\t\t\t\t<\/div>\n\t\t<div class=\"elementor-element elementor-element-ae25eb1 e-grid e-con-full e-con e-child\" data-id=\"ae25eb1\" data-element_type=\"container\">\n\t\t\t\t<div class=\"elementor-element elementor-element-a14ddf4 elementor-widget elementor-widget-text-editor\" data-id=\"a14ddf4\" data-element_type=\"widget\" data-widget_type=\"text-editor.default\">\n\t\t\t\t<div class=\"elementor-widget-container\">\n\t\t\t\t\t\t\t\t\t<h5><a href=\"\/es\/arturo-soria-10\/\">OFICINAS CENTRALES<br \/>Arturo Soria 10 (Circuito de motos)<\/a><\/h5><p>Calle de Arturo Soria, 10<br \/>28027 Madrid<br \/>Spain<br \/><a href=\"tel:+34913674648\">91 367 46 48<\/a><\/p>\t\t\t\t\t\t\t\t<\/div>\n\t\t\t\t<\/div>\n\t\t\t\t<div class=\"elementor-element elementor-element-d9f053e elementor-widget elementor-widget-text-editor\" data-id=\"d9f053e\" data-element_type=\"widget\" data-widget_type=\"text-editor.default\">\n\t\t\t\t<div class=\"elementor-widget-container\">\n\t\t\t\t\t\t\t\t\t<h5><a class=\"map_marker\" href=\"\/es\/marques-de-corbera-59\/\">AVENIDA DE MARQU\u00c9S DE CORBERA 59<\/a><\/h5><p>Avenida Marqu\u00e9s de Corbera, 59<br \/>28017 Madrid<br \/>Spain<br \/><a href=\"tel:+34913262427\">91 326 24 27<\/a><\/p>\t\t\t\t\t\t\t\t<\/div>\n\t\t\t\t<\/div>\n\t\t\t\t<div class=\"elementor-element elementor-element-03e1036 elementor-widget elementor-widget-text-editor\" data-id=\"03e1036\" data-element_type=\"widget\" data-widget_type=\"text-editor.default\">\n\t\t\t\t<div class=\"elementor-widget-container\">\n\t\t\t\t\t\t\t\t\t<h5><a class=\"map_marker\" href=\"\/es\/hermanos-garcia-noblejas-45\/\">HERMANOS GARC\u00cdA NOBLEJAS 45<\/a><\/h5><p>Hermanos Garc\u00eda Noblejas, 45<br \/>28037 Madrid<br \/>Spain<br \/><a href=\"tel:+34913683409\">91 368 34 09<\/a><\/p>\t\t\t\t\t\t\t\t<\/div>\n\t\t\t\t<\/div>\n\t\t\t\t<div class=\"elementor-element elementor-element-432c22f elementor-widget elementor-widget-text-editor\" data-id=\"432c22f\" data-element_type=\"widget\" data-widget_type=\"text-editor.default\">\n\t\t\t\t<div class=\"elementor-widget-container\">\n\t\t\t\t\t\t\t\t\t<h5><a class=\"map_marker\" href=\"\/es\/gumersindo-llorente-74\/\">GUMERSINDO LLORENTE<br \/>(Veh\u00edculos pesados)<\/a><\/h5><p>Gumersindo Llorente, 74<br \/>28022 Madrid<br \/>Spain<br \/><a class=\"map_marker\" href=\"+3491640209166\">640 209 166<\/a><\/p>\t\t\t\t\t\t\t\t<\/div>\n\t\t\t\t<\/div>\n\t\t\t\t<\/div>\n\t\t\t\t\t<\/div>\n\t\t\t\t<\/div>\n\t\t<div class=\"elementor-element elementor-element-b8f69cb e-flex e-con-boxed e-con e-parent\" data-id=\"b8f69cb\" data-element_type=\"container\">\n\t\t\t\t\t<div class=\"e-con-inner\">\n\t\t\t\t<div class=\"elementor-element elementor-element-6dd6c13 elementor-widget elementor-widget-heading\" data-id=\"6dd6c13\" data-element_type=\"widget\" data-widget_type=\"heading.default\">\n\t\t\t\t<div class=\"elementor-widget-container\">\n\t\t\t\t\t<h2 class=\"elementor-heading-title elementor-size-default\">Alcal\u00e1 de Henares<\/h2>\t\t\t\t<\/div>\n\t\t\t\t<\/div>\n\t\t<div class=\"elementor-element elementor-element-54c3cbd e-grid e-con-boxed e-con e-child\" data-id=\"54c3cbd\" data-element_type=\"container\">\n\t\t\t\t\t<div class=\"e-con-inner\">\n\t\t\t\t<div class=\"elementor-element elementor-element-434863d elementor-widget elementor-widget-text-editor\" data-id=\"434863d\" data-element_type=\"widget\" data-widget_type=\"text-editor.default\">\n\t\t\t\t<div class=\"elementor-widget-container\">\n\t\t\t\t\t\t\t\t\t<h5><a class=\"map_marker\" href=\"\/es\/puerta-del-vado-4\/\">PLAZA PUERTA DEL VADO<br \/>(Alcal\u00e1 de Henares)<\/a><\/h5><p>Plaza Puerta del Vado, 4<br \/>28803 Alcal\u00e1 de Henares Madrid<br \/>Spain<br \/><a class=\"map_marker\" href=\"tel:+34918773306\">91 877 33 06<\/a><\/p>\t\t\t\t\t\t\t\t<\/div>\n\t\t\t\t<\/div>\n\t\t\t\t\t<\/div>\n\t\t\t\t<\/div>\n\t\t\t\t\t<\/div>\n\t\t\t\t<\/div>\n\t\t<div class=\"elementor-element elementor-element-9dca6d5 e-flex e-con-boxed e-con e-parent\" data-id=\"9dca6d5\" data-element_type=\"container\">\n\t\t\t\t\t<div class=\"e-con-inner\">\n\t\t\t\t<div class=\"elementor-element elementor-element-196dab5 elementor-widget elementor-widget-heading\" data-id=\"196dab5\" data-element_type=\"widget\" data-widget_type=\"heading.default\">\n\t\t\t\t<div class=\"elementor-widget-container\">\n\t\t\t\t\t<h2 class=\"elementor-heading-title elementor-size-default\">Guinea Ecuatorial<\/h2>\t\t\t\t<\/div>\n\t\t\t\t<\/div>\n\t\t<div class=\"elementor-element elementor-element-cd34a29 e-grid e-con-boxed e-con e-child\" data-id=\"cd34a29\" data-element_type=\"container\">\n\t\t\t\t\t<div class=\"e-con-inner\">\n\t\t\t\t<div class=\"elementor-element elementor-element-3f41b3d elementor-widget elementor-widget-text-editor\" data-id=\"3f41b3d\" data-element_type=\"widget\" data-widget_type=\"text-editor.default\">\n\t\t\t\t<div class=\"elementor-widget-container\">\n\t\t\t\t\t\t\t\t\t<h5>GUINEA CIRCULA<\/h5><p>Buena Esperanza<br \/>875 Malabo<br \/>Guinea<br \/>222 61 50 50<\/p>\t\t\t\t\t\t\t\t<\/div>\n\t\t\t\t<\/div>\n\t\t\t\t\t<\/div>\n\t\t\t\t<\/div>\n\t\t\t\t\t<\/div>\n\t\t\t\t<\/div>\n\t\t\t\t<\/div>\n\t\t","protected":false},"excerpt":{"rendered":"<p>Madrid OFICINAS CENTRALESArturo Soria 10 (Circuito de motos) Calle de Arturo Soria, 1028027 MadridSpain91 367 46 48 AVENIDA DE MARQU\u00c9S DE CORBERA 59 Avenida Marqu\u00e9s de Corbera, 5928017 MadridSpain91 326 24 27 HERMANOS GARC\u00cdA NOBLEJAS 45 Hermanos Garc\u00eda Noblejas, 4528037 MadridSpain91 368 34 09 GUMERSINDO LLORENTE(Veh\u00edculos pesados) Gumersindo Llorente, 7428022 MadridSpain640 209 166 Alcal\u00e1 de [&hellip;]<\/p>\n","protected":false},"author":1,"featured_media":0,"parent":0,"menu_order":0,"comment_status":"closed","ping_status":"closed","template":"","meta":{"_acf_changed":false,"footnotes":""},"class_list":["post-9300","page","type-page","status-publish","hentry"],"acf":[],"_links":{"self":[{"href":"https:\/\/autoescuelabalmaseda.com\/es\/wp-json\/wp\/v2\/pages\/9300","targetHints":{"allow":["GET"]}}],"collection":[{"href":"https:\/\/autoescuelabalmaseda.com\/es\/wp-json\/wp\/v2\/pages"}],"about":[{"href":"https:\/\/autoescuelabalmaseda.com\/es\/wp-json\/wp\/v2\/types\/page"}],"author":[{"embeddable":true,"href":"https:\/\/autoescuelabalmaseda.com\/es\/wp-json\/wp\/v2\/users\/1"}],"replies":[{"embeddable":true,"href":"https:\/\/autoescuelabalmaseda.com\/es\/wp-json\/wp\/v2\/comments?post=9300"}],"version-history":[{"count":266,"href":"https:\/\/autoescuelabalmaseda.com\/es\/wp-json\/wp\/v2\/pages\/9300\/revisions"}],"predecessor-version":[{"id":12376,"href":"https:\/\/autoescuelabalmaseda.com\/es\/wp-json\/wp\/v2\/pages\/9300\/revisions\/12376"}],"wp:attachment":[{"href":"https:\/\/autoescuelabalmaseda.com\/es\/wp-json\/wp\/v2\/media?parent=9300"}],"curies":[{"name":"wp","href":"https:\/\/api.w.org\/{rel}","templated":true}]}}