{"id":9752,"date":"2024-07-04T18:26:43","date_gmt":"2024-07-04T16:26:43","guid":{"rendered":"https:\/\/autoescuela.marioadrados.com\/?page_id=9752"},"modified":"2025-01-02T08:13:41","modified_gmt":"2025-01-02T07:13:41","slug":"quienes-somos","status":"publish","type":"page","link":"https:\/\/autoescuelabalmaseda.com\/es\/quienes-somos\/","title":{"rendered":"Quienes somos"},"content":{"rendered":"\t\t<div data-elementor-type=\"wp-page\" data-elementor-id=\"9752\" class=\"elementor elementor-9752\">\n\t\t\t\t<div class=\"elementor-element elementor-element-8865a66 e-flex e-con-boxed e-con e-parent\" data-id=\"8865a66\" data-element_type=\"container\">\n\t\t\t\t\t<div class=\"e-con-inner\">\n\t\t<div class=\"elementor-element elementor-element-72251da e-con-full service-details__content e-flex e-con e-child\" data-id=\"72251da\" data-element_type=\"container\">\n\t\t\t\t<div class=\"elementor-element elementor-element-a785f66 elementor-widget elementor-widget-video\" data-id=\"a785f66\" data-element_type=\"widget\" data-settings=\"{&quot;youtube_url&quot;:&quot;https:\\\/\\\/www.youtube.com\\\/watch?v=2CZkHZvHYrA&quot;,&quot;video_type&quot;:&quot;youtube&quot;,&quot;controls&quot;:&quot;yes&quot;}\" data-widget_type=\"video.default\">\n\t\t\t\t<div class=\"elementor-widget-container\">\n\t\t\t\t\t\t\t<div class=\"elementor-wrapper elementor-open-inline\">\n\t\t\t<div class=\"elementor-video\"><\/div>\t\t<\/div>\n\t\t\t\t\t\t<\/div>\n\t\t\t\t<\/div>\n\t\t\t\t<\/div>\n\t\t\t\t\t<\/div>\n\t\t\t\t<\/div>\n\t\t<div class=\"elementor-element elementor-element-828e19f e-flex e-con-boxed e-con e-parent\" data-id=\"828e19f\" data-element_type=\"container\">\n\t\t\t\t\t<div class=\"e-con-inner\">\n\t\t<div class=\"elementor-element elementor-element-c3115a2 e-flex e-con-boxed e-con e-child\" data-id=\"c3115a2\" data-element_type=\"container\">\n\t\t\t\t\t<div class=\"e-con-inner\">\n\t\t<div class=\"elementor-element elementor-element-ee88075 e-con-full e-flex e-con e-child\" data-id=\"ee88075\" data-element_type=\"container\">\n\t\t<div class=\"elementor-element elementor-element-e831478 e-con-full e-flex e-con e-child\" data-id=\"e831478\" data-element_type=\"container\">\n\t\t<div class=\"elementor-element elementor-element-1a77fab e-con-full e-flex e-con e-child\" data-id=\"1a77fab\" data-element_type=\"container\">\n\t\t\t\t<div class=\"elementor-element elementor-element-e6ef40a elementor-widget-divider--view-line elementor-widget elementor-widget-divider\" data-id=\"e6ef40a\" data-element_type=\"widget\" data-widget_type=\"divider.default\">\n\t\t\t\t<div class=\"elementor-widget-container\">\n\t\t\t\t\t\t\t<div class=\"elementor-divider\">\n\t\t\t<span class=\"elementor-divider-separator\">\n\t\t\t\t\t\t<\/span>\n\t\t<\/div>\n\t\t\t\t\t\t<\/div>\n\t\t\t\t<\/div>\n\t\t\t\t<div class=\"elementor-element elementor-element-d8ce6b1 elementor-widget elementor-widget-heading\" data-id=\"d8ce6b1\" data-element_type=\"widget\" data-widget_type=\"heading.default\">\n\t\t\t\t<div class=\"elementor-widget-container\">\n\t\t\t\t\t<h3 class=\"elementor-heading-title elementor-size-default\">Descubre Autoescuela Balmaseda: Tu Camino Hacia la Libertad en la Carretera<\/h3>\t\t\t\t<\/div>\n\t\t\t\t<\/div>\n\t\t\t\t<div class=\"elementor-element elementor-element-b029b29 elementor-widget elementor-widget-text-editor\" data-id=\"b029b29\" data-element_type=\"widget\" data-widget_type=\"text-editor.default\">\n\t\t\t\t<div class=\"elementor-widget-container\">\n\t\t\t\t\t\t\t\t\t<p>Bienvenido a Autoescuela Balmaseda, el lugar donde tus sue\u00f1os de conducir toman forma y el asfalto se convierte en tu nuevo hogar. Fundada en 1968, nos respaldan m\u00e1s de 45 a\u00f1os de experiencia en la formaci\u00f3n vial. Nos dedicamos a ofrecer un servicio profesional que no solo cumple, sino que supera las expectativas de nuestros alumnos. Con nosotros, la calidad est\u00e1 garantizada y nuestros precios, aunque competitivos, nunca comprometen la excelencia.<\/p>\t\t\t\t\t\t\t\t<\/div>\n\t\t\t\t<\/div>\n\t\t\t\t<div class=\"elementor-element elementor-element-3534d54 elementor-widget elementor-widget-heading\" data-id=\"3534d54\" data-element_type=\"widget\" data-widget_type=\"heading.default\">\n\t\t\t\t<div class=\"elementor-widget-container\">\n\t\t\t\t\t<h3 class=\"elementor-heading-title elementor-size-default\">Una Amplia Gama de Servicios en el Coraz\u00f3n de Madrid<\/h3>\t\t\t\t<\/div>\n\t\t\t\t<\/div>\n\t\t\t\t<div class=\"elementor-element elementor-element-ed8df96 elementor-widget elementor-widget-text-editor\" data-id=\"ed8df96\" data-element_type=\"widget\" data-widget_type=\"text-editor.default\">\n\t\t\t\t<div class=\"elementor-widget-container\">\n\t\t\t\t\t\t\t\t\t<p><span style=\"font-weight: 400;\">Con 9 centros repartidos por Madrid, y m\u00e1s de 50 profesionales, Autoescuela Balmaseda ofrece un abanico completo de servicios para que encuentres todo lo que necesitas. Desde la obtenci\u00f3n de cualquier tipo de Permiso de Conducci\u00f3n tanto manual como con coches y motos autom\u00e1ticos, hasta cursos especializados como Sensibilizaci\u00f3n y Recuperaci\u00f3n de Puntos, CAP (tanto inicial como continuo), Mercanc\u00edas Peligrosas, Transporte Sanitario y operaci\u00f3n de Gr\u00faas, y cursos de conducci\u00f3n de caravanas.<\/span><\/p>\t\t\t\t\t\t\t\t<\/div>\n\t\t\t\t<\/div>\n\t\t\t\t<div class=\"elementor-element elementor-element-3198fba elementor-widget elementor-widget-heading\" data-id=\"3198fba\" data-element_type=\"widget\" data-widget_type=\"heading.default\">\n\t\t\t\t<div class=\"elementor-widget-container\">\n\t\t\t\t\t<h3 class=\"elementor-heading-title elementor-size-default\">Facilidades \u00danicas para Nuestros Alumnos<\/h3>\t\t\t\t<\/div>\n\t\t\t\t<\/div>\n\t\t\t\t<div class=\"elementor-element elementor-element-b3cea7c elementor-widget elementor-widget-text-editor\" data-id=\"b3cea7c\" data-element_type=\"widget\" data-widget_type=\"text-editor.default\">\n\t\t\t\t<div class=\"elementor-widget-container\">\n\t\t\t\t\t\t\t\t\t<p><span style=\"font-weight: 400;\">Entendemos la importancia de practicar en condiciones reales, por eso te ofrecemos acceso a nuestro Circuito Privado de Motos y de Veh\u00edculos Pesados. Practica en un entorno seguro y controlado antes de salir a la carretera, con las mejores instalaciones a tu disposici\u00f3n.<\/span><\/p>\t\t\t\t\t\t\t\t<\/div>\n\t\t\t\t<\/div>\n\t\t\t\t<div class=\"elementor-element elementor-element-2344155 elementor-widget elementor-widget-heading\" data-id=\"2344155\" data-element_type=\"widget\" data-widget_type=\"heading.default\">\n\t\t\t\t<div class=\"elementor-widget-container\">\n\t\t\t\t\t<h3 class=\"elementor-heading-title elementor-size-default\">\u00danico centro Motoescuela en Madrid<\/h3>\t\t\t\t<\/div>\n\t\t\t\t<\/div>\n\t\t\t\t<div class=\"elementor-element elementor-element-b9f5cbd elementor-widget elementor-widget-text-editor\" data-id=\"b9f5cbd\" data-element_type=\"widget\" data-widget_type=\"text-editor.default\">\n\t\t\t\t<div class=\"elementor-widget-container\">\n\t\t\t\t\t\t\t\t\t<p><span style=\"font-weight: 400;\">Somos el \u00fanico centro en Madrid dedicado exclusivamente a la formaci\u00f3n integral de motociclistas. Con instalaciones de vanguardia, simuladores avanzados, y un equipo de instructores apasionados, te aseguramos una preparaci\u00f3n completa y segura. Equipados con tecnolog\u00eda punta, como chalecos con airbag, y una oferta educativa que incluye desde cursos oficiales hasta clases de reciclaje y conducci\u00f3n l\u00fadica, somos tu mejor elecci\u00f3n para convertirte en un motociclista experto y seguro.<\/span><\/p>\t\t\t\t\t\t\t\t<\/div>\n\t\t\t\t<\/div>\n\t\t\t\t<div class=\"elementor-element elementor-element-b42a759 elementor-widget elementor-widget-heading\" data-id=\"b42a759\" data-element_type=\"widget\" data-widget_type=\"heading.default\">\n\t\t\t\t<div class=\"elementor-widget-container\">\n\t\t\t\t\t<h3 class=\"elementor-heading-title elementor-size-default\">M\u00e1s All\u00e1 de Madrid: Impacto Global<\/h3>\t\t\t\t<\/div>\n\t\t\t\t<\/div>\n\t\t\t\t<div class=\"elementor-element elementor-element-1ce2c32 elementor-widget elementor-widget-text-editor\" data-id=\"1ce2c32\" data-element_type=\"widget\" data-widget_type=\"text-editor.default\">\n\t\t\t\t<div class=\"elementor-widget-container\">\n\t\t\t\t\t\t\t\t\t<p><span style=\"font-weight: 400;\">En nuestra constante b\u00fasqueda de innovaci\u00f3n y liderazgo, Autoescuela Balmaseda ha cruzado fronteras para establecer una filial en \u00c1frica, **Guinea Circula**. Desde all\u00ed, llevamos m\u00e1s de 10 a\u00f1os ofreciendo formaci\u00f3n vial de calidad a la poblaci\u00f3n local y dise\u00f1ando cursos espec\u00edficos para colectivos particulares, demostrando nuestro compromiso con la educaci\u00f3n vial global.<\/span><\/p>\t\t\t\t\t\t\t\t<\/div>\n\t\t\t\t<\/div>\n\t\t\t\t<\/div>\n\t\t\t\t<\/div>\n\t\t<div class=\"elementor-element elementor-element-4ffba38 e-con-full e-flex e-con e-child\" data-id=\"4ffba38\" data-element_type=\"container\">\n\t\t\t\t<div class=\"elementor-element elementor-element-ea7942b quienes-somos-der elementor-widget elementor-widget-drivschol-course-sidebar-contact\" data-id=\"ea7942b\" data-element_type=\"widget\" data-widget_type=\"drivschol-course-sidebar-contact.default\">\n\t\t\t\t<div class=\"elementor-widget-container\">\n\t\t\t\t\t    <div class=\"course-sidebar__single\">\r\n        <div class=\"course-sidebar__image text-center\">\r\n            <img decoding=\"async\" src=\"https:\/\/autoescuelabalmaseda.com\/es\/wp-content\/uploads\/2024\/05\/autoescuela-balmaseda-promociones.jpg\" alt=\"Autoescuela Balmaseda\" title=\"Autoescuela Balmaseda\" >        <\/div><!-- \/.course-sidebar__image -->\r\n        <div class=\"course-sidebar__contact\">\r\n            <h3 class=\"course-sidebar__contact__title\">\u00danico centro en Madrid dedicado exclusivamente a la formaci\u00f3n integral de motociclistas<\/h3>            <ul class=\"list-unstyled course-sidebar__contact__list\">\r\n                            <\/ul>\r\n\r\n            <div class=\"course-sidebar__contact__info\">\r\n                <a href=\"tel:913674648\" class=\"course-sidebar__contact__info__btn d-flex align-items-center\">\r\n                    <div class=\"course-sidebar__contact__info__icon\">\r\n                        <i aria-hidden=\"true\" class=\"icon-Call\"><\/i>                    <\/div>\r\n                    <div class=\"course-sidebar__contact__info__content\">\r\n                        <span class=\"course-sidebar__contact__info__text\">\r\n                            Ll\u00e1manos                        <\/span>\r\n                        <h6 class=\"course-sidebar__contact__info__call\">\r\n                            91 367 46 48                        <\/h6>\r\n                    <\/div>\r\n                <\/a>\r\n            <\/div>\r\n        <\/div><!-- \/.course-sidebar__contact -->\r\n    <\/div><!-- \/.course-sidebar__single -->\r\n\r\n\t\t\t\t<\/div>\n\t\t\t\t<\/div>\n\t\t\t\t<\/div>\n\t\t\t\t<\/div>\n\t\t\t\t\t<\/div>\n\t\t\t\t<\/div>\n\t\t\t\t\t<\/div>\n\t\t\t\t<\/div>\n\t\t<div class=\"elementor-element elementor-element-49ea81c e-flex e-con-boxed e-con e-parent\" data-id=\"49ea81c\" data-element_type=\"container\">\n\t\t\t\t\t<div class=\"e-con-inner\">\n\t\t<div class=\"elementor-element elementor-element-cc2bafd e-con-full service-details__content e-flex e-con e-child\" data-id=\"cc2bafd\" data-element_type=\"container\">\n\t\t\t\t<div class=\"elementor-element elementor-element-2c5802b elementor-widget elementor-widget-drivschol-service-details\" data-id=\"2c5802b\" data-element_type=\"widget\" data-widget_type=\"drivschol-service-details.default\">\n\t\t\t\t<div class=\"elementor-widget-container\">\n\t\t\t\t\t\r\n\t<div class=\"service-details__single wow fadeInUp\" data-wow-delay='300ms'>\r\n\t\t<div class=\"service-details__single-inner service-details__single-inner--base\">\r\n\t\t\t<img decoding=\"async\" src=\"https:\/\/autoescuelabalmaseda.com\/es\/wp-content\/uploads\/2023\/12\/gallery-1-4.jpg\" alt=\"gallery-1-4\" title=\"gallery-1-4\" class=\"benefit__img\" >\t\t\t<div class=\"service-details__benefit\">\r\n\t\t\t\t<h3 class=\"service-details__title\">Nuestros Valores: El Motor de Autoescuela Balmaseda<\/h3>\t\t\t\t<ul class=\"list-unstyled service-details__list\">\r\n\t\t\t\t\t\t\t\t\t\t\t<li>\r\n\t\t\t\t\t\t\tOrientaci\u00f3n al Cliente: Todas nuestras actividades est\u00e1n dise\u00f1adas para satisfacer y superar tus necesidades y expectativas.\t\t\t\t\t\t<\/li>\r\n\t\t\t\t\t\t\t\t\t\t\t<li>\r\n\t\t\t\t\t\t\tParticipaci\u00f3n:Valoramos y fomentamos las aportaciones de todos los miembros de nuestra organizaci\u00f3n.\t\t\t\t\t\t<\/li>\r\n\t\t\t\t\t\t\t\t\t\t\t<li>\r\n\t\t\t\t\t\t\tLiderazgo: Nos dedicamos a inspirar y guiar a nuestros alumnos hacia el \u00e9xito en sus objetivos.\t\t\t\t\t\t<\/li>\r\n\t\t\t\t\t\t\t\t\t\t\t<li>\r\n\t\t\t\t\t\t\tEficiencia: Maximizamos cada recurso para ofrecerte la mejor formaci\u00f3n al mejor precio.\t\t\t\t\t\t<\/li>\r\n\t\t\t\t\t\t\t\t\t\t\t<li>\r\n\t\t\t\t\t\t\tInnovaci\u00f3n: Creemos en el cambio a trav\u00e9s de la creatividad, buscando siempre la mejora continua.\t\t\t\t\t\t<\/li>\r\n\t\t\t\t\t\t\t\t\t\t\t<li>\r\n\t\t\t\t\t\t\tCompromiso \u00c9tico: Actuamos de manera profesional, responsable, respetuosa y honesta, tanto en nuestras aulas como fuera de ellas.\t\t\t\t\t\t<\/li>\r\n\t\t\t\t\t\t\t\t\t<\/ul><!-- \/.list-unstyled team-details__list -->\r\n\t\t\t<\/div>\r\n\t\t<\/div>\r\n\t<\/div><!-- \/.service-details__single-->\r\n\t\t\t\t<\/div>\n\t\t\t\t<\/div>\n\t\t\t\t<div class=\"elementor-element elementor-element-102c685 elementor-widget elementor-widget-text-editor\" data-id=\"102c685\" data-element_type=\"widget\" data-widget_type=\"text-editor.default\">\n\t\t\t\t<div class=\"elementor-widget-container\">\n\t\t\t\t\t\t\t\t\t<p><span style=\"font-weight: 400;\">\u00bfListo para Empezar Tu Aventura en la Carretera?<\/span><\/p><p><span style=\"font-weight: 400;\">Elige Autoescuela Balmaseda en Madrid y \u00fanete a la familia de conductores responsables y preparados. Descubrir\u00e1s que aprender a conducir es m\u00e1s que obtener un permiso; es ganar libertad con responsabilidad.<\/span><\/p>\t\t\t\t\t\t\t\t<\/div>\n\t\t\t\t<\/div>\n\t\t\t\t<\/div>\n\t\t\t\t\t<\/div>\n\t\t\t\t<\/div>\n\t\t\t\t<\/div>\n\t\t","protected":false},"excerpt":{"rendered":"<p>Descubre Autoescuela Balmaseda: Tu Camino Hacia la Libertad en la Carretera Bienvenido a Autoescuela Balmaseda, el lugar donde tus sue\u00f1os de conducir toman forma y el asfalto se convierte en tu nuevo hogar. Fundada en 1968, nos respaldan m\u00e1s de 45 a\u00f1os de experiencia en la formaci\u00f3n vial. Nos dedicamos a ofrecer un servicio profesional [&hellip;]<\/p>\n","protected":false},"author":1,"featured_media":0,"parent":0,"menu_order":0,"comment_status":"closed","ping_status":"closed","template":"","meta":{"_acf_changed":false,"footnotes":""},"class_list":["post-9752","page","type-page","status-publish","hentry"],"acf":[],"_links":{"self":[{"href":"https:\/\/autoescuelabalmaseda.com\/es\/wp-json\/wp\/v2\/pages\/9752","targetHints":{"allow":["GET"]}}],"collection":[{"href":"https:\/\/autoescuelabalmaseda.com\/es\/wp-json\/wp\/v2\/pages"}],"about":[{"href":"https:\/\/autoescuelabalmaseda.com\/es\/wp-json\/wp\/v2\/types\/page"}],"author":[{"embeddable":true,"href":"https:\/\/autoescuelabalmaseda.com\/es\/wp-json\/wp\/v2\/users\/1"}],"replies":[{"embeddable":true,"href":"https:\/\/autoescuelabalmaseda.com\/es\/wp-json\/wp\/v2\/comments?post=9752"}],"version-history":[{"count":63,"href":"https:\/\/autoescuelabalmaseda.com\/es\/wp-json\/wp\/v2\/pages\/9752\/revisions"}],"predecessor-version":[{"id":9818,"href":"https:\/\/autoescuelabalmaseda.com\/es\/wp-json\/wp\/v2\/pages\/9752\/revisions\/9818"}],"wp:attachment":[{"href":"https:\/\/autoescuelabalmaseda.com\/es\/wp-json\/wp\/v2\/media?parent=9752"}],"curies":[{"name":"wp","href":"https:\/\/api.w.org\/{rel}","templated":true}]}}