{"id":11468,"date":"2024-12-11T20:38:56","date_gmt":"2024-12-11T19:38:56","guid":{"rendered":"https:\/\/autoescuelabalmaseda.com\/es\/?post_type=product&#038;p=11468"},"modified":"2025-02-19T21:00:13","modified_gmt":"2025-02-19T20:00:13","slug":"permiso-a2-automatico","status":"publish","type":"product","link":"https:\/\/autoescuelabalmaseda.com\/es\/producto\/permiso-a2-automatico\/","title":{"rendered":"PERMISO A2 AUTOMATICO"},"content":{"rendered":"<h5>EDAD M\u00cdNIMA<\/h5>\n<p>18 a\u00f1os<\/p>\n<h5>PRUEBAS A REALIZAR<\/h5>\n<ul class=\"lista\">\n<li style=\"list-style-type: none;\">\n<ul class=\"lista\">\n<li>Sin ning\u00fan permiso: Te\u00f3rico, espec\u00edfico, destreza y circulaci\u00f3n.<\/li>\n<\/ul>\n<\/li>\n<\/ul>\n<p>&nbsp;<\/p>\n<ul class=\"lista\">\n<li style=\"list-style-type: none;\">\n<ul class=\"lista\">\n<li>Con A-1: Destreza y circulaci\u00f3n<\/li>\n<\/ul>\n<\/li>\n<\/ul>\n<p>&nbsp;<\/p>\n<ul class=\"lista\">\n<li style=\"list-style-type: none;\">\n<ul class=\"lista\">\n<li>Con A-1 con 2 a\u00f1os de antig\u00fcedad: Circulaci\u00f3n<\/li>\n<\/ul>\n<\/li>\n<\/ul>\n<p>&nbsp;<\/p>\n<ul class=\"lista\">\n<li style=\"list-style-type: none;\">\n<ul class=\"lista\">\n<li>Con B: Espec\u00edfico, destreza y circulaci\u00f3n.<\/li>\n<\/ul>\n<\/li>\n<\/ul>\n<p>&nbsp;<\/p>\n","protected":false},"excerpt":{"rendered":"<h5>AUTORIZA A CONDUCIR<\/h5>\n<ul class=\"lista\">\n<li style=\"list-style-type: none;\">\n<ul class=\"lista\">\n<li>Motocicletas de m\u00e1s de 125 cc., una potencia m\u00e1xima de 35 kw y una relaci\u00f3n potencia\/masa de hasta 0,2 Kw\/Kg<\/li>\n<\/ul>\n<\/li>\n<\/ul>\n<p>&nbsp;<\/p>\n<h5>EL PRECIO INCLUYE<\/h5>\n<ul class=\"lista\">\n<li style=\"list-style-type: none;\">\n<ul class=\"lista\">\n<li>Libro de Texto<\/li>\n<\/ul>\n<\/li>\n<\/ul>\n<p>&nbsp;<\/p>\n<ul class=\"lista\">\n<li style=\"list-style-type: none;\">\n<ul class=\"lista\">\n<li>Claves para hacer test por internet<\/li>\n<\/ul>\n<\/li>\n<\/ul>\n<p>&nbsp;<\/p>\n<ul class=\"lista\">\n<li style=\"list-style-type: none;\">\n<ul class=\"lista\">\n<li>5 clases de maniobras<\/li>\n<\/ul>\n<\/li>\n<\/ul>\n<p>&nbsp;<\/p>\n<ul class=\"lista\">\n<li style=\"list-style-type: none;\">\n<ul class=\"lista\">\n<li>1 clase de cirulaci\u00f3n<\/li>\n<\/ul>\n<\/li>\n<\/ul>\n<p>&nbsp;<\/p>\n<ul class=\"lista\">\n<li style=\"list-style-type: none;\">\n<ul class=\"lista\">\n<li>IVA Incluido (Tasas no incluidas)<\/li>\n<\/ul>\n<\/li>\n<\/ul>\n<p>&nbsp;<\/p>\n<ul class=\"lista\">\n<li style=\"list-style-type: none;\">\n<ul class=\"lista\">\n<li>OFERTA EXCLUSIVA WEB<\/li>\n<\/ul>\n<\/li>\n<\/ul>\n<p>&nbsp;<\/p>\n","protected":false},"featured_media":3107,"template":"","meta":{"_acf_changed":false},"product_brand":[],"product_cat":[15],"product_tag":[],"class_list":{"0":"post-11468","1":"product","2":"type-product","3":"status-publish","4":"has-post-thumbnail","6":"product_cat-uncategorized","8":"first","9":"instock","10":"taxable","11":"shipping-taxable","12":"purchasable","13":"product-type-simple"},"acf":[],"_links":{"self":[{"href":"https:\/\/autoescuelabalmaseda.com\/es\/wp-json\/wp\/v2\/product\/11468","targetHints":{"allow":["GET"]}}],"collection":[{"href":"https:\/\/autoescuelabalmaseda.com\/es\/wp-json\/wp\/v2\/product"}],"about":[{"href":"https:\/\/autoescuelabalmaseda.com\/es\/wp-json\/wp\/v2\/types\/product"}],"wp:featuredmedia":[{"embeddable":true,"href":"https:\/\/autoescuelabalmaseda.com\/es\/wp-json\/wp\/v2\/media\/3107"}],"wp:attachment":[{"href":"https:\/\/autoescuelabalmaseda.com\/es\/wp-json\/wp\/v2\/media?parent=11468"}],"wp:term":[{"taxonomy":"product_brand","embeddable":true,"href":"https:\/\/autoescuelabalmaseda.com\/es\/wp-json\/wp\/v2\/product_brand?post=11468"},{"taxonomy":"product_cat","embeddable":true,"href":"https:\/\/autoescuelabalmaseda.com\/es\/wp-json\/wp\/v2\/product_cat?post=11468"},{"taxonomy":"product_tag","embeddable":true,"href":"https:\/\/autoescuelabalmaseda.com\/es\/wp-json\/wp\/v2\/product_tag?post=11468"}],"curies":[{"name":"wp","href":"https:\/\/api.w.org\/{rel}","templated":true}]}}