{"id":3423,"date":"2015-05-27T10:00:57","date_gmt":"2015-05-27T10:00:57","guid":{"rendered":"https:\/\/autoescuelabalmaseda.com\/es\/?post_type=product&#038;p=3423"},"modified":"2024-10-15T20:07:43","modified_gmt":"2024-10-15T18:07:43","slug":"premiso-a","status":"publish","type":"product","link":"https:\/\/autoescuelabalmaseda.com\/es\/producto\/premiso-a\/","title":{"rendered":"PERMISO A"},"content":{"rendered":"<h5>EDAD M\u00cdNIMA <\/h5>\n<p>20 a\u00f1os y 2 a\u00f1os de antig\u00fcedad de Permiso A2<\/p>\n<h5>PRUEBAS A REALIZAR<\/h5>\n<ul class=\"lista\">\n<li> sin examen <\/li>\n<\/li>\n<p><\/p>\n<li> 3 horas de formaci\u00f3n te\u00f3rica<\/li>\n<p><\/p>\n<li> 4 horas de maniobras en circuito<\/li>\n<p><\/p>\n<li> 2 horas de circulaci\u00f3n en v\u00edas p\u00fablicas<\/li>\n<p>\n<\/ul>\n","protected":false},"excerpt":{"rendered":"<h5>AUTORIZA A CONDUCIR<\/h5>\n<ul class=\"lista\">\n<li> Motocicletas de cualquier cilindrada<\/li>\n<p>\n<\/ul>\n<h5>EL PRECIO INCLUYE<\/h5>\n<ul class=\"lista\">\n<li> 3 horas de clases te\u00f3ricas <\/li>\n<p><\/p>\n<li> 4 horas de maniobras en circuito cerrado y 2 horas de circulaci\u00f3n en v\u00edas abiertas al trafico<\/li>\n<p><\/p>\n<li> IVA y tasa de tr\u00e1fico incluida<\/li>\n<p><\/p>\n<li> OFERTA EXCLUSIVA WEB<\/li>\n<p>\n<\/ul>\n","protected":false},"featured_media":3102,"template":"","meta":{"_acf_changed":false},"product_cat":[15],"product_tag":[74],"class_list":{"0":"post-3423","1":"product","2":"type-product","3":"status-publish","4":"has-post-thumbnail","6":"product_cat-uncategorized","7":"product_tag-tipo-a","9":"first","10":"instock","11":"virtual","12":"taxable","13":"purchasable","14":"product-type-simple"},"acf":[],"_links":{"self":[{"href":"https:\/\/autoescuelabalmaseda.com\/es\/wp-json\/wp\/v2\/product\/3423","targetHints":{"allow":["GET"]}}],"collection":[{"href":"https:\/\/autoescuelabalmaseda.com\/es\/wp-json\/wp\/v2\/product"}],"about":[{"href":"https:\/\/autoescuelabalmaseda.com\/es\/wp-json\/wp\/v2\/types\/product"}],"wp:featuredmedia":[{"embeddable":true,"href":"https:\/\/autoescuelabalmaseda.com\/es\/wp-json\/wp\/v2\/media\/3102"}],"wp:attachment":[{"href":"https:\/\/autoescuelabalmaseda.com\/es\/wp-json\/wp\/v2\/media?parent=3423"}],"wp:term":[{"taxonomy":"product_cat","embeddable":true,"href":"https:\/\/autoescuelabalmaseda.com\/es\/wp-json\/wp\/v2\/product_cat?post=3423"},{"taxonomy":"product_tag","embeddable":true,"href":"https:\/\/autoescuelabalmaseda.com\/es\/wp-json\/wp\/v2\/product_tag?post=3423"}],"curies":[{"name":"wp","href":"https:\/\/api.w.org\/{rel}","templated":true}]}}