{"id":3472,"date":"2015-05-28T09:56:55","date_gmt":"2015-05-28T09:56:55","guid":{"rendered":"https:\/\/autoescuelabalmaseda.com\/es\/?post_type=product&#038;p=3472"},"modified":"2024-10-15T20:12:17","modified_gmt":"2024-10-15T18:12:17","slug":"c-e","status":"publish","type":"product","link":"https:\/\/autoescuelabalmaseda.com\/es\/producto\/c-e\/","title":{"rendered":"PERMISO C + E"},"content":{"rendered":"<h5>EDAD M\u00cdNIMA <\/h5>\n<p>18 \u00f3 21 a\u00f1os<\/p>\n<h5>PRUEBAS A REALIZAR<\/h5>\n<ul class=\"lista\">\n<li> Con C: Espec\u00edfico, destreza y circulaci\u00f3n.<\/li>\n<p><\/p>\n<li> CCon C1+E, D1+E \u00f3 D+E: Destreza y circulaci\u00f3n<\/li>\n<p>\n <\/ul>\n","protected":false},"excerpt":{"rendered":"<h5>AUTORIZA A CONDUCIR<\/h5>\n<ul class=\"lista\">\n<li> Un conjunto de veh\u00edculos acoplados compuestos por un veh\u00edculo autom\u00f3vil autorizado a conducir con el permiso de la clase C y un remolque o semiremolque.<\/li>\n<p><\/p>\n<li> El permiso se puede obtener a partir de los 18 a\u00f1os con certificado de aptitud profesional, o 21 a\u00f1os sin certificado. Hay que ser titular del permiso C.<\/li>\n<p>\n <\/ul>\n<h5>EL PRECIO INCLUYE<\/h5>\n<ul class=\"lista\">\n<li> Libro <\/li>\n<p><\/p>\n<li> Claves para hacer test por internet <\/li>\n<p><\/p>\n<li> 3 Clases pr\u00e1cticas de maniobras<\/li>\n<p><\/p>\n<li> Exento de IVA (Tasas no incluidas) <\/li>\n<p><\/p>\n<li> OFERTA EXCLUSIVA WEB<\/li>\n<p>\n    <\/ul>\n","protected":false},"featured_media":3163,"template":"","meta":{"_acf_changed":false},"product_cat":[15],"product_tag":[],"class_list":{"0":"post-3472","1":"product","2":"type-product","3":"status-publish","4":"has-post-thumbnail","6":"product_cat-uncategorized","8":"first","9":"instock","10":"taxable","11":"shipping-taxable","12":"purchasable","13":"product-type-simple"},"acf":[],"_links":{"self":[{"href":"https:\/\/autoescuelabalmaseda.com\/es\/wp-json\/wp\/v2\/product\/3472","targetHints":{"allow":["GET"]}}],"collection":[{"href":"https:\/\/autoescuelabalmaseda.com\/es\/wp-json\/wp\/v2\/product"}],"about":[{"href":"https:\/\/autoescuelabalmaseda.com\/es\/wp-json\/wp\/v2\/types\/product"}],"wp:featuredmedia":[{"embeddable":true,"href":"https:\/\/autoescuelabalmaseda.com\/es\/wp-json\/wp\/v2\/media\/3163"}],"wp:attachment":[{"href":"https:\/\/autoescuelabalmaseda.com\/es\/wp-json\/wp\/v2\/media?parent=3472"}],"wp:term":[{"taxonomy":"product_cat","embeddable":true,"href":"https:\/\/autoescuelabalmaseda.com\/es\/wp-json\/wp\/v2\/product_cat?post=3472"},{"taxonomy":"product_tag","embeddable":true,"href":"https:\/\/autoescuelabalmaseda.com\/es\/wp-json\/wp\/v2\/product_tag?post=3472"}],"curies":[{"name":"wp","href":"https:\/\/api.w.org\/{rel}","templated":true}]}}