{"id":3475,"date":"2015-05-28T10:06:41","date_gmt":"2015-05-28T10:06:41","guid":{"rendered":"https:\/\/autoescuelabalmaseda.com\/es\/?post_type=product&#038;p=3475"},"modified":"2024-10-15T20:11:58","modified_gmt":"2024-10-15T18:11:58","slug":"permiso-c","status":"publish","type":"product","link":"https:\/\/autoescuelabalmaseda.com\/es\/producto\/permiso-c\/","title":{"rendered":"PERMISO C"},"content":{"rendered":"<h5>EDAD M\u00cdNIMA <\/h5>\n<p>18 \u00f3 21 a\u00f1os <\/li>\n<p><\/p>\n<h5>PRUEBAS A REALIZAR<\/h5>\n<ul class=\"lista\">\n<li> Con B \u00f3 BTP: Espec\u00edfico, destreza y circulaci\u00f3n<\/li>\n<p><\/p>\n<li> Con C1: Destreza y circulaci\u00f3n<\/li>\n<p>\n     <\/ul>\n","protected":false},"excerpt":{"rendered":"<h5>AUTORIZA A CONDUCIR<\/h5>\n<ul class=\"lista\">\n<li> Autom\u00f3viles cuya masa m\u00e1xima autorizada exceda de 3.500 kg. Puede llevar enganchado un remolque de masa m\u00e1xima autorizada hasta 750 kg. y cuyo n\u00famero de asientos no exceda de nueve, incluido el del conductor.<\/li>\n<p><\/p>\n<li> El permiso se puede obtener a partir de los 18 a\u00f1os con certificado de aptitud profesional, o 21 a\u00f1os sin certificado. Hay que ser titular del permiso B.<\/li>\n<p>\n  <\/ul>\n<h5>EL PRECIO INCLUYE<\/h5>\n<ul class=\"lista\">\n<li> Libro <\/li>\n<p><\/p>\n<li> Claves para hacer test por Internet <\/li>\n<p><\/p>\n<li> 3 Clases pr\u00e1cticas de maniobras<\/li>\n<p><\/p>\n<li> Exento de IVA (Tasas no incluidas) <\/li>\n<p><\/p>\n<li> OFERTA EXCLUSIVA WEB<\/li>\n<p>\n       <\/ul>\n","protected":false},"featured_media":3168,"template":"","meta":{"_acf_changed":false},"product_cat":[15],"product_tag":[],"class_list":{"0":"post-3475","1":"product","2":"type-product","3":"status-publish","4":"has-post-thumbnail","6":"product_cat-uncategorized","8":"first","9":"instock","10":"taxable","11":"shipping-taxable","12":"purchasable","13":"product-type-simple"},"acf":[],"_links":{"self":[{"href":"https:\/\/autoescuelabalmaseda.com\/es\/wp-json\/wp\/v2\/product\/3475","targetHints":{"allow":["GET"]}}],"collection":[{"href":"https:\/\/autoescuelabalmaseda.com\/es\/wp-json\/wp\/v2\/product"}],"about":[{"href":"https:\/\/autoescuelabalmaseda.com\/es\/wp-json\/wp\/v2\/types\/product"}],"wp:featuredmedia":[{"embeddable":true,"href":"https:\/\/autoescuelabalmaseda.com\/es\/wp-json\/wp\/v2\/media\/3168"}],"wp:attachment":[{"href":"https:\/\/autoescuelabalmaseda.com\/es\/wp-json\/wp\/v2\/media?parent=3475"}],"wp:term":[{"taxonomy":"product_cat","embeddable":true,"href":"https:\/\/autoescuelabalmaseda.com\/es\/wp-json\/wp\/v2\/product_cat?post=3475"},{"taxonomy":"product_tag","embeddable":true,"href":"https:\/\/autoescuelabalmaseda.com\/es\/wp-json\/wp\/v2\/product_tag?post=3475"}],"curies":[{"name":"wp","href":"https:\/\/api.w.org\/{rel}","templated":true}]}}