{"id":3772,"date":"2015-05-29T06:55:11","date_gmt":"2015-05-29T06:55:11","guid":{"rendered":"https:\/\/autoescuelabalmaseda.com\/es\/?post_type=product&#038;p=3772"},"modified":"2024-10-15T20:14:17","modified_gmt":"2024-10-15T18:14:17","slug":"cursos-intensivos","status":"publish","type":"product","link":"https:\/\/autoescuelabalmaseda.com\/es\/producto\/cursos-intensivos\/","title":{"rendered":"CURSOS INTENSIVOS"},"content":{"rendered":"<h5>PRUEBAS A REALIZAR<\/h5>\n<ul class=\"lista\">\n<li style=\"list-style-type: none;\">\n<ul class=\"lista\">\n<li>Ex\u00e1men te\u00f3rico (en caso de no ser titular del Permiso A1, A2 o A)<\/li>\n<\/ul>\n<\/li>\n<\/ul>\n<p>&nbsp;<\/p>\n<ul class=\"lista\">\n<li>Ex\u00e1men de circulaci\u00f3n<\/li>\n<\/ul>\n<p>[gap height=\u00bb20&#8243;]<\/p>\n<h5>EL PRECIO INCLUYE<\/h5>\n<ul class=\"lista\">\n<li style=\"list-style-type: none;\">\n<ul class=\"lista\">\n<li>20H. Te\u00f3ricas presenciales<\/li>\n<\/ul>\n<\/li>\n<\/ul>\n<p>&nbsp;<\/p>\n<ul class=\"lista\">\n<li style=\"list-style-type: none;\">\n<ul class=\"lista\">\n<li>3 Clases pr\u00e1cticas de 45 minutos<\/li>\n<\/ul>\n<\/li>\n<\/ul>\n<p>&nbsp;<\/p>\n<ul class=\"lista\">\n<li style=\"list-style-type: none;\">\n<ul class=\"lista\">\n<li>Claves para hacer test por internet<\/li>\n<\/ul>\n<\/li>\n<\/ul>\n<p>&nbsp;<\/p>\n<ul class=\"lista\">\n<li>IVA Incluido (tasas de ex\u00e1men no incluidas)<\/li>\n<\/ul>\n<p>[gap height=\u00bb15&#8243;]<br \/>\n[button size=\u00bbmedium\u00bb link=\u00bbhttps:\/\/autoescuelabalmaseda.com\/es\/contacta\/\u00bb color=\u00bbalternative-1&#8243;]SOLICITA INFORMACI\u00d3N SIN COMPROMISO[\/button]<br \/>\n[button size=\u00bbmedium\u00bb link=\u00bbhttps:\/\/autoescuelabalmaseda.com\/es\/centros-y-fechas-cursos-intensivos\/\u00bb color=\u00bbalternative-1&#8243;]CONSULTA NUESTROS CENTROS Y FECHAS[\/button]<br \/>\n[gap height=\u00bb10&#8243;]<\/p>\n","protected":false},"excerpt":{"rendered":"<h3>PERMISO B<\/h3>\n<h5>AUTORIZA<\/h5>\n<p style=\"text-align: justify;\">Autom\u00f3viles veh\u00edculos de 3 ruedas y cuadriciclos cuya masa m\u00e1xima autorizada sea igual o inferior a 3.500Kg y cuyo n\u00famero de asientos, incluyendo el del conductor, no exceda de 9.<br \/>\nVeh\u00edculos para personas con movilidas reducida.<br \/>\nConjunto de veh\u00edculos acoplados compuestos por, un veh\u00edculo tractor de los que autoriza a conducir el permiso de la clase B y un remolque cuya masa m\u00e1xima autorizada exceda de 750Kg, siempre que la masa m\u00e1xima autorizada del conjunto no exceda d 4.250Kg.<br \/>\nVeh\u00edculos especiales agr\u00edcolas autopropulsados o sus conjuntos sin ninguna retricci\u00f3n.<br \/>\nVeh\u00edculos especiales no agr\u00edcolas o sus conjuntos cuya velocidad m\u00e1xima autorizada no exceda de 40Km\/h y su masa m\u00e1xima autorizada no exceda de 3.500Kg.<\/p>\n","protected":false},"featured_media":3200,"template":"","meta":{"_acf_changed":false},"product_cat":[15],"product_tag":[],"class_list":{"0":"post-3772","1":"product","2":"type-product","3":"status-publish","4":"has-post-thumbnail","6":"product_cat-uncategorized","8":"first","9":"instock","10":"taxable","11":"shipping-taxable","12":"purchasable","13":"product-type-simple"},"acf":[],"_links":{"self":[{"href":"https:\/\/autoescuelabalmaseda.com\/es\/wp-json\/wp\/v2\/product\/3772","targetHints":{"allow":["GET"]}}],"collection":[{"href":"https:\/\/autoescuelabalmaseda.com\/es\/wp-json\/wp\/v2\/product"}],"about":[{"href":"https:\/\/autoescuelabalmaseda.com\/es\/wp-json\/wp\/v2\/types\/product"}],"wp:featuredmedia":[{"embeddable":true,"href":"https:\/\/autoescuelabalmaseda.com\/es\/wp-json\/wp\/v2\/media\/3200"}],"wp:attachment":[{"href":"https:\/\/autoescuelabalmaseda.com\/es\/wp-json\/wp\/v2\/media?parent=3772"}],"wp:term":[{"taxonomy":"product_cat","embeddable":true,"href":"https:\/\/autoescuelabalmaseda.com\/es\/wp-json\/wp\/v2\/product_cat?post=3772"},{"taxonomy":"product_tag","embeddable":true,"href":"https:\/\/autoescuelabalmaseda.com\/es\/wp-json\/wp\/v2\/product_tag?post=3772"}],"curies":[{"name":"wp","href":"https:\/\/api.w.org\/{rel}","templated":true}]}}