{"id":4763,"date":"2016-06-27T08:51:04","date_gmt":"2016-06-27T08:51:04","guid":{"rendered":"https:\/\/autoescuelabalmaseda.com\/es\/?post_type=product&#038;p=4763"},"modified":"2026-03-24T18:41:22","modified_gmt":"2026-03-24T17:41:22","slug":"bono-10-clases-practicas-b","status":"publish","type":"product","link":"https:\/\/autoescuelabalmaseda.com\/es\/producto\/bono-10-clases-practicas-b\/","title":{"rendered":"Bono de 10 clases pr\u00e1cticas para B"},"content":{"rendered":"<h5>EDAD M\u00cdNIMA<\/h5>\n<p>18 a\u00f1os<\/p>\n<h5>PRUEBAS A REALIZAR<\/h5>\n<ul class=\"lista\">\n<li>Sin ning\u00fan permiso: Te\u00f3rico y circulaci\u00f3n<\/li>\n<\/ul>\n<p>&nbsp;<\/p>\n<ul class=\"lista\">\n<li>Con A-1 \u00f3 A-2: Circulaci\u00f3n<\/li>\n<\/ul>\n<p>&nbsp;<\/p>\n","protected":false},"excerpt":{"rendered":"<h5>AUTORIZA A CONDUCIR<\/h5>\n<ul class=\"lista\">\n<li style=\"list-style-type: none;\">\n<ul class=\"lista\">\n<li>AUTOM\u00d3VILES con una masa m\u00e1xima autorizada igual o inferior a 3.500 kg. Dichos autom\u00f3viles podr\u00e1n llevar enganchado un remolque cuya masa m\u00e1xima autorizada no exceda de 750 kg.<\/li>\n<\/ul>\n<\/li>\n<\/ul>\n<p>&nbsp;<\/p>\n<ul class=\"lista\">\n<li style=\"list-style-type: none;\">\n<ul class=\"lista\">\n<li>Veh\u00edculos especiales agr\u00edcolas autopropulsados o sus conjuntos sin ninguna restricci\u00f3n.<\/li>\n<\/ul>\n<\/li>\n<\/ul>\n<p>&nbsp;<\/p>\n<h5>EL PRECIO INCLUYE<\/h5>\n<ul class=\"lista\">\n<li>10 clases pr\u00e1cticas<\/li>\n<\/ul>\n<p>&nbsp;<\/p>\n<ul class=\"lista\">\n<li>IVA Incluido (Tasas no incluidas)<\/li>\n<\/ul>\n<p>&nbsp;<\/p>\n<ul class=\"lista\">\n<li>OFERTA EXCLUSIVA WEB<\/li>\n<\/ul>\n<p>&nbsp;<\/p>\n","protected":false},"featured_media":4759,"template":"","meta":{"_acf_changed":false},"product_cat":[15],"product_tag":[],"class_list":{"0":"post-4763","1":"product","2":"type-product","3":"status-publish","4":"has-post-thumbnail","6":"product_cat-uncategorized","8":"first","9":"instock","10":"taxable","11":"shipping-taxable","12":"purchasable","13":"product-type-simple"},"acf":[],"_links":{"self":[{"href":"https:\/\/autoescuelabalmaseda.com\/es\/wp-json\/wp\/v2\/product\/4763","targetHints":{"allow":["GET"]}}],"collection":[{"href":"https:\/\/autoescuelabalmaseda.com\/es\/wp-json\/wp\/v2\/product"}],"about":[{"href":"https:\/\/autoescuelabalmaseda.com\/es\/wp-json\/wp\/v2\/types\/product"}],"wp:featuredmedia":[{"embeddable":true,"href":"https:\/\/autoescuelabalmaseda.com\/es\/wp-json\/"}],"wp:attachment":[{"href":"https:\/\/autoescuelabalmaseda.com\/es\/wp-json\/wp\/v2\/media?parent=4763"}],"wp:term":[{"taxonomy":"product_cat","embeddable":true,"href":"https:\/\/autoescuelabalmaseda.com\/es\/wp-json\/wp\/v2\/product_cat?post=4763"},{"taxonomy":"product_tag","embeddable":true,"href":"https:\/\/autoescuelabalmaseda.com\/es\/wp-json\/wp\/v2\/product_tag?post=4763"}],"curies":[{"name":"wp","href":"https:\/\/api.w.org\/{rel}","templated":true}]}}