{"id":8131,"date":"2024-03-06T18:54:27","date_gmt":"2024-03-06T18:54:27","guid":{"rendered":"https:\/\/autoescuelabalmaseda.com\/es\/producto\/curso-iniciacion-de-conduccion-con-caravanas\/"},"modified":"2024-03-06T18:54:27","modified_gmt":"2024-03-06T18:54:27","slug":"curso-iniciacion-de-conduccion-con-caravanas","status":"publish","type":"product","link":"https:\/\/autoescuelabalmaseda.com\/es\/producto\/curso-iniciacion-de-conduccion-con-caravanas\/","title":{"rendered":"CURSO DE INICIACI\u00d3N DE CONDUCCI\u00d3N CON CARAVANAS"},"content":{"rendered":"<h5>REQUISITOS<\/h5>\n<p>Permiso B<\/p>\n<h5>PRUEBAS A REALIZAR<\/h5>\n<ul class=\"lista\">\n<ul class=\"lista\">\n<li>Enganche y desenganche<\/li>\n<\/ul>\n<\/ul>\n<p>&nbsp;<\/p>\n<ul class=\"lista\">\n<ul class=\"lista\">\n<li>Maniobras marcha atr\u00e1s (L)<\/li>\n<\/ul>\n<\/ul>\n<p>&nbsp;<\/p>\n<ul class=\"lista\">\n<ul class=\"lista\">\n<li>Estacionamiento en camping<\/li>\n<\/ul>\n<\/ul>\n<p>&nbsp;<\/p>\n<ul class=\"lista\">\n<ul class=\"lista\">\n<li>Circulaci\u00f3n por v\u00edas urbanas e interurbanas<\/li>\n<\/ul>\n<\/ul>\n<p>&nbsp;<\/p>\n","protected":false},"excerpt":{"rendered":"<h5>EL PRECIO INCLUYE<\/h5>\n<ul class=\"lista\">\n<ul class=\"lista\">\n<li>Libro<\/li>\n<\/ul>\n<\/ul>\n<p>&nbsp;<\/p>\n<ul class=\"lista\">\n<ul class=\"lista\">\n<li>Gu\u00eda pr\u00e1ctica<\/li>\n<\/ul>\n<\/ul>\n<p>&nbsp;<\/p>\n<ul class=\"lista\">\n<ul class=\"lista\">\n<li>2 horas de maniobras pr\u00e1cticas<\/li>\n<\/ul>\n<\/ul>\n<p>&nbsp;<\/p>\n<ul class=\"lista\">\n<ul class=\"lista\">\n<li>1 hora de conducci\u00f3n por v\u00edas p\u00fablicas<\/li>\n<\/ul>\n<\/ul>\n","protected":false},"featured_media":8092,"template":"","meta":{"_acf_changed":false},"product_cat":[],"product_tag":[],"class_list":{"0":"post-8131","1":"product","2":"type-product","3":"status-publish","4":"has-post-thumbnail","7":"first","8":"instock","9":"taxable","10":"shipping-taxable","11":"purchasable","12":"product-type-simple"},"acf":[],"_links":{"self":[{"href":"https:\/\/autoescuelabalmaseda.com\/es\/wp-json\/wp\/v2\/product\/8131","targetHints":{"allow":["GET"]}}],"collection":[{"href":"https:\/\/autoescuelabalmaseda.com\/es\/wp-json\/wp\/v2\/product"}],"about":[{"href":"https:\/\/autoescuelabalmaseda.com\/es\/wp-json\/wp\/v2\/types\/product"}],"wp:featuredmedia":[{"embeddable":true,"href":"https:\/\/autoescuelabalmaseda.com\/es\/wp-json\/"}],"wp:attachment":[{"href":"https:\/\/autoescuelabalmaseda.com\/es\/wp-json\/wp\/v2\/media?parent=8131"}],"wp:term":[{"taxonomy":"product_cat","embeddable":true,"href":"https:\/\/autoescuelabalmaseda.com\/es\/wp-json\/wp\/v2\/product_cat?post=8131"},{"taxonomy":"product_tag","embeddable":true,"href":"https:\/\/autoescuelabalmaseda.com\/es\/wp-json\/wp\/v2\/product_tag?post=8131"}],"curies":[{"name":"wp","href":"https:\/\/api.w.org\/{rel}","templated":true}]}}